{"id":8077,"date":"2024-09-18T20:02:41","date_gmt":"2024-09-18T20:02:41","guid":{"rendered":"https:\/\/www.vetron.net\/en\/?page_id=8077"},"modified":"2025-11-04T13:09:26","modified_gmt":"2025-11-04T13:09:26","slug":"golfinginaether-tos","status":"publish","type":"page","link":"https:\/\/www.vetron.net\/tr\/golfinginaether-tos\/","title":{"rendered":"Hizmet \u015eartlar\u0131"},"content":{"rendered":"\n<p>Bu Hizmet \u015eartlar\u0131 (&#8220;\u015eartlar&#8221;), &#8220;Vetron&#8221; adl\u0131 \u015fah\u0131s i\u015fletmesi taraf\u0131ndan &#8220;Golfing in Aether&#8221; kullan\u0131m\u0131n\u0131z\u0131 d\u00fczenler. Golfing in Aether&#8217;e eri\u015ferek veya kullanarak, bu \u015eartlara ba\u011fl\u0131 kalmay\u0131 kabul etmi\u015f olursunuz. \u015eartlar\u0131n herhangi bir b\u00f6l\u00fcm\u00fcn\u00fc kabul etmiyorsan\u0131z, Golfing in Aether&#8217;e eri\u015femezsiniz.<\/p>\n\n\n\n<div class=\"wp-block-wpm-language-switcher\"><select class=\"wpm-language-switcher wpm-switcher-select\" title=\"Language Switcher\"><option value=\"en\" data-lang=\"en\">English<\/option><option value=\"ja\" data-lang=\"ja\">\u65e5\u672c\u8a9e<\/option><option value=\"fr\" data-lang=\"fr\">Fran\u00e7ais<\/option><option value=\"de\" data-lang=\"de\">Deutsch<\/option><option value=\"es\" data-lang=\"es\">Espa\u00f1ol<\/option><option value=\"pt\" data-lang=\"pt\">Portugu\u00eas<\/option><option value=\"it\" data-lang=\"it\">Italiano<\/option><option value=\"tr\" data-lang=\"tr\" selected>T\u00fcrk\u00e7e<\/option><\/select><\/div>\n\n\n\n<h2 class=\"wp-block-heading\">1. Eri\u015fim ve Kullan\u0131m<\/h2>\n\n\n\n<p>&#8220;Golfing in Aether&#8221;e ek bir hesap olu\u015fturmadan veya herhangi bir hesap ba\u011flama s\u00fcrecinden ge\u00e7meden eri\u015febilir ve kullanabilirsiniz.<\/p>\n\n\n\n<p>\u0130zin veren platformlarda, dilerseniz hesab\u0131n\u0131z\u0131 ba\u011flayarak platformlar aras\u0131nda kal\u0131c\u0131 oyuncu istatistikleri ve arkada\u015f listesi olu\u015fturabilirsiniz. Ancak, platformlar aras\u0131 oyun ve i\u015flevsellik, hesap ba\u011flamaya gerek kalmadan tam olarak \u00e7al\u0131\u015f\u0131r.<\/p>\n\n\n\n<p>Sat\u0131n al\u0131mlar, sat\u0131n alma i\u015flemini ger\u00e7ekle\u015ftirdi\u011finiz platforma veya ma\u011fazaya ba\u011fl\u0131d\u0131r. Di\u011fer ma\u011fazalar i\u00e7in transferleri kolayla\u015ft\u0131ramaz veya &#8220;anahtar&#8221; veya e\u015fde\u011ferini sa\u011flayamay\u0131z. Bu Hizmet \u015eartlar\u0131, oyunu sat\u0131n ald\u0131\u011f\u0131n\u0131z ma\u011faza veya platform taraf\u0131ndan uygulanan herhangi bir eri\u015fim veya kullan\u0131m k\u0131s\u0131tlamas\u0131ndan sizi muaf tutmaz.<\/p>\n\n\n\n<h2 class=\"wp-block-heading\">2. Davran\u0131\u015f kodu<\/h2>\n\n\n\n<p>Oyun i\u00e7indeki davran\u0131\u015flar\u0131n\u0131z\u0131 d\u00fczenleyen &#8220;Golfing in Aether&#8221; Davran\u0131\u015f Kurallar\u0131&#8217;na uymay\u0131 kabul edersiniz. Bu, hile yapmaktan, sald\u0131rgan olmaktan ve h\u0131zl\u0131 sohbet \u00f6zelli\u011fini spamlamaktan ka\u00e7\u0131nmay\u0131 gerektirir.<\/p>\n\n\n\n<h3 class=\"wp-block-heading\">2.1. Sald\u0131rgan<\/h3>\n\n\n\n<p>Kendinizi nas\u0131l ifade etti\u011finizden siz sorumlusunuz. Ba\u015fl\u0131klar\u0131m\u0131zda sesli veya yaz\u0131l\u0131 sohbet kullan\u0131lmasa da, bu politika oyuncu adlar\u0131 i\u00e7in de ge\u00e7erlidir. Ba\u015fkalar\u0131n\u0131 rahats\u0131z edebilecek veya kaba olabilecek bir dile izin vermiyoruz. Bunu s\u0131n\u0131rlamak i\u00e7in k\u00fcf\u00fcr kontrol\u00fc mevcuttur.<\/p>\n\n\n\n<h4 class=\"wp-block-heading\">Sonu\u00e7lar:<\/h4>\n\n\n\n<ul class=\"wp-block-list\">\n<li>K\u00fcf\u00fcr kontrollerini tekrar tekrar a\u015fma giri\u015fimleri, uygun g\u00f6r\u00fcld\u00fc\u011f\u00fc takdirde hesap k\u0131s\u0131tlamalar\u0131na yol a\u00e7abilir.<\/li>\n\n\n\n<li>Nefret s\u00f6ylemi ve ayr\u0131mc\u0131 dil gibi ciddi durumlar, kendi denetim \u00e7al\u0131\u015fmalar\u0131 i\u00e7in ilgili ma\u011fazalara ve platformlara bildirilecektir.<\/li>\n<\/ul>\n\n\n\n<h3 class=\"wp-block-heading\">2.2. Hile<\/h3>\n\n\n\n<p>Oyun d\u00fcnyas\u0131nda kendinizin ve hesab\u0131n\u0131z\u0131n nas\u0131l temsil edilece\u011finden siz sorumlusunuz. Hile programlar\u0131 kullanmak veya oyun program\u0131n\u0131 herhangi bir \u015fekilde de\u011fi\u015ftirmek kesinlikle yasakt\u0131r.<\/p>\n\n\n\n<h4 class=\"wp-block-heading\">Sonu\u00e7lar:<\/h4>\n\n\n\n<ul class=\"wp-block-list\">\n<li>Hile faaliyetlerinde bulunulmas\u0131 durumunda hesap k\u0131s\u0131tlamalar\u0131 uygulanacakt\u0131r.<\/li>\n\n\n\n<li>Raporlar, oynanan belirli hesap platformuyla payla\u015f\u0131labilir ve burada belirli bir davran\u0131\u015f kurallar\u0131 politikas\u0131 bu konuyu ele al\u0131r.<\/li>\n<\/ul>\n\n\n\n<h3 class=\"wp-block-heading\">2.3. <strong>Spam g\u00f6nderme<\/strong><\/h3>\n\n\n\n<p>Ba\u015fl\u0131klar\u0131m\u0131zda sesli veya yaz\u0131l\u0131 sohbet kullan\u0131lmazken, H\u0131zl\u0131 Sohbet \u00f6zelli\u011fini a\u015f\u0131r\u0131 ve tekrarl\u0131 \u015fekilde spamlamak yasakt\u0131r.<\/p>\n\n\n\n<h4 class=\"wp-block-heading\">Sonu\u00e7lar:<\/h4>\n\n\n\n<ul class=\"wp-block-list\">\n<li>Mevcut oyun limitlerini tekrar tekrar a\u015fma giri\u015fimleri, uygun g\u00f6r\u00fcld\u00fc\u011f\u00fc takdirde hesap k\u0131s\u0131tlamalar\u0131na yol a\u00e7abilir.<\/li>\n<\/ul>\n\n\n\n<h3 class=\"wp-block-heading\">2.4. <strong>Ek Notlar<\/strong>:<\/h3>\n\n\n\n<ul class=\"wp-block-list\">\n<li>Sosyal men\u00fcde bulunan oyun i\u00e7i oyuncu raporlama \u00f6zelli\u011fini kullanarak g\u00fcvenli ve misafirperver bir ortam\u0131 korumam\u0131za yard\u0131mc\u0131 olun.<\/li>\n\n\n\n<li>Genel olarak ileti\u015fimi kesmek ve oturumlar\u0131n\u0131za kat\u0131lmalar\u0131n\u0131 engellemek i\u00e7in bir oyuncuyu engelleme listenize ekleyerek an\u0131nda kendi kendinizi denetleyebilirsiniz.<\/li>\n\n\n\n<li>Oynad\u0131\u011f\u0131n\u0131z platformun davran\u0131\u015f kurallar\u0131 politikas\u0131n\u0131 da mutlaka okuyun.<\/li>\n<\/ul>\n\n\n\n<h2 class=\"wp-block-heading\">3. Mahremiyet<\/h2>\n\n\n\n<p>L\u00fctfen verilerinizin tam kullan\u0131m\u0131n\u0131 a\u00e7\u0131klayan Gizlilik Politikam\u0131z\u0131 inceleyin.<\/p>\n\n\n\n<h3 class=\"wp-block-heading\">3.1. Nerede bulunuyoruz?<\/h3>\n\n\n\n<p>Vetron, Birle\u015fik Krall\u0131k merkezlidir. D\u00fcnya \u00e7ap\u0131nda \u00e7e\u015fitli \u00fclkelerde da\u011f\u0131t\u0131m ve servis ortaklar\u0131m\u0131z bulunmaktad\u0131r. Bu gizlilik politikas\u0131, oyunlar\u0131m\u0131z\u0131 da\u011f\u0131tt\u0131\u011f\u0131m\u0131z ve \u00e7al\u0131\u015ft\u0131rd\u0131\u011f\u0131m\u0131z sa\u011flay\u0131c\u0131lar arac\u0131l\u0131\u011f\u0131yla veya bu sa\u011flay\u0131c\u0131larla ba\u011flant\u0131l\u0131 olarak bilgi toplama, kullanma ve payla\u015fma \u015fekillerimizi (ve payla\u015fmad\u0131klar\u0131m\u0131z\u0131) a\u00e7\u0131klamaktad\u0131r.<\/p>\n\n\n\n<h3 class=\"wp-block-heading\">3.2. Hangi bilgileri topluyoruz?<\/h3>\n\n\n\n<p>Oyun i\u00e7i ortama \u00f6zg\u00fc i\u015flemlerin \u00f6tesinde kendimiz bilgi toplam\u0131yor veya saklam\u0131yoruz veya herhangi bir \u015fekilde i\u015flemiyoruz. \u0130\u015fledi\u011fimiz t\u00fcm bilgiler yaln\u0131zca oyun i\u00e7i i\u015flemleri ve belirli platformun \u00e7e\u015fitli oyun hizmetlerine ba\u011flant\u0131lar\u0131 kolayla\u015ft\u0131rmak i\u00e7in kullan\u0131l\u0131r. Bu s\u00fcre\u00e7te kulland\u0131\u011f\u0131m\u0131z bilgilerin baz\u0131lar\u0131 a\u015fa\u011f\u0131da \u00f6zetlenmi\u015ftir:<\/p>\n\n\n\n<ul class=\"wp-block-list\">\n<li>Benzersiz hesap veya platform tan\u0131mlay\u0131c\u0131n\u0131z (\u00f6rne\u011fin, temel platform veya hizmet i\u015flemlerini y\u00f6netmek i\u00e7in).<\/li>\n\n\n\n<li>Mevcut genel g\u00f6r\u00fcnen ad\u0131n\u0131z (\u00f6rne\u011fin, profilinizin bir par\u00e7as\u0131 olarak oyun i\u00e7inde g\u00f6r\u00fcnt\u00fclenmek ve \u00e7ok oyunculu bir oturumun par\u00e7as\u0131 olarak di\u011fer kullan\u0131c\u0131larla payla\u015f\u0131lmak \u00fczere).<\/li>\n\n\n\n<li>Dil tercihleri \u200b\u200b(\u00f6rne\u011fin, oyun i\u00e7inde hangi yerelle\u015ftirmeyi ayarlayaca\u011f\u0131m\u0131z\u0131 bilmemiz i\u00e7in).<\/li>\n\n\n\n<li>Arkada\u015f listesi (\u00f6rne\u011fin, \u00e7evrimi\u00e7i bir oturuma davetleri y\u00f6netmek i\u00e7in).<\/li>\n\n\n\n<li>IP Adresiniz (\u00f6rne\u011fin, \u00e7evrimi\u00e7i oturumlar olu\u015fturmak veya kat\u0131lmak i\u00e7in).<\/li>\n\n\n\n<li>\u00dclke (\u00f6rne\u011fin, teklifleri belirli para biriminizde ve b\u00f6lgenizde g\u00f6r\u00fcnt\u00fclemek i\u00e7in).<\/li>\n<\/ul>\n\n\n\n<h3 class=\"wp-block-heading\">3.3. <strong>Bu bilgiyi nas\u0131l payla\u015f\u0131yoruz?<\/strong><\/h3>\n\n\n\n<p>Baz\u0131 bilgiler, oyunu da\u011f\u0131tt\u0131\u011f\u0131m\u0131z hizmetler ve platformlar arac\u0131l\u0131\u011f\u0131yla di\u011fer kullan\u0131c\u0131lar veya kurulu\u015flarla payla\u015f\u0131labilir. Bu, yaln\u0131zca a\u015fa\u011f\u0131da \u00f6rneklerini verdi\u011fimiz oyun i\u00e7i i\u015flemleri kolayla\u015ft\u0131rmak i\u00e7indir. Bu bilgiler hi\u00e7bir zaman kendi sunucular\u0131m\u0131z arac\u0131l\u0131\u011f\u0131yla payla\u015f\u0131lmaz ve hi\u00e7bir yerde kendimiz depolamaz veya toplamay\u0131z.<\/p>\n\n\n\n<ul class=\"wp-block-list\">\n<li>Di\u011fer kullan\u0131c\u0131larla (\u00f6rne\u011fin, \u00e7ok oyunculu oturumlar olu\u015fturmak ve kat\u0131lmak gibi oyun oynamay\u0131 kolayla\u015ft\u0131rmak i\u00e7in).<\/li>\n\n\n\n<li>Konsol ve platform ortaklar\u0131yla (\u00f6rne\u011fin, platforma \u00f6zel bir oturum a\u00e7ma yoluyla hizmetlere eri\u015fti\u011finizde oyun oynamay\u0131 kolayla\u015ft\u0131rmak i\u00e7in).<\/li>\n\n\n\n<li>Herkese a\u00e7\u0131k olarak (\u00f6rne\u011fin, g\u00f6r\u00fcnen ad\u0131n\u0131z, liderlik tablosu puanlar\u0131 gibi temel oyun istatistikleri ve di\u011fer benzer bilgiler genel olarak ba\u015fkalar\u0131 taraf\u0131ndan eri\u015filebilir olacakt\u0131r).<\/li>\n<\/ul>\n\n\n\n<h3 class=\"wp-block-heading\">3.4. Peki ya pazarlama?<\/h3>\n\n\n\n<p>Kullan\u0131c\u0131lara \u00f6rne\u011fin bir b\u00fclten arac\u0131l\u0131\u011f\u0131yla do\u011frudan ileti\u015fim sa\u011flam\u0131yoruz, bu nedenle hi\u00e7bir zaman sizden e-posta adresinizi veya sizinle ileti\u015fim kurman\u0131n ba\u015fka yollar\u0131n\u0131 istemeyece\u011fiz. Oyunlar\u0131m\u0131zla ilgili t\u00fcm haberler veya pazarlama faaliyetleri sosyal medya platformlar\u0131 ve oyun ma\u011fazalar\u0131 arac\u0131l\u0131\u011f\u0131yla yay\u0131nlanmaktad\u0131r.<\/p>\n\n\n\n<p>Yukar\u0131da belirtildi\u011fi gibi, hi\u00e7bir ki\u015fisel bilgi toplam\u0131yor veya saklam\u0131yoruz. Bu, bilgilerinizi \u00fc\u00e7\u00fcnc\u00fc taraflara satmayaca\u011f\u0131m\u0131z veya pazarlama faaliyetlerinin bir par\u00e7as\u0131 olarak kullanmayaca\u011f\u0131m\u0131z anlam\u0131na gelir.<\/p>\n\n\n\n<p>Oyunumuzun ne kadar iyi performans g\u00f6sterdi\u011fini takip etmek i\u00e7in, her ma\u011fazan\u0131n izin verdi\u011fi \u00f6l\u00e7\u00fcde toplu verilere g\u00fcveniyoruz; \u00f6rne\u011fin, oyuncular\u0131n y\u00fczde ka\u00e7\u0131n\u0131n belirli bir ba\u015far\u0131y\u0131 a\u00e7t\u0131\u011f\u0131 gibi. Bu, ki\u015fisel olarak tan\u0131mlanabilir bir bilgi de\u011fildir ve yaln\u0131zca t\u00fcm oyuncu taban\u0131ndan al\u0131nan genel rakamlar\u0131 i\u00e7erir.<\/p>\n\n\n\n<h3 class=\"wp-block-heading\">3.5. \u00c7ocuklar\u0131n mahremiyetini nas\u0131l ele al\u0131yoruz?<\/h3>\n\n\n\n<p>Oyunlar\u0131m\u0131z\u0131 da\u011f\u0131tt\u0131\u011f\u0131m\u0131z platformlar, 13 ya\u015f\u0131n alt\u0131ndaki ki\u015filerin hesap olu\u015fturmas\u0131na izin vermemektedir. Herhangi bir ya\u015f grubundan ki\u015filerin bilgilerini saklam\u0131yoruz ve bu durum \u00e7ocuklar i\u00e7in de ge\u00e7erlidir.<\/p>\n\n\n\n<p>Oyunlar\u0131m\u0131z 13 ya\u015f ve alt\u0131 i\u00e7in uygun derecelendirmelere sahip olsa da, \u00e7ocuklara y\u00f6nelik veya onlara pazarlanmam\u0131\u015ft\u0131r.<\/p>\n\n\n\n<h3 class=\"wp-block-heading\">3.6. Ek Notlar ve G\u00fcncellemeler<\/h3>\n\n\n\n<p>Oyunlar\u0131m\u0131z ve bunlar\u0131n sat\u0131ld\u0131\u011f\u0131 ilgili web siteleri, ba\u015fka sitelere ba\u011flant\u0131lar i\u00e7erebilir; bu web sitelerinin gizlilik uygulamalar\u0131ndan veya i\u00e7eriklerinden sorumlu de\u011filiz.<\/p>\n\n\n\n<p>Vetron, bu Gizlilik Politikas\u0131n\u0131 zaman zaman g\u00fcncelleyecektir. G\u00fcncelledi\u011fimizde, politikan\u0131n \u00fcst k\u0131sm\u0131nda belirtilen tarihi de\u011fi\u015ftirece\u011fiz. Vetron ile ili\u015fkinizi ve bilgilerinizi nas\u0131l i\u015fleyebilece\u011fimizi anlad\u0131\u011f\u0131n\u0131zdan emin olmak i\u00e7in l\u00fctfen bu politikay\u0131 d\u00fczenli olarak inceleyin.<\/p>\n\n\n\n<h2 class=\"wp-block-heading\"><strong>4. Y\u00fcr\u00fcrl\u00fckteki Kanun<\/strong><\/h2>\n\n\n\n<p>Bu h\u00fck\u00fcm ve ko\u015fullar, \u0130ngiltere ve Galler yasalar\u0131na tabi olacak ve bu yasalara g\u00f6re yorumlanacakt\u0131r. Bu h\u00fck\u00fcm ve ko\u015fullar kapsam\u0131nda ortaya \u00e7\u0131kabilecek her t\u00fcrl\u00fc ihtilaf, \u0130ngiltere ve Galler mahkemelerinin m\u00fcnhas\u0131r yarg\u0131 yetkisine tabi olacakt\u0131r.<\/p>\n\n\n\n<h2 class=\"wp-block-heading\">Bize Ula\u015f\u0131n<\/h2>\n\n\n\n<p>Herhangi bir sorunuz varsa <a href=\"mailto:support@vetron.net\">support@vetron.net<\/a> adresinden do\u011frudan bizimle ileti\u015fime ge\u00e7ebilirsiniz.<\/p>\n\n\n\n<p><\/p>\n","protected":false},"excerpt":{"rendered":"<p>Bu Hizmet \u015eartlar\u0131 (&#8220;\u015eartlar&#8221;), &#8220;Vetron&#8221; adl\u0131 \u015fah\u0131s i\u015fletmesi taraf\u0131ndan &#8220;Golfing in Aether&#8221; kullan\u0131m\u0131n\u0131z\u0131 d\u00fczenler. Golfing in Aether&#8217;e eri\u015ferek veya kullanarak, bu \u015eartlara ba\u011fl\u0131 kalmay\u0131 kabul etmi\u015f olursunuz. \u015eartlar\u0131n herhangi bir b\u00f6l\u00fcm\u00fcn\u00fc kabul etmiyorsan\u0131z, Golfing in<span class=\"more-button\"><a href=\"https:\/\/www.vetron.net\/tr\/golfinginaether-tos\/\" class=\"more-link\">Continue reading<span class=\"screen-reader-text\">Hizmet \u015eartlar\u0131<\/span><i class=\"fa fa-angle-right\" aria-hidden=\"true\"><\/i><\/a><\/span><\/p>\n","protected":false},"author":1,"featured_media":0,"parent":0,"menu_order":0,"comment_status":"closed","ping_status":"closed","template":"","meta":{"footnotes":""},"class_list":["post-8077","page","type-page","status-publish","hentry"],"_links":{"self":[{"href":"https:\/\/www.vetron.net\/tr\/wp-json\/wp\/v2\/pages\/8077","targetHints":{"allow":["GET"]}}],"collection":[{"href":"https:\/\/www.vetron.net\/tr\/wp-json\/wp\/v2\/pages"}],"about":[{"href":"https:\/\/www.vetron.net\/tr\/wp-json\/wp\/v2\/types\/page"}],"author":[{"embeddable":true,"href":"https:\/\/www.vetron.net\/tr\/wp-json\/wp\/v2\/users\/1"}],"replies":[{"embeddable":true,"href":"https:\/\/www.vetron.net\/tr\/wp-json\/wp\/v2\/comments?post=8077"}],"version-history":[{"count":44,"href":"https:\/\/www.vetron.net\/tr\/wp-json\/wp\/v2\/pages\/8077\/revisions"}],"predecessor-version":[{"id":8567,"href":"https:\/\/www.vetron.net\/tr\/wp-json\/wp\/v2\/pages\/8077\/revisions\/8567"}],"wp:attachment":[{"href":"https:\/\/www.vetron.net\/tr\/wp-json\/wp\/v2\/media?parent=8077"}],"curies":[{"name":"wp","href":"https:\/\/api.w.org\/{rel}","templated":true}]}}