{"id":7682,"date":"2023-08-24T00:11:31","date_gmt":"2023-08-23T23:11:31","guid":{"rendered":"https:\/\/www.vetron.net\/?page_id=7682"},"modified":"2025-11-04T15:03:35","modified_gmt":"2025-11-04T15:03:35","slug":"privacy","status":"publish","type":"page","link":"https:\/\/www.vetron.net\/tr\/privacy\/","title":{"rendered":"Mahremiyet"},"content":{"rendered":"\n<p>Vetron, Birle\u015fik Krall\u0131k merkezlidir. D\u00fcnya \u00e7ap\u0131nda \u00e7e\u015fitli \u00fclkelerde da\u011f\u0131t\u0131m ve servis ortaklar\u0131m\u0131z bulunmaktad\u0131r. Bu gizlilik politikas\u0131, oyunlar\u0131m\u0131z\u0131 da\u011f\u0131tt\u0131\u011f\u0131m\u0131z ve \u00e7al\u0131\u015ft\u0131rd\u0131\u011f\u0131m\u0131z sa\u011flay\u0131c\u0131lar arac\u0131l\u0131\u011f\u0131yla veya bu sa\u011flay\u0131c\u0131larla ba\u011flant\u0131l\u0131 olarak bilgi toplama, kullanma ve payla\u015fma \u015fekillerimizi (ve payla\u015fmad\u0131klar\u0131m\u0131z\u0131) a\u00e7\u0131klamaktad\u0131r.<\/p>\n\n\n\n<p>Son g\u00fcncelleme 24 A\u011fustos 2023.<\/p>\n\n\n\n<h2 class=\"wp-block-heading\">Hangi bilgileri topluyoruz?<\/h2>\n\n\n\n<p>Oyun i\u00e7i ortama \u00f6zg\u00fc i\u015flemlerin \u00f6tesinde kendimiz bilgi toplam\u0131yor veya saklam\u0131yoruz veya herhangi bir \u015fekilde i\u015flemiyoruz. \u0130\u015fledi\u011fimiz t\u00fcm bilgiler yaln\u0131zca oyun i\u00e7i i\u015flemleri ve belirli platformun \u00e7e\u015fitli oyun hizmetlerine ba\u011flant\u0131lar\u0131 kolayla\u015ft\u0131rmak i\u00e7in kullan\u0131l\u0131r. Bu s\u00fcre\u00e7te kulland\u0131\u011f\u0131m\u0131z bilgilerin baz\u0131lar\u0131 a\u015fa\u011f\u0131da \u00f6zetlenmi\u015ftir:<\/p>\n\n\n\n<ul class=\"wp-block-list\">\n<li>Benzersiz hesap veya platform tan\u0131mlay\u0131c\u0131n\u0131z (\u00f6rne\u011fin, temel platform veya hizmet i\u015flemlerini y\u00f6netmek i\u00e7in).<\/li>\n\n\n\n<li>Mevcut genel g\u00f6r\u00fcnen ad\u0131n\u0131z (\u00f6rne\u011fin, profilinizin bir par\u00e7as\u0131 olarak oyun i\u00e7inde g\u00f6r\u00fcnt\u00fclenmek ve \u00e7ok oyunculu bir oturumun par\u00e7as\u0131 olarak di\u011fer kullan\u0131c\u0131larla payla\u015f\u0131lmak \u00fczere).<\/li>\n\n\n\n<li>Dil tercihleri \u200b\u200b(\u00f6rne\u011fin, oyun i\u00e7inde hangi yerelle\u015ftirmeyi ayarlayaca\u011f\u0131m\u0131z\u0131 bilmemiz i\u00e7in).<\/li>\n\n\n\n<li>Arkada\u015f listesi (\u00f6rne\u011fin, \u00e7evrimi\u00e7i bir oturuma davetleri y\u00f6netmek i\u00e7in).<\/li>\n\n\n\n<li>IP Adresiniz (\u00f6rne\u011fin, \u00e7evrimi\u00e7i oturumlar olu\u015fturmak veya kat\u0131lmak i\u00e7in).<\/li>\n\n\n\n<li>\u00dclke (\u00f6rne\u011fin, teklifleri belirli para biriminizde ve b\u00f6lgenizde g\u00f6r\u00fcnt\u00fclemek i\u00e7in).<\/li>\n<\/ul>\n\n\n\n<h2 class=\"wp-block-heading\">Bu bilgiyi nas\u0131l payla\u015f\u0131yoruz?<\/h2>\n\n\n\n<p>Baz\u0131 bilgiler, oyunu da\u011f\u0131tt\u0131\u011f\u0131m\u0131z hizmetler ve platformlar arac\u0131l\u0131\u011f\u0131yla di\u011fer kullan\u0131c\u0131lar veya kurulu\u015flarla payla\u015f\u0131labilir. Bu, yaln\u0131zca a\u015fa\u011f\u0131da \u00f6rneklerini verdi\u011fimiz oyun i\u00e7i i\u015flemleri kolayla\u015ft\u0131rmak i\u00e7indir. Bu bilgiler hi\u00e7bir zaman kendi sunucular\u0131m\u0131z arac\u0131l\u0131\u011f\u0131yla payla\u015f\u0131lmaz ve hi\u00e7bir yerde kendimiz depolamaz veya toplamay\u0131z.<\/p>\n\n\n\n<ul class=\"wp-block-list\">\n<li>Di\u011fer kullan\u0131c\u0131larla (\u00f6rne\u011fin, \u00e7ok oyunculu oturumlar olu\u015fturmak ve kat\u0131lmak gibi oyun oynamay\u0131 kolayla\u015ft\u0131rmak i\u00e7in).<\/li>\n\n\n\n<li>Konsol ve platform ortaklar\u0131yla (\u00f6rne\u011fin, platforma \u00f6zel bir oturum a\u00e7ma yoluyla hizmetlere eri\u015fti\u011finizde oyun oynamay\u0131 kolayla\u015ft\u0131rmak i\u00e7in).<\/li>\n\n\n\n<li>Herkese a\u00e7\u0131k olarak (\u00f6rne\u011fin, g\u00f6r\u00fcnen ad\u0131n\u0131z, liderlik tablosu puanlar\u0131 gibi temel oyun istatistikleri ve di\u011fer benzer bilgiler genellikle ba\u015fkalar\u0131 taraf\u0131ndan eri\u015filebilir olacakt\u0131r).<\/li>\n<\/ul>\n\n\n\n<h2 class=\"wp-block-heading\">Peki ya pazarlama?<\/h2>\n\n\n\n<p>Kullan\u0131c\u0131lara \u00f6rne\u011fin bir b\u00fclten arac\u0131l\u0131\u011f\u0131yla do\u011frudan ileti\u015fim sa\u011flam\u0131yoruz, bu nedenle hi\u00e7bir zaman sizden e-posta adresinizi veya sizinle ileti\u015fim kurman\u0131n ba\u015fka yollar\u0131n\u0131 istemeyece\u011fiz. Oyunlar\u0131m\u0131zla ilgili t\u00fcm haberler veya pazarlama faaliyetleri sosyal medya platformlar\u0131 ve oyun ma\u011fazalar\u0131 arac\u0131l\u0131\u011f\u0131yla yay\u0131nlanmaktad\u0131r.<\/p>\n\n\n\n<p>Yukar\u0131da belirtildi\u011fi gibi, hi\u00e7bir ki\u015fisel bilgi toplam\u0131yor veya saklam\u0131yoruz. Bu, bilgilerinizi \u00fc\u00e7\u00fcnc\u00fc taraflara satmayaca\u011f\u0131m\u0131z veya pazarlama faaliyetlerinin bir par\u00e7as\u0131 olarak kullanmayaca\u011f\u0131m\u0131z anlam\u0131na gelir.<\/p>\n\n\n\n<p>Oyunumuzun ne kadar iyi performans g\u00f6sterdi\u011fini takip etmek i\u00e7in, her ma\u011fazan\u0131n izin verdi\u011fi \u00f6l\u00e7\u00fcde toplu verilere g\u00fcveniyoruz; \u00f6rne\u011fin, oyuncular\u0131n y\u00fczde ka\u00e7\u0131n\u0131n belirli bir ba\u015far\u0131y\u0131 a\u00e7t\u0131\u011f\u0131 gibi. Bu, ki\u015fisel olarak tan\u0131mlanabilir bir bilgi de\u011fildir ve yaln\u0131zca t\u00fcm oyuncu taban\u0131ndan al\u0131nan genel rakamlar\u0131 i\u00e7erir.<\/p>\n\n\n\n<h2 class=\"wp-block-heading\">\u00c7ocuklar\u0131n mahremiyetini nas\u0131l ele al\u0131yoruz?<\/h2>\n\n\n\n<p>Oyunlar\u0131m\u0131z\u0131 da\u011f\u0131tt\u0131\u011f\u0131m\u0131z platformlar, 13 ya\u015f\u0131n alt\u0131ndaki ki\u015filerin hesap olu\u015fturmas\u0131na izin vermemektedir. Herhangi bir ya\u015f grubundan ki\u015filerin bilgilerini saklam\u0131yoruz ve bu durum \u00e7ocuklar i\u00e7in de ge\u00e7erlidir.<\/p>\n\n\n\n<p>Oyunlar\u0131m\u0131z 13 ya\u015f ve alt\u0131 i\u00e7in uygun derecelendirmelere sahip olsa da, \u00e7ocuklara y\u00f6nelik veya onlara pazarlanmam\u0131\u015ft\u0131r.<\/p>\n\n\n\n<h2 class=\"wp-block-heading\">Ek Notlar ve G\u00fcncellemeler<\/h2>\n\n\n\n<p>Oyunlar\u0131m\u0131z ve bunlar\u0131n sat\u0131ld\u0131\u011f\u0131 ilgili web siteleri, ba\u015fka sitelere ba\u011flant\u0131lar i\u00e7erebilir; bu web sitelerinin gizlilik uygulamalar\u0131ndan veya i\u00e7eriklerinden sorumlu de\u011filiz.<\/p>\n\n\n\n<p>Vetron, bu Gizlilik Politikas\u0131n\u0131 zaman zaman g\u00fcncelleyecektir. G\u00fcncelledi\u011fimizde, politikan\u0131n \u00fcst k\u0131sm\u0131nda belirtilen tarihi de\u011fi\u015ftirece\u011fiz. Vetron ile ili\u015fkinizi ve bilgilerinizi nas\u0131l i\u015fleyebilece\u011fimizi anlad\u0131\u011f\u0131n\u0131zdan emin olmak i\u00e7in l\u00fctfen bu politikay\u0131 d\u00fczenli olarak inceleyin.<\/p>\n\n\n\n<h2 class=\"wp-block-heading\">Bize Ula\u015f\u0131n<\/h2>\n\n\n\n<p>Herhangi bir sorunuz varsa <a href=\"mailto:support@vetron.net\">support@vetron.net<\/a> adresinden do\u011frudan bizimle ileti\u015fime ge\u00e7ebilirsiniz.<\/p>\n\n\n\n<div class=\"wp-block-group alignfull\" style=\"padding-top:var(--wp--preset--spacing--40);padding-right:var(--wp--preset--spacing--30);padding-bottom:var(--wp--preset--spacing--40);padding-left:var(--wp--preset--spacing--30)\"><div class=\"wp-block-group__inner-container is-layout-constrained wp-container-core-group-is-layout-a93d0d1d wp-block-group-is-layout-constrained\"><\/div><\/div>\n","protected":false},"excerpt":{"rendered":"<p>Vetron, Birle\u015fik Krall\u0131k merkezlidir. D\u00fcnya \u00e7ap\u0131nda \u00e7e\u015fitli \u00fclkelerde da\u011f\u0131t\u0131m ve servis ortaklar\u0131m\u0131z bulunmaktad\u0131r. Bu gizlilik politikas\u0131, oyunlar\u0131m\u0131z\u0131 da\u011f\u0131tt\u0131\u011f\u0131m\u0131z ve \u00e7al\u0131\u015ft\u0131rd\u0131\u011f\u0131m\u0131z sa\u011flay\u0131c\u0131lar arac\u0131l\u0131\u011f\u0131yla veya bu sa\u011flay\u0131c\u0131larla ba\u011flant\u0131l\u0131 olarak bilgi toplama, kullanma ve payla\u015fma \u015fekillerimizi (ve payla\u015fmad\u0131klar\u0131m\u0131z\u0131)<span class=\"more-button\"><a href=\"https:\/\/www.vetron.net\/tr\/privacy\/\" class=\"more-link\">Continue reading<span class=\"screen-reader-text\">Mahremiyet<\/span><i class=\"fa fa-angle-right\" aria-hidden=\"true\"><\/i><\/a><\/span><\/p>\n","protected":false},"author":1,"featured_media":0,"parent":0,"menu_order":0,"comment_status":"closed","ping_status":"closed","template":"","meta":{"footnotes":""},"class_list":["post-7682","page","type-page","status-publish","hentry"],"_links":{"self":[{"href":"https:\/\/www.vetron.net\/tr\/wp-json\/wp\/v2\/pages\/7682","targetHints":{"allow":["GET"]}}],"collection":[{"href":"https:\/\/www.vetron.net\/tr\/wp-json\/wp\/v2\/pages"}],"about":[{"href":"https:\/\/www.vetron.net\/tr\/wp-json\/wp\/v2\/types\/page"}],"author":[{"embeddable":true,"href":"https:\/\/www.vetron.net\/tr\/wp-json\/wp\/v2\/users\/1"}],"replies":[{"embeddable":true,"href":"https:\/\/www.vetron.net\/tr\/wp-json\/wp\/v2\/comments?post=7682"}],"version-history":[{"count":10,"href":"https:\/\/www.vetron.net\/tr\/wp-json\/wp\/v2\/pages\/7682\/revisions"}],"predecessor-version":[{"id":8574,"href":"https:\/\/www.vetron.net\/tr\/wp-json\/wp\/v2\/pages\/7682\/revisions\/8574"}],"wp:attachment":[{"href":"https:\/\/www.vetron.net\/tr\/wp-json\/wp\/v2\/media?parent=7682"}],"curies":[{"name":"wp","href":"https:\/\/api.w.org\/{rel}","templated":true}]}}