{"id":7198,"date":"2022-12-28T18:54:55","date_gmt":"2022-12-28T18:54:55","guid":{"rendered":"https:\/\/www.vetron.net\/?page_id=7198"},"modified":"2025-11-03T22:19:50","modified_gmt":"2025-11-03T22:19:50","slug":"golfinginaether","status":"publish","type":"page","link":"https:\/\/www.vetron.net\/tr\/golfinginaether\/","title":{"rendered":"Golfing in Aether (2022)"},"content":{"rendered":"\n<figure class=\"wp-block-image size-full\"><img loading=\"lazy\" decoding=\"async\" width=\"2560\" height=\"1440\" src=\"https:\/\/www.vetron.net\/wp-content\/uploads\/2023\/09\/HighresScreenshot00102-scaled-1.jpg\" alt=\"\" class=\"wp-image-7716\" style=\"object-fit:cover\"\/><\/figure>\n\n\n\n<div class=\"wp-block-group is-vertical is-layout-flex wp-container-core-group-is-layout-8cad6afd wp-block-group-is-layout-flex\">\n<p>Golfing in Aether, \u00e7evrimi\u00e7i olarak 16 oyuncuya veya b\u00f6l\u00fcnm\u00fc\u015f ekran \u00fczerinden 4 oyuncuya kadar destek veren \u00e7ok oyunculu bir mini golf oyunudur. Dikkat \u00e7ekici oyun \u00f6zelliklerinden biri, her oynad\u0131\u011f\u0131n\u0131zda farkl\u0131 bir deneyim ya\u015faman\u0131z\u0131 sa\u011flayan rastgele saha d\u00fczenidir.<\/p>\n<\/div>\n\n\n\n<p><\/p>\n\n\n\n<ul class=\"wp-block-list\">\n<li><strong>Geli\u015ftirici:<\/strong> Vetron<\/li>\n\n\n\n<li><strong>Yay\u0131n tarihi:<\/strong> September 23rd, 2022<\/li>\n\n\n\n<li><strong>Platformlar:<\/strong> Steam (Windows, Linux, macOS), Xbox (Windows Store, Xbox One, Xbox Series), PlayStation 5, Nintendo Switch.<\/li>\n\n\n\n<li><strong>Fiyat:<\/strong> 9.99 USD<\/li>\n\n\n\n<li><strong>Kullan\u0131labilirlik:<\/strong> Digital Download<\/li>\n\n\n\n<li><strong>Diller:<\/strong> \u0130ngilizce, Japonca, Frans\u0131zca, Almanca, \u0130spanyolca, Portekizce, \u0130talyanca, T\u00fcrk\u00e7e<\/li>\n\n\n\n<li><strong>Bas\u0131n \u0130leti\u015fimi:<\/strong> press@vetron.net<\/li>\n\n\n\n<li><strong>Web sitesi:<\/strong> www.vetron.net\/en\/golfinginaether<\/li>\n\n\n\n<li><strong>Eri\u015filebilirlik<\/strong>: <a href=\"https:\/\/www.vetron.net\/golfinginaether-accessibility\/\" data-type=\"page\" data-id=\"7747\">www.vetron.net\/golfinginaether\/accessibility<\/a><\/li>\n<\/ul>\n\n\n\n<h2 class=\"wp-block-heading\">Golfing in Aether nas\u0131l ortaya \u00e7\u0131kt\u0131?<\/h2>\n\n\n\n<div class=\"wp-block-group is-vertical is-layout-flex wp-container-core-group-is-layout-8cf370e7 wp-block-group-is-layout-flex\">\n<div class=\"wp-block-jetpack-layout-grid column1-desktop-grid__span-6 column1-desktop-grid__row-1 column2-desktop-grid__span-6 column2-desktop-grid__start-7 column2-desktop-grid__row-1 column1-tablet-grid__span-4 column1-tablet-grid__row-1 column2-tablet-grid__span-4 column2-tablet-grid__start-5 column2-tablet-grid__row-1 column1-mobile-grid__span-4 column1-mobile-grid__row-1 column2-mobile-grid__span-4 column2-mobile-grid__row-2 wp-block-jetpack-layout-gutter__nowrap\">\n<div class=\"wp-block-jetpack-layout-grid-column wp-block-jetpack-layout-grid__padding-none\">\n<p>Ba\u015flang\u0131\u00e7ta oyun, PC odakl\u0131 minigolf oyunlar\u0131nda eri\u015filebilirlik konusunda bir bo\u015flu\u011fu doldurmak i\u00e7in yarat\u0131lm\u0131\u015ft\u0131. \u00d6zellikle de yerel oyun ve her oyuncu i\u00e7in ayr\u0131 ayr\u0131 se\u00e7enekler belirleme konusunda.<\/p>\n\n\n\n<p>\u00c7o\u011fu aile veya arkada\u015f grubunda en az\u0131ndan kamera kontrollerini tersine \u00e7evirmek isteyebilecek birilerinin her zaman olaca\u011f\u0131n\u0131 d\u00fc\u015f\u00fcnd\u00fc\u011f\u00fcn\u00fczde, bu ger\u00e7ek bir sorun.<\/p>\n<\/div>\n\n\n\n<div class=\"wp-block-jetpack-layout-grid-column wp-block-jetpack-layout-grid__padding-none\">\n<figure class=\"wp-block-image size-full\"><img loading=\"lazy\" decoding=\"async\" width=\"1920\" height=\"1080\" src=\"https:\/\/www.vetron.net\/wp-content\/uploads\/2023\/09\/Screenshot05.jpg\" alt=\"\" class=\"wp-image-7700\"\/><\/figure>\n<\/div>\n<\/div>\n\n\n\n<p>Golfing in Aether, her yerel oyuncu i\u00e7in ayr\u0131 profiller sa\u011flayarak bu sorunu \u00e7\u00f6zer. Bu profiller, oyuncunun ad\u0131 ve \u00f6zelle\u015ftirmelerinden kontrolc\u00fc yeniden e\u015flemelerine veya genel eri\u015filebilirlik se\u00e7eneklerine kadar her \u015feyi saklaman\u0131za olanak tan\u0131r. Tam oyun kumandas\u0131 deste\u011fi ve yerle\u015fik ekran klavyesi i\u015flevi sayesinde bu i\u015flem h\u0131zl\u0131 ve kolayd\u0131r.<\/p>\n\n\n\n<figure class=\"wp-block-image size-full\"><img loading=\"lazy\" decoding=\"async\" width=\"2560\" height=\"1440\" src=\"https:\/\/www.vetron.net\/wp-content\/uploads\/2023\/09\/HighresScreenshot00099-scaled-1.jpg\" alt=\"\" class=\"wp-image-7719\"\/><figcaption class=\"wp-element-caption\">Rastgele y\u00fczen adalar<\/figcaption><\/figure>\n\n\n\n<p>Oyunun y\u00fczen adalar temas\u0131, baz\u0131 oyuncular\u0131n standart parkurlar\u0131n yo\u011fun yap\u0131s\u0131 kar\u015f\u0131s\u0131nda kafalar\u0131n\u0131n kar\u0131\u015fmas\u0131na bir yan\u0131t olarak ortaya \u00e7\u0131kt\u0131. Ayr\u0131ca, her oyun oturumunda bulunan adalar\u0131n rastgele se\u00e7ilebilece\u011fini ve b\u00f6ylece daha fazla tekrar oynanabilirlik sa\u011flayabilece\u011fini d\u00fc\u015f\u00fcnd\u00fck.<\/p>\n\n\n\n<p>Bu y\u00fczen adalar\u0131n sa\u011flad\u0131\u011f\u0131 ikinci bir i\u015flevsel avantaj ise, oyunu d\u00fc\u015f\u00fck donan\u0131mlarda \u00e7al\u0131\u015ft\u0131ran oyuncular\u0131n di\u011fer adalar\u0131n tamamen olu\u015fturulmas\u0131n\u0131 devre d\u0131\u015f\u0131 b\u0131rakabilmesidir; bu da oyunun minimum gereksinimlerinin \u00e7ok d\u00fc\u015f\u00fck olmas\u0131na yard\u0131mc\u0131 olur.<\/p>\n<\/div>\n\n\n\n<h2 class=\"wp-block-heading\">Aether&#8217;de nerede Golf oynayabilirim?<\/h2>\n\n\n\n<div class=\"wp-block-group is-vertical is-layout-flex wp-container-core-group-is-layout-8cad6afd wp-block-group-is-layout-flex\">\n<p>Oyun \u015fu anda a\u015fa\u011f\u0131daki ma\u011fazalarda mevcuttur:<\/p>\n<\/div>\n\n\n\n<div class=\"wp-block-buttons is-layout-flex wp-block-buttons-is-layout-flex\">\n<div class=\"wp-block-button\"><a class=\"wp-block-button__link wp-element-button\" href=\"https:\/\/store.steampowered.com\/curator\/42220835\" target=\"_blank\" rel=\"noreferrer noopener\">Steam Store<\/a><\/div>\n\n\n\n<div class=\"wp-block-button\"><a class=\"wp-block-button__link wp-element-button\" href=\"https:\/\/www.nintendo.com\/us\/store\/products\/golfing-in-aether-switch\/\">Nintendo Store<\/a><\/div>\n<\/div>\n\n\n\n<h2 class=\"wp-block-heading\">Trailer<\/h2>\n\n\n\n<figure class=\"wp-block-embed is-type-video is-provider-youtube wp-block-embed-youtube wp-embed-aspect-16-9 wp-has-aspect-ratio\"><div class=\"wp-block-embed__wrapper\">\n<iframe loading=\"lazy\" title=\"Golfing in Aether - Release Trailer\" width=\"940\" height=\"529\" src=\"https:\/\/www.youtube.com\/embed\/dwKrk7c2TVQ?feature=oembed\" frameborder=\"0\" allow=\"accelerometer; autoplay; clipboard-write; encrypted-media; gyroscope; picture-in-picture; web-share\" referrerpolicy=\"strict-origin-when-cross-origin\" allowfullscreen><\/iframe>\n<\/div><\/figure>\n\n\n\n<div class=\"wp-block-group is-vertical is-layout-flex wp-container-core-group-is-layout-8cad6afd wp-block-group-is-layout-flex\">\n<p>Yukar\u0131da, d\u00f6rt farkl\u0131 oyuncunun bak\u0131\u015f a\u00e7\u0131s\u0131ndan oynan\u0131\u015f\u0131 g\u00f6steren \u00e7\u0131k\u0131\u015f fragman\u0131m\u0131z yer al\u0131yor. Bu fragman\u0131 ve t\u00fcm ekran g\u00f6r\u00fcnt\u00fclerini a\u015fa\u011f\u0131daki butondan indirebilirsiniz.<\/p>\n<\/div>\n\n\n\n<p><\/p>\n\n\n\n<div class=\"wp-block-group is-vertical is-layout-flex wp-container-core-group-is-layout-8cad6afd wp-block-group-is-layout-flex\">\n<div class=\"wp-block-buttons is-layout-flex wp-block-buttons-is-layout-flex\">\n<div class=\"wp-block-button\"><a class=\"wp-block-button__link wp-element-button\" href=\"https:\/\/www.dropbox.com\/scl\/fi\/mcx02buesm3lpg7t0hey6\/GolfingInAetherMedia.zip?rlkey=ybzl8itf2xnv6byl7pk82tudc&#038;st=qd0jnc0z&#038;dl=0\" target=\"_blank\" rel=\"noreferrer noopener\">Medyay\u0131 \u0130ndir<\/a><\/div>\n<\/div>\n<\/div>\n\n\n\n<h2 class=\"wp-block-heading\">Biz kimiz?<\/h2>\n\n\n\n<div class=\"wp-block-group is-vertical is-layout-flex wp-container-core-group-is-layout-8cf370e7 wp-block-group-is-layout-flex\">\n<div class=\"wp-block-jetpack-layout-grid column1-desktop-grid__span-6 column1-desktop-grid__row-1 column2-desktop-grid__span-6 column2-desktop-grid__start-7 column2-desktop-grid__row-1 column1-tablet-grid__span-4 column1-tablet-grid__row-1 column2-tablet-grid__span-4 column2-tablet-grid__start-5 column2-tablet-grid__row-1 column1-mobile-grid__span-4 column1-mobile-grid__row-1 column2-mobile-grid__span-4 column2-mobile-grid__row-2 wp-block-jetpack-layout-gutter__nowrap\">\n<div class=\"wp-block-jetpack-layout-grid-column wp-block-jetpack-layout-grid__padding-none\">\n<p>Vetron, 2013 y\u0131l\u0131nda Birle\u015fik Krall\u0131k merkezli bir varl\u0131k geli\u015ftiricisi olarak kuruldu ve bir\u00e7ok ba\u015far\u0131l\u0131 topluluk mod projesinin ard\u0131ndan kuruldu.<\/p>\n\n\n\n<p>Bu ilk y\u0131llarda, video oyunlar\u0131 geli\u015ftirmeye ge\u00e7i\u015fimizi sa\u011flayan de\u011ferli beceriler ve deneyimler edindik.<\/p>\n<\/div>\n\n\n\n<div class=\"wp-block-jetpack-layout-grid-column wp-block-jetpack-layout-grid__padding-none\"><div class=\"wp-block-image\">\n<figure class=\"aligncenter size-full is-resized\"><img loading=\"lazy\" decoding=\"async\" width=\"300\" height=\"300\" src=\"https:\/\/www.vetron.net\/wp-content\/uploads\/2023\/09\/VetronLogoXLbackground-e1672326575398-300x300-1.png\" alt=\"\" class=\"wp-image-7709\" style=\"width:300px;height:300px\"\/><figcaption class=\"wp-element-caption\">Vetron Logo<\/figcaption><\/figure>\n<\/div><\/div>\n<\/div>\n\n\n\n<p>\u0130lk oyunumuz Capsa, Kanadal\u0131 geli\u015ftirici db.works ile i\u015f birli\u011fiyle 2017&#8217;de piyasaya s\u00fcr\u00fcld\u00fc. Capsa, g\u00fc\u00e7l\u00fc bir sosyal i\u00e7eri\u011fe sahip a\u00e7\u0131k d\u00fcnya ke\u015fif oyunudur. Oyunun istemci\/sunucu tabanl\u0131 yap\u0131s\u0131 sayesinde, \u00e7ok oyunculu \u00f6zellikler ve \u00e7evrimi\u00e7i hizmet entegrasyonu konusunda \u00f6nemli bir deneyim kazand\u0131k.<\/p>\n\n\n\n<p>\u00c7ok oyunculu oyunlara odaklanma trendini s\u00fcrd\u00fcrerek, ba\u011f\u0131ms\u0131z bir st\u00fcdyo olarak ikinci oyunumuz Golfing in Aether&#8217;\u0131 2022&#8217;de yay\u0131nlad\u0131k.<\/p>\n\n\n\n<p>Yarat\u0131c\u0131 olmay\u0131 seviyoruz ve zengin \u00e7ok oyunculu entegrasyonu sayesinde aile ve arkada\u015flarla birlikte oynanabilecek oyunlar geli\u015ftirme tutkumuz var.<br><\/p>\n<\/div>\n","protected":false},"excerpt":{"rendered":"<p>Golfing in Aether, \u00e7evrimi\u00e7i olarak 16 oyuncuya veya b\u00f6l\u00fcnm\u00fc\u015f ekran \u00fczerinden 4 oyuncuya kadar destek veren \u00e7ok oyunculu bir mini golf oyunudur. Dikkat \u00e7ekici oyun \u00f6zelliklerinden biri, her oynad\u0131\u011f\u0131n\u0131zda farkl\u0131 bir deneyim ya\u015faman\u0131z\u0131 sa\u011flayan rastgele<span class=\"more-button\"><a href=\"https:\/\/www.vetron.net\/tr\/golfinginaether\/\" class=\"more-link\">Continue reading<span class=\"screen-reader-text\">Golfing in Aether (2022)<\/span><i class=\"fa fa-angle-right\" aria-hidden=\"true\"><\/i><\/a><\/span><\/p>\n","protected":false},"author":1,"featured_media":0,"parent":0,"menu_order":0,"comment_status":"closed","ping_status":"closed","template":"","meta":{"footnotes":""},"class_list":["post-7198","page","type-page","status-publish","hentry"],"_links":{"self":[{"href":"https:\/\/www.vetron.net\/tr\/wp-json\/wp\/v2\/pages\/7198","targetHints":{"allow":["GET"]}}],"collection":[{"href":"https:\/\/www.vetron.net\/tr\/wp-json\/wp\/v2\/pages"}],"about":[{"href":"https:\/\/www.vetron.net\/tr\/wp-json\/wp\/v2\/types\/page"}],"author":[{"embeddable":true,"href":"https:\/\/www.vetron.net\/tr\/wp-json\/wp\/v2\/users\/1"}],"replies":[{"embeddable":true,"href":"https:\/\/www.vetron.net\/tr\/wp-json\/wp\/v2\/comments?post=7198"}],"version-history":[{"count":52,"href":"https:\/\/www.vetron.net\/tr\/wp-json\/wp\/v2\/pages\/7198\/revisions"}],"predecessor-version":[{"id":8541,"href":"https:\/\/www.vetron.net\/tr\/wp-json\/wp\/v2\/pages\/7198\/revisions\/8541"}],"wp:attachment":[{"href":"https:\/\/www.vetron.net\/tr\/wp-json\/wp\/v2\/media?parent=7198"}],"curies":[{"name":"wp","href":"https:\/\/api.w.org\/{rel}","templated":true}]}}