{"id":7176,"date":"2022-12-28T17:19:04","date_gmt":"2022-12-28T17:19:04","guid":{"rendered":"https:\/\/www.vetron.net\/?page_id=7176"},"modified":"2025-11-04T12:07:13","modified_gmt":"2025-11-04T12:07:13","slug":"contact","status":"publish","type":"page","link":"https:\/\/www.vetron.net\/tr\/contact\/","title":{"rendered":"Temas etmek"},"content":{"rendered":"\n<h2 class=\"wp-block-heading\">Genel \/ Destek<\/h2>\n\n\n\n<p>Oyunlar\u0131m\u0131zdan biriyle ilgili destek almak i\u00e7in l\u00fctfen \u00f6ncelikle sat\u0131n ald\u0131\u011f\u0131n\u0131z ma\u011fazan\u0131n sundu\u011fu ilgili y\u00f6ntemleri kontrol edin. Yine de yard\u0131ma ihtiyac\u0131n\u0131z olursa, <a href=\"mailto:support@vetron.net\">support@vetron.net<\/a> adresinden do\u011frudan bizimle ileti\u015fime ge\u00e7ebilirsiniz.<\/p>\n\n\n\n<h2 class=\"wp-block-heading\">Basmak<\/h2>\n\n\n\n<p>Bas\u0131nla ilgili sorular\u0131n\u0131z i\u00e7in l\u00fctfen <a href=\"mailto:press@vetron.net\">press@vetron.net<\/a> adresine e-posta g\u00f6nderin.<\/p>\n\n\n\n<h2 class=\"wp-block-heading\">Biz kimiz?<\/h2>\n\n\n\n<div class=\"wp-block-group is-vertical is-layout-flex wp-container-core-group-is-layout-8cf370e7 wp-block-group-is-layout-flex\">\n<div class=\"wp-block-jetpack-layout-grid column1-desktop-grid__span-6 column1-desktop-grid__row-1 column2-desktop-grid__span-6 column2-desktop-grid__start-7 column2-desktop-grid__row-1 column1-tablet-grid__span-4 column1-tablet-grid__row-1 column2-tablet-grid__span-4 column2-tablet-grid__start-5 column2-tablet-grid__row-1 column1-mobile-grid__span-4 column1-mobile-grid__row-1 column2-mobile-grid__span-4 column2-mobile-grid__row-2 wp-block-jetpack-layout-gutter__nowrap\">\n<div class=\"wp-block-jetpack-layout-grid-column wp-block-jetpack-layout-grid__padding-none\">\n<p>Vetron, 2013 y\u0131l\u0131nda Birle\u015fik Krall\u0131k merkezli bir varl\u0131k geli\u015ftiricisi olarak kuruldu ve bir\u00e7ok ba\u015far\u0131l\u0131 topluluk mod projesinin ard\u0131ndan kuruldu.<\/p>\n\n\n\n<p>Bu ilk y\u0131llarda, video oyunlar\u0131 geli\u015ftirmeye ge\u00e7i\u015fimizi sa\u011flayan de\u011ferli beceriler ve deneyimler edindik.<\/p>\n<\/div>\n\n\n\n<div class=\"wp-block-jetpack-layout-grid-column wp-block-jetpack-layout-grid__padding-none\"><div class=\"wp-block-image\">\n<figure class=\"aligncenter size-full is-resized\"><img loading=\"lazy\" decoding=\"async\" width=\"300\" height=\"300\" src=\"https:\/\/www.vetron.net\/wp-content\/uploads\/2023\/09\/VetronLogoXLbackground-e1672326575398-300x300-1.png\" alt=\"\" class=\"wp-image-7709\" style=\"width:300px;height:300px\"\/><figcaption class=\"wp-element-caption\">Vetron Logo<\/figcaption><\/figure>\n<\/div><\/div>\n<\/div>\n\n\n\n<p>\u0130lk oyunumuz Capsa, Kanadal\u0131 geli\u015ftirici db.works ile i\u015f birli\u011fiyle 2017&#8217;de piyasaya s\u00fcr\u00fcld\u00fc. Capsa, g\u00fc\u00e7l\u00fc bir sosyal i\u00e7eri\u011fe sahip a\u00e7\u0131k d\u00fcnya ke\u015fif oyunudur. Oyunun istemci\/sunucu tabanl\u0131 yap\u0131s\u0131 sayesinde, \u00e7ok oyunculu \u00f6zellikler ve \u00e7evrimi\u00e7i hizmet entegrasyonu konusunda \u00f6nemli bir deneyim kazand\u0131k.<\/p>\n\n\n\n<p>\u00c7ok oyunculu oyunlara odaklanma trendini s\u00fcrd\u00fcrerek, ba\u011f\u0131ms\u0131z bir st\u00fcdyo olarak ikinci oyunumuz Golfing in Aether&#8217;\u0131 2022&#8217;de yay\u0131nlad\u0131k.<\/p>\n\n\n\n<p>Yarat\u0131c\u0131 olmay\u0131 seviyoruz ve zengin \u00e7ok oyunculu entegrasyonu sayesinde aile ve arkada\u015flarla birlikte oynanabilecek oyunlar geli\u015ftirme tutkumuz var.<br><\/p>\n<\/div>\n","protected":false},"excerpt":{"rendered":"<p>Genel \/ Destek Oyunlar\u0131m\u0131zdan biriyle ilgili destek almak i\u00e7in l\u00fctfen \u00f6ncelikle sat\u0131n ald\u0131\u011f\u0131n\u0131z ma\u011fazan\u0131n sundu\u011fu ilgili y\u00f6ntemleri kontrol edin. Yine de yard\u0131ma ihtiyac\u0131n\u0131z olursa, support@vetron.net adresinden do\u011frudan bizimle ileti\u015fime ge\u00e7ebilirsiniz. Basmak Bas\u0131nla ilgili sorular\u0131n\u0131z i\u00e7in<span class=\"more-button\"><a href=\"https:\/\/www.vetron.net\/tr\/contact\/\" class=\"more-link\">Continue reading<span class=\"screen-reader-text\">Temas etmek<\/span><i class=\"fa fa-angle-right\" aria-hidden=\"true\"><\/i><\/a><\/span><\/p>\n","protected":false},"author":1,"featured_media":0,"parent":0,"menu_order":0,"comment_status":"closed","ping_status":"closed","template":"","meta":{"footnotes":""},"class_list":["post-7176","page","type-page","status-publish","hentry"],"_links":{"self":[{"href":"https:\/\/www.vetron.net\/tr\/wp-json\/wp\/v2\/pages\/7176","targetHints":{"allow":["GET"]}}],"collection":[{"href":"https:\/\/www.vetron.net\/tr\/wp-json\/wp\/v2\/pages"}],"about":[{"href":"https:\/\/www.vetron.net\/tr\/wp-json\/wp\/v2\/types\/page"}],"author":[{"embeddable":true,"href":"https:\/\/www.vetron.net\/tr\/wp-json\/wp\/v2\/users\/1"}],"replies":[{"embeddable":true,"href":"https:\/\/www.vetron.net\/tr\/wp-json\/wp\/v2\/comments?post=7176"}],"version-history":[{"count":14,"href":"https:\/\/www.vetron.net\/tr\/wp-json\/wp\/v2\/pages\/7176\/revisions"}],"predecessor-version":[{"id":8545,"href":"https:\/\/www.vetron.net\/tr\/wp-json\/wp\/v2\/pages\/7176\/revisions\/8545"}],"wp:attachment":[{"href":"https:\/\/www.vetron.net\/tr\/wp-json\/wp\/v2\/media?parent=7176"}],"curies":[{"name":"wp","href":"https:\/\/api.w.org\/{rel}","templated":true}]}}