{"id":7682,"date":"2023-08-24T00:11:31","date_gmt":"2023-08-23T23:11:31","guid":{"rendered":"https:\/\/www.vetron.net\/?page_id=7682"},"modified":"2025-11-04T15:03:35","modified_gmt":"2025-11-04T15:03:35","slug":"privacy","status":"publish","type":"page","link":"https:\/\/www.vetron.net\/pt\/privacy\/","title":{"rendered":"Privacidade"},"content":{"rendered":"\n<p>A Vetron est\u00e1 sediada no Reino Unido. Temos parceiros de distribui\u00e7\u00e3o e servi\u00e7os em v\u00e1rios pa\u00edses do mundo. Esta pol\u00edtica de privacidade descreve as diferentes formas como recolhemos (e n\u00e3o recolhemos), utilizamos e partilhamos informa\u00e7\u00f5es sobre, atrav\u00e9s de ou em liga\u00e7\u00e3o com fornecedores atrav\u00e9s dos quais distribu\u00edmos e operamos os nossos jogos.<\/p>\n\n\n\n<p>\u00daltima atualiza\u00e7\u00e3o a 24 de agosto de 2023.<\/p>\n\n\n\n<h2 class=\"wp-block-heading\">Que informa\u00e7\u00f5es recolhemos?<\/h2>\n\n\n\n<p>N\u00f3s pr\u00f3prios n\u00e3o recolhemos e armazenamos informa\u00e7\u00f5es nem as tratamos de qualquer forma para al\u00e9m das opera\u00e7\u00f5es espec\u00edficas do ambiente de jogo. Qualquer informa\u00e7\u00e3o que tratamos \u00e9 utilizada apenas para facilitar as opera\u00e7\u00f5es no jogo e as liga\u00e7\u00f5es a v\u00e1rios servi\u00e7os de jogo da plataforma espec\u00edfica.Algumas das informa\u00e7\u00f5es que utiliz\u00e1mos para este processo s\u00e3o descritas abaixo:<\/p>\n\n\n\n<ul class=\"wp-block-list\">\n<li>A sua conta \u00fanica ou identificador de plataforma (por exemplo, para lidar com opera\u00e7\u00f5es b\u00e1sicas de plataforma ou servi\u00e7o).<\/li>\n\n\n\n<li>O seu nome de visualiza\u00e7\u00e3o p\u00fablico atual (por exemplo, para visualiza\u00e7\u00e3o no jogo como parte do seu perfil e para partilha com outros utilizadores como parte de uma sess\u00e3o multijogador).<\/li>\n\n\n\n<li>Prefer\u00eancias de idioma (por exemplo, para sabermos qual a localiza\u00e7\u00e3o a definir no jogo).<\/li>\n\n\n\n<li>Lista de amigos (por exemplo, para tratar dos convites para uma sess\u00e3o online).<\/li>\n\n\n\n<li>O seu endere\u00e7o IP (por exemplo, quando espec\u00edfico para criar ou aderir a sess\u00f5es online).<\/li>\n\n\n\n<li>Pa\u00eds (por exemplo, para exibir ofertas na sua moeda e regi\u00e3o espec\u00edficas).<\/li>\n<\/ul>\n\n\n\n<h2 class=\"wp-block-heading\">Como partilhamos essas informa\u00e7\u00f5es?<\/h2>\n\n\n\n<p>Algumas informa\u00e7\u00f5es poder\u00e3o ser partilhadas com outros utilizadores ou entidades, tudo isto atrav\u00e9s dos servi\u00e7os e plataformas em que distribu\u00edmos o jogo. Isto \u00e9 apenas para facilitar as opera\u00e7\u00f5es no jogo, das quais demos exemplos abaixo.<\/p>\n\n\n\n<ul class=\"wp-block-list\">\n<li>Com outros utilizadores (por exemplo, para facilitar o jogo, como criar e aderir a sess\u00f5es multijogador).<\/li>\n\n\n\n<li>Com parceiros de consola e plataforma (por exemplo, para facilitar a jogabilidade ao aceder aos servi\u00e7os atrav\u00e9s de login espec\u00edfico da plataforma).<\/li>\n\n\n\n<li>Publicamente (por exemplo, o seu nome de utilizador, estat\u00edsticas b\u00e1sicas do jogo, como pontua\u00e7\u00f5es na tabela de classifica\u00e7\u00e3o e outras informa\u00e7\u00f5es semelhantes, estar\u00e3o geralmente acess\u00edveis a outras pessoas).<\/li>\n<\/ul>\n\n\n\n<h2 class=\"wp-block-heading\">E quanto ao marketing?<\/h2>\n\n\n\n<p>N\u00e3o oferecemos comunica\u00e7\u00f5es diretas aos utilizadores atrav\u00e9s, por exemplo, de uma newsletter, pelo que em momento algum lhe pediremos o seu endere\u00e7o de e-mail ou outros meios de contacto. Quaisquer not\u00edcias ou atividades de marketing relacionadas com os nossos jogos s\u00e3o publicadas nas plataformas de redes sociais e nas pr\u00f3prias lojas de jogos.<\/p>\n\n\n\n<p>Conforme descrito acima, n\u00e3o recolhemos nem armazenamos qualquer informa\u00e7\u00e3o pessoal. Isto significa que n\u00e3o venderemos as suas informa\u00e7\u00f5es a terceiros nem as utilizaremos como parte de atividades de marketing.<\/p>\n\n\n\n<p>Para acompanhar o desempenho do nosso jogo, contamos com dados agregados consoante o que cada montra permite, como, por exemplo, qual a percentagem de jogadores que desbloquearam uma conquista espec\u00edfica. Estas n\u00e3o s\u00e3o informa\u00e7\u00f5es de identifica\u00e7\u00e3o pessoal e cont\u00eam apenas n\u00fameros gerais de toda a base de jogadores.<\/p>\n\n\n\n<h2 class=\"wp-block-heading\">Como lidamos com a privacidade infantil?<\/h2>\n\n\n\n<p>As plataformas nas quais distribu\u00edmos os nossos jogos n\u00e3o permitem a cria\u00e7\u00e3o de contas por menores de 13 anos.<\/p>\n\n\n\n<p>Embora os nossos jogos possam ter classifica\u00e7\u00f5es adequadas para menores de 13 anos, n\u00e3o s\u00e3o direcionados nem comercializados para crian\u00e7as.<\/p>\n\n\n\n<h2 class=\"wp-block-heading\">Notas e atualiza\u00e7\u00f5es adicionais<\/h2>\n\n\n\n<p>Os nossos jogos e os sites relacionados onde s\u00e3o vendidos podem conter links para outros sites; n\u00e3o somos respons\u00e1veis \u200b\u200bpelas pr\u00e1ticas de privacidade ou pelo conte\u00fado de tais sites.<\/p>\n\n\n\n<p>A Vetron atualizar\u00e1 ocasionalmente esta Pol\u00edtica de Privacidade. Quando o fizermos, alteraremos a data indicada no topo da pol\u00edtica. Reveja esta pol\u00edtica regularmente para ter a certeza de que compreende a sua rela\u00e7\u00e3o com a Vetron e as formas como podemos lidar com as suas informa\u00e7\u00f5es.<\/p>\n\n\n\n<h2 class=\"wp-block-heading\">Contate-nos<\/h2>\n\n\n\n<p>Se tiver alguma d\u00favida, contacte-nos diretamente em <a href=\"mailto:support@vetron.net\">support@vetron.net<\/a>.<\/p>\n\n\n\n<div class=\"wp-block-group alignfull\" style=\"padding-top:var(--wp--preset--spacing--40);padding-right:var(--wp--preset--spacing--30);padding-bottom:var(--wp--preset--spacing--40);padding-left:var(--wp--preset--spacing--30)\"><div class=\"wp-block-group__inner-container is-layout-constrained wp-container-core-group-is-layout-a93d0d1d wp-block-group-is-layout-constrained\"><\/div><\/div>\n\n\n\n<p><\/p>\n","protected":false},"excerpt":{"rendered":"<p>A Vetron est\u00e1 sediada no Reino Unido. Temos parceiros de distribui\u00e7\u00e3o e servi\u00e7os em v\u00e1rios pa\u00edses do mundo. Esta pol\u00edtica de privacidade descreve as diferentes formas como recolhemos (e n\u00e3o recolhemos), utilizamos e partilhamos informa\u00e7\u00f5es<span class=\"more-button\"><a href=\"https:\/\/www.vetron.net\/pt\/privacy\/\" class=\"more-link\">Continue reading<span class=\"screen-reader-text\">Privacidade<\/span><i class=\"fa fa-angle-right\" aria-hidden=\"true\"><\/i><\/a><\/span><\/p>\n","protected":false},"author":1,"featured_media":0,"parent":0,"menu_order":0,"comment_status":"closed","ping_status":"closed","template":"","meta":{"footnotes":""},"class_list":["post-7682","page","type-page","status-publish","hentry"],"_links":{"self":[{"href":"https:\/\/www.vetron.net\/pt\/wp-json\/wp\/v2\/pages\/7682","targetHints":{"allow":["GET"]}}],"collection":[{"href":"https:\/\/www.vetron.net\/pt\/wp-json\/wp\/v2\/pages"}],"about":[{"href":"https:\/\/www.vetron.net\/pt\/wp-json\/wp\/v2\/types\/page"}],"author":[{"embeddable":true,"href":"https:\/\/www.vetron.net\/pt\/wp-json\/wp\/v2\/users\/1"}],"replies":[{"embeddable":true,"href":"https:\/\/www.vetron.net\/pt\/wp-json\/wp\/v2\/comments?post=7682"}],"version-history":[{"count":10,"href":"https:\/\/www.vetron.net\/pt\/wp-json\/wp\/v2\/pages\/7682\/revisions"}],"predecessor-version":[{"id":8574,"href":"https:\/\/www.vetron.net\/pt\/wp-json\/wp\/v2\/pages\/7682\/revisions\/8574"}],"wp:attachment":[{"href":"https:\/\/www.vetron.net\/pt\/wp-json\/wp\/v2\/media?parent=7682"}],"curies":[{"name":"wp","href":"https:\/\/api.w.org\/{rel}","templated":true}]}}