{"id":7198,"date":"2022-12-28T18:54:55","date_gmt":"2022-12-28T18:54:55","guid":{"rendered":"https:\/\/www.vetron.net\/?page_id=7198"},"modified":"2025-11-03T22:19:50","modified_gmt":"2025-11-03T22:19:50","slug":"golfinginaether","status":"publish","type":"page","link":"https:\/\/www.vetron.net\/pt\/golfinginaether\/","title":{"rendered":"Golfing in Aether (2022)"},"content":{"rendered":"\n<figure class=\"wp-block-image size-full\"><img loading=\"lazy\" decoding=\"async\" width=\"2560\" height=\"1440\" src=\"https:\/\/www.vetron.net\/wp-content\/uploads\/2023\/09\/HighresScreenshot00102-scaled-1.jpg\" alt=\"\" class=\"wp-image-7716\" style=\"object-fit:cover\"\/><\/figure>\n\n\n\n<div class=\"wp-block-group is-vertical is-layout-flex wp-container-core-group-is-layout-8cad6afd wp-block-group-is-layout-flex\">\n<p>Golfing in Aether \u00e9 um jogo de minigolfe multijogador que suporta at\u00e9 16 jogadores online ou 4 jogadores em ecr\u00e3 dividido. Uma das suas caracter\u00edsticas mais marcantes \u00e9 o layout aleat\u00f3rio dos campos, proporcionando uma experi\u00eancia diferente a cada partida.<\/p>\n<\/div>\n\n\n\n<p><\/p>\n\n\n\n<ul class=\"wp-block-list\">\n<li><strong>Desenvolvedora:<\/strong> Vetron<\/li>\n\n\n\n<li><strong>Data de lan\u00e7amento:<\/strong> September 23rd, 2022<\/li>\n\n\n\n<li><strong>Plataformas:<\/strong> Steam (Windows, Linux, macOS), Xbox (Windows Store, Xbox One, Xbox Series), PlayStation 5, Nintendo Switch.<\/li>\n\n\n\n<li><strong>Pre\u00e7o:<\/strong> 9.99 USD<\/li>\n\n\n\n<li><strong>Disponibilidade:<\/strong> Digital Download<\/li>\n\n\n\n<li><strong>L\u00ednguas:<\/strong> Ingl\u00eas, japon\u00eas, franc\u00eas, alem\u00e3o, espanhol, portugu\u00eas, italiano, turco<\/li>\n\n\n\n<li><strong>Contacto para a imprensa:<\/strong> press@vetron.net<\/li>\n\n\n\n<li><strong>Site:<\/strong> www.vetron.net\/en\/golfinginaether<\/li>\n\n\n\n<li><strong>Acessibilidade<\/strong>: <a href=\"https:\/\/www.vetron.net\/golfinginaether-accessibility\/\" data-type=\"page\" data-id=\"7747\">www.vetron.net\/en\/golfinginaether\/accessibility<\/a><\/li>\n<\/ul>\n\n\n\n<h2 class=\"wp-block-heading\">Como surgiu o jogo Golfing in Aether?<\/h2>\n\n\n\n<div class=\"wp-block-group is-vertical is-layout-flex wp-container-core-group-is-layout-8cf370e7 wp-block-group-is-layout-flex\">\n<div class=\"wp-block-jetpack-layout-grid column1-desktop-grid__span-6 column1-desktop-grid__row-1 column2-desktop-grid__span-6 column2-desktop-grid__start-7 column2-desktop-grid__row-1 column1-tablet-grid__span-4 column1-tablet-grid__row-1 column2-tablet-grid__span-4 column2-tablet-grid__start-5 column2-tablet-grid__row-1 column1-mobile-grid__span-4 column1-mobile-grid__row-1 column2-mobile-grid__span-4 column2-mobile-grid__row-2 wp-block-jetpack-layout-gutter__nowrap\">\n<div class=\"wp-block-jetpack-layout-grid-column wp-block-jetpack-layout-grid__padding-none\">\n<p>Inicialmente, o jogo foi criado para preencher uma lacuna de acessibilidade nos jogos de minigolfe para PC. Especificamente, no que diz respeito ao jogo local e \u00e0 possibilidade de configurar op\u00e7\u00f5es para cada jogador individualmente.<\/p>\n\n\n\n<p>Isto \u00e9 um problema real, considerando que na maioria dos grupos de fam\u00edlia ou amigos haver\u00e1 sempre algu\u00e9m que, no m\u00ednimo, queira inverter os controlos da c\u00e2mara.<\/p>\n<\/div>\n\n\n\n<div class=\"wp-block-jetpack-layout-grid-column wp-block-jetpack-layout-grid__padding-none\">\n<figure class=\"wp-block-image size-full\"><img loading=\"lazy\" decoding=\"async\" width=\"1920\" height=\"1080\" src=\"https:\/\/www.vetron.net\/wp-content\/uploads\/2023\/09\/Screenshot05.jpg\" alt=\"\" class=\"wp-image-7700\"\/><\/figure>\n<\/div>\n<\/div>\n\n\n\n<p>O Golfing in Aether resolve isto fornecendo perfis individuais para cada jogador local. Isto permite armazenar tudo, desde o nome e personaliza\u00e7\u00f5es do jogador at\u00e9 ao remapeamento do controlo e op\u00e7\u00f5es gerais de acessibilidade. Al\u00e9m disso, o processo \u00e9 r\u00e1pido e f\u00e1cil gra\u00e7as ao suporte completo para gamepad e \u00e0 funcionalidade de teclado virtual integrada.<\/p>\n\n\n\n<figure class=\"wp-block-image size-full\"><img loading=\"lazy\" decoding=\"async\" width=\"2560\" height=\"1440\" src=\"https:\/\/www.vetron.net\/wp-content\/uploads\/2023\/09\/HighresScreenshot00099-scaled-1.jpg\" alt=\"\" class=\"wp-image-7719\"\/><figcaption class=\"wp-element-caption\">ilhas flutuantes aleat\u00f3rias<\/figcaption><\/figure>\n\n\n\n<p>O tema das ilhas flutuantes do jogo surgiu como resposta \u00e0 confus\u00e3o que alguns jogadores sentiam com a densidade dos percursos padr\u00e3o. Conclu\u00edmos tamb\u00e9m que, desta forma, as ilhas presentes em cada partida poderiam ser aleatorizadas, aumentando a rejogabilidade.<\/p>\n\n\n\n<p>Um segundo benef\u00edcio funcional destas ilhas flutuantes \u00e9 que os jogadores com computadores de baixo desempenho podem desativar completamente a renderiza\u00e7\u00e3o de outras ilhas, o que contribui para que o jogo tenha requisitos m\u00ednimos muito baixos.<\/p>\n<\/div>\n\n\n\n<h2 class=\"wp-block-heading\">Onde posso jogar golfe em Aether?<\/h2>\n\n\n\n<div class=\"wp-block-group is-vertical is-layout-flex wp-container-core-group-is-layout-8cad6afd wp-block-group-is-layout-flex\">\n<p>O jogo est\u00e1 atualmente dispon\u00edvel nas seguintes lojas:<\/p>\n<\/div>\n\n\n\n<div class=\"wp-block-buttons is-layout-flex wp-block-buttons-is-layout-flex\">\n<div class=\"wp-block-button\"><a class=\"wp-block-button__link wp-element-button\" href=\"https:\/\/store.steampowered.com\/curator\/42220835\" target=\"_blank\" rel=\"noreferrer noopener\">Steam Store<\/a><\/div>\n\n\n\n<div class=\"wp-block-button\"><a class=\"wp-block-button__link wp-element-button\" href=\"https:\/\/www.nintendo.com\/us\/store\/products\/golfing-in-aether-switch\/\">Nintendo Store<\/a><\/div>\n<\/div>\n\n\n\n<h2 class=\"wp-block-heading\">Trailer<\/h2>\n\n\n\n<figure class=\"wp-block-embed is-type-video is-provider-youtube wp-block-embed-youtube wp-embed-aspect-16-9 wp-has-aspect-ratio\"><div class=\"wp-block-embed__wrapper\">\n<iframe loading=\"lazy\" title=\"Golfing in Aether - Release Trailer\" width=\"940\" height=\"529\" src=\"https:\/\/www.youtube.com\/embed\/dwKrk7c2TVQ?feature=oembed\" frameborder=\"0\" allow=\"accelerometer; autoplay; clipboard-write; encrypted-media; gyroscope; picture-in-picture; web-share\" referrerpolicy=\"strict-origin-when-cross-origin\" allowfullscreen><\/iframe>\n<\/div><\/figure>\n\n\n\n<div class=\"wp-block-group is-vertical is-layout-flex wp-container-core-group-is-layout-8cad6afd wp-block-group-is-layout-flex\">\n<p>Acima est\u00e1 o nosso trailer de lan\u00e7amento, que mostra a jogabilidade na perspetiva de quatro jogadores diferentes. Pode descarregar este trailer, juntamente com todas as capturas de ecr\u00e3, clicando no bot\u00e3o abaixo.<\/p>\n<\/div>\n\n\n\n<p><\/p>\n\n\n\n<div class=\"wp-block-group is-vertical is-layout-flex wp-container-core-group-is-layout-8cad6afd wp-block-group-is-layout-flex\">\n<div class=\"wp-block-buttons is-layout-flex wp-block-buttons-is-layout-flex\">\n<div class=\"wp-block-button\"><a class=\"wp-block-button__link wp-element-button\" href=\"https:\/\/www.dropbox.com\/scl\/fi\/mcx02buesm3lpg7t0hey6\/GolfingInAetherMedia.zip?rlkey=ybzl8itf2xnv6byl7pk82tudc&#038;st=qd0jnc0z&#038;dl=0\" target=\"_blank\" rel=\"noreferrer noopener\">Baixar m\u00eddia<\/a><\/div>\n<\/div>\n<\/div>\n\n\n\n<h2 class=\"wp-block-heading\">Quem somos n\u00f3s?<\/h2>\n\n\n\n<div class=\"wp-block-group is-vertical is-layout-flex wp-container-core-group-is-layout-8cf370e7 wp-block-group-is-layout-flex\">\n<div class=\"wp-block-jetpack-layout-grid column1-desktop-grid__span-6 column1-desktop-grid__row-1 column2-desktop-grid__span-6 column2-desktop-grid__start-7 column2-desktop-grid__row-1 column1-tablet-grid__span-4 column1-tablet-grid__row-1 column2-tablet-grid__span-4 column2-tablet-grid__start-5 column2-tablet-grid__row-1 column1-mobile-grid__span-4 column1-mobile-grid__row-1 column2-mobile-grid__span-4 column2-mobile-grid__row-2 wp-block-jetpack-layout-gutter__nowrap\">\n<div class=\"wp-block-jetpack-layout-grid-column wp-block-jetpack-layout-grid__padding-none\">\n<p>A Vetron come\u00e7ou como uma empresa de desenvolvimento de recursos no Reino Unido em 2013, formada ap\u00f3s o sucesso de v\u00e1rios projetos de mods da comunidade.<\/p>\n\n\n\n<p>Durante estes primeiros anos, adquirimos compet\u00eancias e experi\u00eancia valiosas que nos permitiram fazer a transi\u00e7\u00e3o para o desenvolvimento de videojogos.<\/p>\n<\/div>\n\n\n\n<div class=\"wp-block-jetpack-layout-grid-column wp-block-jetpack-layout-grid__padding-none\"><div class=\"wp-block-image\">\n<figure class=\"aligncenter size-full is-resized\"><img loading=\"lazy\" decoding=\"async\" width=\"300\" height=\"300\" src=\"https:\/\/www.vetron.net\/wp-content\/uploads\/2023\/09\/VetronLogoXLbackground-e1672326575398-300x300-1.png\" alt=\"\" class=\"wp-image-7709\" style=\"width:300px;height:300px\"\/><figcaption class=\"wp-element-caption\">Vetron Logo<\/figcaption><\/figure>\n<\/div><\/div>\n<\/div>\n\n\n\n<p>O nosso primeiro jogo, Capsa, foi uma colabora\u00e7\u00e3o com a produtora canadiana db.works e lan\u00e7ado em 2017. Capsa \u00e9 um jogo de explora\u00e7\u00e3o em mundo aberto com uma forte componente social. Devido \u00e0 natureza do t\u00edtulo, que era baseado em cliente\/servidor, proporcionou-nos uma experi\u00eancia consider\u00e1vel em funcionalidades multijogador e integra\u00e7\u00e3o com servi\u00e7os online.<\/p>\n\n\n\n<p>Dando continuidade \u00e0 tend\u00eancia de nos focarmos em t\u00edtulos multijogador, como est\u00fadio independente, lan\u00e7\u00e1mos o nosso segundo jogo, Golfing in Aether, em 2022.<\/p>\n\n\n\n<p>Adoramos \u2764\ufe0f ser criativos e temos a paix\u00e3o de desenvolver jogos que possam ser jogados com a fam\u00edlia e amigos atrav\u00e9s de uma rica integra\u00e7\u00e3o multijogador.<br><\/p>\n<\/div>\n","protected":false},"excerpt":{"rendered":"<p>Golfing in Aether \u00e9 um jogo de minigolfe multijogador que suporta at\u00e9 16 jogadores online ou 4 jogadores em ecr\u00e3 dividido. Uma das suas caracter\u00edsticas mais marcantes \u00e9 o layout aleat\u00f3rio dos campos, proporcionando uma<span class=\"more-button\"><a href=\"https:\/\/www.vetron.net\/pt\/golfinginaether\/\" class=\"more-link\">Continue reading<span class=\"screen-reader-text\">Golfing in Aether (2022)<\/span><i class=\"fa fa-angle-right\" aria-hidden=\"true\"><\/i><\/a><\/span><\/p>\n","protected":false},"author":1,"featured_media":0,"parent":0,"menu_order":0,"comment_status":"closed","ping_status":"closed","template":"","meta":{"footnotes":""},"class_list":["post-7198","page","type-page","status-publish","hentry"],"_links":{"self":[{"href":"https:\/\/www.vetron.net\/pt\/wp-json\/wp\/v2\/pages\/7198","targetHints":{"allow":["GET"]}}],"collection":[{"href":"https:\/\/www.vetron.net\/pt\/wp-json\/wp\/v2\/pages"}],"about":[{"href":"https:\/\/www.vetron.net\/pt\/wp-json\/wp\/v2\/types\/page"}],"author":[{"embeddable":true,"href":"https:\/\/www.vetron.net\/pt\/wp-json\/wp\/v2\/users\/1"}],"replies":[{"embeddable":true,"href":"https:\/\/www.vetron.net\/pt\/wp-json\/wp\/v2\/comments?post=7198"}],"version-history":[{"count":52,"href":"https:\/\/www.vetron.net\/pt\/wp-json\/wp\/v2\/pages\/7198\/revisions"}],"predecessor-version":[{"id":8541,"href":"https:\/\/www.vetron.net\/pt\/wp-json\/wp\/v2\/pages\/7198\/revisions\/8541"}],"wp:attachment":[{"href":"https:\/\/www.vetron.net\/pt\/wp-json\/wp\/v2\/media?parent=7198"}],"curies":[{"name":"wp","href":"https:\/\/api.w.org\/{rel}","templated":true}]}}