{"id":7176,"date":"2022-12-28T17:19:04","date_gmt":"2022-12-28T17:19:04","guid":{"rendered":"https:\/\/www.vetron.net\/?page_id=7176"},"modified":"2025-11-04T12:07:13","modified_gmt":"2025-11-04T12:07:13","slug":"contact","status":"publish","type":"page","link":"https:\/\/www.vetron.net\/pt\/contact\/","title":{"rendered":"Contacto"},"content":{"rendered":"\n<h2 class=\"wp-block-heading\">Geral \/ Suporte<\/h2>\n\n\n\n<p>Para obter suporte relacionado com um dos nossos jogos, verifique primeiro os m\u00e9todos relevantes fornecidos na loja onde comprou. No entanto, se ainda precisar de assist\u00eancia, pode contactar-nos diretamente atrav\u00e9s do e-mail <a href=\"mailto:support@vetron.net\">support@vetron.net<\/a>.<\/p>\n\n\n\n<h2 class=\"wp-block-heading\">Imprensa<\/h2>\n\n\n\n<p>Para quest\u00f5es da imprensa, por favor contacte <a href=\"mailto:press@vetron.net\">press@vetron.net<\/a>.<\/p>\n\n\n\n<h2 class=\"wp-block-heading\">Quem somos n\u00f3s?<\/h2>\n\n\n\n<div class=\"wp-block-group is-vertical is-layout-flex wp-container-core-group-is-layout-8cf370e7 wp-block-group-is-layout-flex\">\n<div class=\"wp-block-jetpack-layout-grid column1-desktop-grid__span-6 column1-desktop-grid__row-1 column2-desktop-grid__span-6 column2-desktop-grid__start-7 column2-desktop-grid__row-1 column1-tablet-grid__span-4 column1-tablet-grid__row-1 column2-tablet-grid__span-4 column2-tablet-grid__start-5 column2-tablet-grid__row-1 column1-mobile-grid__span-4 column1-mobile-grid__row-1 column2-mobile-grid__span-4 column2-mobile-grid__row-2 wp-block-jetpack-layout-gutter__nowrap\">\n<div class=\"wp-block-jetpack-layout-grid-column wp-block-jetpack-layout-grid__padding-none\">\n<p>A Vetron come\u00e7ou como uma empresa de desenvolvimento de ativos com sede no Reino Unido em 2013, formando-se com base em v\u00e1rios projetos de mod comunit\u00e1rios de sucesso.<\/p>\n\n\n\n<p>Durante estes primeiros anos, conseguimos adquirir compet\u00eancias e experi\u00eancia valiosas que nos permitiram fazer a transi\u00e7\u00e3o para o desenvolvimento de videojogos.<\/p>\n<\/div>\n\n\n\n<div class=\"wp-block-jetpack-layout-grid-column wp-block-jetpack-layout-grid__padding-none\"><div class=\"wp-block-image\">\n<figure class=\"aligncenter size-full is-resized\"><img loading=\"lazy\" decoding=\"async\" width=\"300\" height=\"300\" src=\"https:\/\/www.vetron.net\/wp-content\/uploads\/2023\/09\/VetronLogoXLbackground-e1672326575398-300x300-1.png\" alt=\"\" class=\"wp-image-7709\" style=\"width:300px;height:300px\"\/><figcaption class=\"wp-element-caption\">Vetron Logo<\/figcaption><\/figure>\n<\/div><\/div>\n<\/div>\n\n\n\n<p>O nosso primeiro jogo, Capsa, foi uma colabora\u00e7\u00e3o com o programador canadiano db.works e foi lan\u00e7ado em 2017. Capsa \u00e9 um jogo de explora\u00e7\u00e3o de mundo aberto com uma forte componente social. Devido \u00e0 natureza do t\u00edtulo, que era baseado em cliente\/servidor, proporcionou-nos uma experi\u00eancia consider\u00e1vel no trabalho com funcionalidades multijogador e integra\u00e7\u00e3o de servi\u00e7os online.<\/p>\n\n\n\n<p>Continuando a tend\u00eancia de nos focarmos em t\u00edtulos multijogador, como est\u00fadio independente lan\u00e7\u00e1mos o nosso segundo jogo, Golfing in Aether, em 2022.<\/p>\n\n\n\n<p>Somos criativos e temos a paix\u00e3o de desenvolver jogos que possam ser jogados com a fam\u00edlia e amigos atrav\u00e9s de uma rica integra\u00e7\u00e3o multijogador.<\/p>\n<\/div>\n","protected":false},"excerpt":{"rendered":"<p>Geral \/ Suporte Para obter suporte relacionado com um dos nossos jogos, verifique primeiro os m\u00e9todos relevantes fornecidos na loja onde comprou. No entanto, se ainda precisar de assist\u00eancia, pode contactar-nos diretamente atrav\u00e9s do e-mail<span class=\"more-button\"><a href=\"https:\/\/www.vetron.net\/pt\/contact\/\" class=\"more-link\">Continue reading<span class=\"screen-reader-text\">Contacto<\/span><i class=\"fa fa-angle-right\" aria-hidden=\"true\"><\/i><\/a><\/span><\/p>\n","protected":false},"author":1,"featured_media":0,"parent":0,"menu_order":0,"comment_status":"closed","ping_status":"closed","template":"","meta":{"footnotes":""},"class_list":["post-7176","page","type-page","status-publish","hentry"],"_links":{"self":[{"href":"https:\/\/www.vetron.net\/pt\/wp-json\/wp\/v2\/pages\/7176","targetHints":{"allow":["GET"]}}],"collection":[{"href":"https:\/\/www.vetron.net\/pt\/wp-json\/wp\/v2\/pages"}],"about":[{"href":"https:\/\/www.vetron.net\/pt\/wp-json\/wp\/v2\/types\/page"}],"author":[{"embeddable":true,"href":"https:\/\/www.vetron.net\/pt\/wp-json\/wp\/v2\/users\/1"}],"replies":[{"embeddable":true,"href":"https:\/\/www.vetron.net\/pt\/wp-json\/wp\/v2\/comments?post=7176"}],"version-history":[{"count":14,"href":"https:\/\/www.vetron.net\/pt\/wp-json\/wp\/v2\/pages\/7176\/revisions"}],"predecessor-version":[{"id":8545,"href":"https:\/\/www.vetron.net\/pt\/wp-json\/wp\/v2\/pages\/7176\/revisions\/8545"}],"wp:attachment":[{"href":"https:\/\/www.vetron.net\/pt\/wp-json\/wp\/v2\/media?parent=7176"}],"curies":[{"name":"wp","href":"https:\/\/api.w.org\/{rel}","templated":true}]}}