{"id":8077,"date":"2024-09-18T20:02:41","date_gmt":"2024-09-18T20:02:41","guid":{"rendered":"https:\/\/www.vetron.net\/en\/?page_id=8077"},"modified":"2025-11-04T13:09:26","modified_gmt":"2025-11-04T13:09:26","slug":"golfinginaether-tos","status":"publish","type":"page","link":"https:\/\/www.vetron.net\/it\/golfinginaether-tos\/","title":{"rendered":"Termini di servizio"},"content":{"rendered":"\n<p>I presenti Termini di Servizio (&#8220;Termini&#8221;) regolano l&#8217;utilizzo di &#8220;Golfing in Aether&#8221; da parte dell&#8217;impresa individuale &#8220;Vetron&#8221;. Accedendo o utilizzando Golfing in Aether, accetti di essere vincolato dai presenti Termini. Se non sei d&#8217;accordo con una qualsiasi parte dei Termini, non potrai accedere a Golfing in Aether.<\/p>\n\n\n\n<div class=\"wp-block-wpm-language-switcher\"><select class=\"wpm-language-switcher wpm-switcher-select\" title=\"Language Switcher\"><option value=\"en\" data-lang=\"en\">English<\/option><option value=\"ja\" data-lang=\"ja\">\u65e5\u672c\u8a9e<\/option><option value=\"fr\" data-lang=\"fr\">Fran\u00e7ais<\/option><option value=\"de\" data-lang=\"de\">Deutsch<\/option><option value=\"es\" data-lang=\"es\">Espa\u00f1ol<\/option><option value=\"pt\" data-lang=\"pt\">Portugu\u00eas<\/option><option value=\"it\" data-lang=\"it\" selected>Italiano<\/option><option value=\"tr\" data-lang=\"tr\">T\u00fcrk\u00e7e<\/option><\/select><\/div>\n\n\n\n<h2 class=\"wp-block-heading\">1. Accesso e utilizzo<\/h2>\n\n\n\n<p>Puoi accedere e utilizzare &#8220;Golfing in Aether&#8221; senza creare un account aggiuntivo o effettuare alcuna procedura di collegamento.<\/p>\n\n\n\n<p>Sulle piattaforme che lo consentono, \u00e8 possibile collegare il proprio account, se lo si desidera, per mantenere statistiche giocatore e lista amici persistenti su tutte le piattaforme. Tuttavia, il gioco multipiattaforma e le relative funzionalit\u00e0 funzionano senza la necessit\u00e0 di collegare l&#8217;account.<\/p>\n\n\n\n<p>Gli acquisti sono vincolati alla piattaforma o al negozio da cui \u00e8 stato effettuato l&#8217;acquisto. Non siamo in grado di facilitare i trasferimenti o fornire &#8220;chiavi&#8221; o equivalenti per altri negozi. I presenti Termini di servizio non esentano l&#8217;utente da eventuali restrizioni di accesso o utilizzo imposte dal negozio o dalla piattaforma da cui \u00e8 stato acquistato il gioco.<\/p>\n\n\n\n<h2 class=\"wp-block-heading\">2. Codice di condotta<\/h2>\n\n\n\n<p>You agree to adhere to the &#8220;Golfing in Aether&#8221; Code of Conduct, which governs your conduct within the game. This entails refraining from cheating, being offensive, and spamming the quick chat functionality.<\/p>\n\n\n\n<h3 class=\"wp-block-heading\">2.1. Offensiva<\/h3>\n\n\n\n<p>Sei responsabile del modo in cui ti esprimi. Sebbene i nostri titoli non utilizzino chat vocale o testuale, questa politica si estende anche ai nomi dei giocatori. Non consentiamo un linguaggio che potrebbe risultare offensivo o volgare per gli altri. \u00c8 in atto un controllo delle parolacce per limitare questo comportamento.<\/p>\n\n\n\n<h4 class=\"wp-block-heading\">Conseguenze:<\/h4>\n\n\n\n<ul class=\"wp-block-list\">\n<li>Qualsiasi tentativo di aggirare ripetutamente i controlli sulle parolacce potrebbe comportare restrizioni dell&#8217;account, se ritenuto opportuno.<\/li>\n\n\n\n<li>Casi gravi, come incitamento all&#8217;odio e linguaggio discriminatorio, saranno segnalati ai rispettivi negozi e piattaforme, che agiranno autonomamente per moderarli.<\/li>\n<\/ul>\n\n\n\n<h3 class=\"wp-block-heading\">2.2. Imbrogliare<\/h3>\n\n\n\n<p>Sei responsabile di come tu e il tuo account venite rappresentati nel mondo di gioco. L&#8217;utilizzo di programmi cheat o la modifica del programma di gioco in qualsiasi modo \u00e8 severamente vietato.<\/p>\n\n\n\n<h4 class=\"wp-block-heading\">Conseguenze:<\/h4>\n\n\n\n<ul class=\"wp-block-list\">\n<li>L&#8217;esecuzione di attivit\u00e0 fraudolente comporter\u00e0 restrizioni dell&#8217;account.<\/li>\n\n\n\n<li>Le segnalazioni possono essere condivise con la piattaforma specifica dell&#8217;account su cui si sta giocando, laddove ci\u00f2 sia regolato da una specifica politica di codice di condotta.<\/li>\n<\/ul>\n\n\n\n<h3 class=\"wp-block-heading\">2.3. <strong>Spam<\/strong><\/h3>\n\n\n\n<p>Sebbene nei nostri titoli non siano utilizzate chat vocali o di testo, non \u00e8 consentito l&#8217;uso eccessivo e ripetuto della funzione Chat rapida.<\/p>\n\n\n\n<h4 class=\"wp-block-heading\">Conseguenze:<\/h4>\n\n\n\n<ul class=\"wp-block-list\">\n<li>Qualsiasi tentativo di aggirare ripetutamente i limiti di gioco esistenti potrebbe comportare restrizioni dell&#8217;account, se ritenuto opportuno.<\/li>\n<\/ul>\n\n\n\n<h3 class=\"wp-block-heading\">2.4. <strong>Note aggiuntive<\/strong>:<\/h3>\n\n\n\n<ul class=\"wp-block-list\">\n<li>Aiutaci a mantenere un ambiente sicuro e accogliente utilizzando la funzione di segnalazione dei giocatori presente nel menu social.<\/li>\n\n\n\n<li>Puoi auto-moderarti immediatamente aggiungendo un giocatore alla tua lista di blocco per silenziare la comunicazione in generale e impedirgli di partecipare alle tue sessioni.<\/li>\n\n\n\n<li>Assicurati di leggere anche il codice di condotta della piattaforma su cui stai giocando.<\/li>\n<\/ul>\n\n\n\n<h2 class=\"wp-block-heading\">3. Riservatezza<\/h2>\n\n\n\n<p>Ti invitiamo a leggere la nostra Informativa sulla privacy, che descrive dettagliatamente l&#8217;utilizzo dei tuoi dati.<\/p>\n\n\n\n<h3 class=\"wp-block-heading\">3.1. Dove abbiamo sede?<\/h3>\n\n\n\n<p>Vetron ha sede nel Regno Unito. Abbiamo partner di distribuzione e servizi in diversi paesi in tutto il mondo. La presente informativa sulla privacy descrive le diverse modalit\u00e0 con cui raccogliamo, utilizziamo e condividiamo informazioni su, attraverso o in relazione ai fornitori tramite i quali distribuiamo e gestiamo i nostri giochi.<\/p>\n\n\n\n<h3 class=\"wp-block-heading\">3.2. Quali informazioni raccogliamo?<\/h3>\n\n\n\n<p>Non raccogliamo n\u00e9 memorizziamo informazioni n\u00e9 le gestiamo in alcun modo al di l\u00e0 delle operazioni specifiche dell&#8217;ambiente di gioco. Tutte le informazioni che gestiamo vengono utilizzate solo per facilitare le operazioni di gioco e le connessioni ai vari servizi di gioco della piattaforma specifica. Alcune delle informazioni che utilizziamo per questo processo sono descritte di seguito:<\/p>\n\n\n\n<ul class=\"wp-block-list\">\n<li>Il tuo identificativo univoco dell&#8217;account o della piattaforma (ad esempio, per gestire le operazioni di base della piattaforma o del servizio).<\/li>\n\n\n\n<li>Il tuo attuale nome pubblico visualizzato (ad esempio, per la visualizzazione nel gioco come parte del tuo profilo e per la condivisione con altri utenti come parte di una sessione multigiocatore).<\/li>\n\n\n\n<li>Preferenze di lingua (ad esempio, per sapere quale localizzazione impostare nel gioco).<\/li>\n\n\n\n<li>Elenco di amici (ad esempio, per gestire gli inviti a una sessione online).<\/li>\n\n\n\n<li>Il tuo indirizzo IP (ad esempio, quando specifico per la creazione o la partecipazione a sessioni online).<\/li>\n\n\n\n<li>Paese (ad esempio, per visualizzare le offerte nella tua valuta e nella tua regione specifiche).<\/li>\n<\/ul>\n\n\n\n<h3 class=\"wp-block-heading\">3.3. <strong>Come condividiamo queste informazioni?<\/strong><\/h3>\n\n\n\n<p>Alcune informazioni potrebbero essere condivise con altri utenti o entit\u00e0, il tutto tramite i servizi e le piattaforme su cui distribuiamo il gioco. Questo avviene solo per facilitare le operazioni di gioco, di cui abbiamo fornito esempi di seguito; in nessun momento queste informazioni vengono condivise tramite i nostri server, n\u00e9 le memorizziamo o raccogliamo da nessuna parte.<\/p>\n\n\n\n<ul class=\"wp-block-list\">\n<li>Con altri utenti (ad esempio, per facilitare il gioco, ad esempio creando e partecipando a sessioni multigiocatore).<\/li>\n\n\n\n<li>Con i partner di console e piattaforme (ad esempio, per facilitare il gioco quando si accede ai servizi tramite un login specifico della piattaforma).<\/li>\n\n\n\n<li>Pubblicamente (ad esempio, il tuo nome visualizzato, le statistiche di base del gioco come i punteggi della classifica e altre informazioni simili saranno generalmente accessibili ad altri).<\/li>\n<\/ul>\n\n\n\n<h3 class=\"wp-block-heading\">3.4. E il marketing?<\/h3>\n\n\n\n<p>Non offriamo comunicazioni dirette agli utenti, ad esempio tramite newsletter, quindi non ti chiederemo mai il tuo indirizzo email o altri mezzi per contattarti. Tutte le notizie o le attivit\u00e0 di marketing relative ai nostri giochi vengono pubblicate tramite le piattaforme dei social media e gli stessi store online.<\/p>\n\n\n\n<p>Come indicato sopra, non raccogliamo n\u00e9 memorizziamo alcuna informazione personale. Ci\u00f2 significa che non venderemo le tue informazioni a terze parti n\u00e9 le utilizzeremo per attivit\u00e0 di marketing.<\/p>\n\n\n\n<p>Per monitorare l&#8217;andamento del nostro gioco, ci affidiamo a dati aggregati in base a ci\u00f2 che ogni store online consente, come ad esempio la percentuale di giocatori che ha sbloccato un obiettivo specifico. Queste non sono informazioni personali identificabili e contengono solo dati complessivi relativi all&#8217;intera base di giocatori.<\/p>\n\n\n\n<h3 class=\"wp-block-heading\">3.5. Come gestiamo la privacy dei bambini?<\/h3>\n\n\n\n<p>Le piattaforme su cui distribuiamo i nostri giochi non consentono la creazione di account da parte di persone di et\u00e0 inferiore ai 13 anni. Non memorizziamo informazioni di persone di nessuna fascia d&#8217;et\u00e0, e questo vale anche per i bambini.<\/p>\n\n\n\n<p>Sebbene i nostri giochi possano essere classificati come adatti a persone di et\u00e0 pari o inferiore ai 13 anni, non sono rivolti n\u00e9 commercializzati ai bambini.<\/p>\n\n\n\n<h3 class=\"wp-block-heading\">3.6. Note aggiuntive e aggiornamenti<\/h3>\n\n\n\n<p>I nostri giochi e i siti web correlati su cui vengono venduti potrebbero contenere link ad altri siti; non siamo responsabili delle pratiche sulla privacy o del contenuto di tali siti web.<\/p>\n\n\n\n<p>Vetron aggiorner\u00e0 occasionalmente la presente Informativa sulla privacy. In tal caso, modificheremo la data indicata in cima all&#8217;informativa. Ti preghiamo di consultare regolarmente la presente informativa per assicurarti di comprendere il tuo rapporto con Vetron e le modalit\u00e0 con cui potremmo gestire le tue informazioni.<\/p>\n\n\n\n<h2 class=\"wp-block-heading\"><strong>4. Legge applicabile<\/strong><\/h2>\n\n\n\n<p>I presenti termini e condizioni sono regolati e interpretati in conformit\u00e0 con le leggi di Inghilterra e Galles. Qualsiasi controversia derivante dai presenti termini e condizioni sar\u00e0 soggetta alla giurisdizione esclusiva dei tribunali di Inghilterra e Galles.<\/p>\n\n\n\n<h2 class=\"wp-block-heading\">Contattaci<\/h2>\n\n\n\n<p>Per qualsiasi domanda potete contattarci direttamente all&#8217;indirizzo <a href=\"mailto:support@vetron.net\">support@vetron.net<\/a>.<\/p>\n\n\n\n<p><\/p>\n","protected":false},"excerpt":{"rendered":"<p>I presenti Termini di Servizio (&#8220;Termini&#8221;) regolano l&#8217;utilizzo di &#8220;Golfing in Aether&#8221; da parte dell&#8217;impresa individuale &#8220;Vetron&#8221;. Accedendo o utilizzando Golfing in Aether, accetti di essere vincolato dai presenti Termini. Se non sei d&#8217;accordo con<span class=\"more-button\"><a href=\"https:\/\/www.vetron.net\/it\/golfinginaether-tos\/\" class=\"more-link\">Continue reading<span class=\"screen-reader-text\">Termini di servizio<\/span><i class=\"fa fa-angle-right\" aria-hidden=\"true\"><\/i><\/a><\/span><\/p>\n","protected":false},"author":1,"featured_media":0,"parent":0,"menu_order":0,"comment_status":"closed","ping_status":"closed","template":"","meta":{"footnotes":""},"class_list":["post-8077","page","type-page","status-publish","hentry"],"_links":{"self":[{"href":"https:\/\/www.vetron.net\/it\/wp-json\/wp\/v2\/pages\/8077","targetHints":{"allow":["GET"]}}],"collection":[{"href":"https:\/\/www.vetron.net\/it\/wp-json\/wp\/v2\/pages"}],"about":[{"href":"https:\/\/www.vetron.net\/it\/wp-json\/wp\/v2\/types\/page"}],"author":[{"embeddable":true,"href":"https:\/\/www.vetron.net\/it\/wp-json\/wp\/v2\/users\/1"}],"replies":[{"embeddable":true,"href":"https:\/\/www.vetron.net\/it\/wp-json\/wp\/v2\/comments?post=8077"}],"version-history":[{"count":44,"href":"https:\/\/www.vetron.net\/it\/wp-json\/wp\/v2\/pages\/8077\/revisions"}],"predecessor-version":[{"id":8567,"href":"https:\/\/www.vetron.net\/it\/wp-json\/wp\/v2\/pages\/8077\/revisions\/8567"}],"wp:attachment":[{"href":"https:\/\/www.vetron.net\/it\/wp-json\/wp\/v2\/media?parent=8077"}],"curies":[{"name":"wp","href":"https:\/\/api.w.org\/{rel}","templated":true}]}}