{"id":7682,"date":"2023-08-24T00:11:31","date_gmt":"2023-08-23T23:11:31","guid":{"rendered":"https:\/\/www.vetron.net\/?page_id=7682"},"modified":"2025-11-04T15:03:35","modified_gmt":"2025-11-04T15:03:35","slug":"privacy","status":"publish","type":"page","link":"https:\/\/www.vetron.net\/it\/privacy\/","title":{"rendered":"Riservatezza"},"content":{"rendered":"\n<p>Vetron ha sede nel Regno Unito. Abbiamo partner di distribuzione e servizi in diversi paesi in tutto il mondo. La presente informativa sulla privacy descrive le diverse modalit\u00e0 con cui raccogliamo, utilizziamo e condividiamo informazioni su, attraverso o in relazione ai fornitori tramite i quali distribuiamo e gestiamo i nostri giochi.<\/p>\n\n\n\n<p>Ultimo aggiornamento 24 agosto 2023.<\/p>\n\n\n\n<h2 class=\"wp-block-heading\">Quali informazioni raccogliamo?<\/h2>\n\n\n\n<p>Non raccogliamo n\u00e9 memorizziamo informazioni direttamente n\u00e9 le gestiamo in alcun modo al di fuori delle operazioni specifiche dell&#8217;ambiente di gioco. Tutte le informazioni che gestiamo vengono utilizzate esclusivamente per facilitare le operazioni di gioco e le connessioni ai vari servizi di gioco della piattaforma specifica. Alcune delle informazioni che utilizziamo per questo processo sono descritte di seguito:<\/p>\n\n\n\n<ul class=\"wp-block-list\">\n<li>Il tuo identificativo univoco dell&#8217;account o della piattaforma (ad esempio, per gestire le operazioni di base della piattaforma o del servizio).<\/li>\n\n\n\n<li>Il tuo attuale nome pubblico visualizzato (ad esempio, per la visualizzazione nel gioco come parte del tuo profilo e per la condivisione con altri utenti durante una sessione multigiocatore).<\/li>\n\n\n\n<li>Preferenze di lingua (ad esempio, per sapere quale localizzazione impostare nel gioco).<\/li>\n\n\n\n<li>Elenco di amici (ad esempio, per gestire gli inviti a una sessione online).<\/li>\n\n\n\n<li>Il tuo indirizzo IP (ad esempio, quando necessario per creare o partecipare a sessioni online).<\/li>\n\n\n\n<li>Paese (ad esempio, per visualizzare le offerte nella tua valuta e regione specifiche).<\/li>\n<\/ul>\n\n\n\n<h2 class=\"wp-block-heading\">Come condividiamo queste informazioni?<\/h2>\n\n\n\n<p>Alcune informazioni potrebbero essere condivise con altri utenti o entit\u00e0, il tutto tramite i servizi e le piattaforme su cui distribuiamo il gioco. Questo avviene solo per facilitare le operazioni di gioco, di cui abbiamo fornito esempi di seguito; in nessun momento queste informazioni vengono condivise tramite i nostri server, n\u00e9 le memorizziamo o raccogliamo da nessuna parte.<\/p>\n\n\n\n<ul class=\"wp-block-list\">\n<li>Con altri utenti (ad esempio, per facilitare il gioco, ad esempio creando e partecipando a sessioni multigiocatore).<\/li>\n\n\n\n<li>Con i partner di console e piattaforme (ad esempio, per facilitare il gioco quando si accede ai servizi tramite un login specifico per la piattaforma).<\/li>\n\n\n\n<li>Pubblicamente (ad esempio, il nome visualizzato, le statistiche di gioco di base, come i punteggi della classifica e altre informazioni simili, saranno generalmente accessibili ad altri).<\/li>\n<\/ul>\n\n\n\n<h2 class=\"wp-block-heading\">E il marketing?<\/h2>\n\n\n\n<p>Non offriamo comunicazioni dirette agli utenti, ad esempio tramite newsletter, quindi non ti chiederemo mai il tuo indirizzo email o altri mezzi per contattarti. Tutte le notizie o le attivit\u00e0 di marketing relative ai nostri giochi vengono pubblicate tramite le piattaforme dei social media e gli stessi store online.<\/p>\n\n\n\n<p>Come indicato sopra, non raccogliamo n\u00e9 memorizziamo alcuna informazione personale. Ci\u00f2 significa che non venderemo le tue informazioni a terze parti n\u00e9 le utilizzeremo per attivit\u00e0 di marketing.<\/p>\n\n\n\n<p>Per monitorare l&#8217;andamento del nostro gioco, ci affidiamo a dati aggregati in base a ci\u00f2 che ogni store online consente, come ad esempio la percentuale di giocatori che ha sbloccato un obiettivo specifico. Queste non sono informazioni personali identificabili e contengono solo dati complessivi relativi all&#8217;intera base di giocatori.<\/p>\n\n\n\n<h2 class=\"wp-block-heading\">Come gestiamo la privacy dei bambini?<\/h2>\n\n\n\n<p>Le piattaforme su cui distribuiamo i nostri giochi non consentono la creazione di account da parte di persone di et\u00e0 inferiore ai 13 anni. Non memorizziamo informazioni di persone di nessuna fascia d&#8217;et\u00e0, e questo vale anche per i bambini.<\/p>\n\n\n\n<p>Sebbene i nostri giochi possano essere classificati come adatti a persone di et\u00e0 pari o inferiore ai 13 anni, non sono rivolti n\u00e9 commercializzati ai bambini.<\/p>\n\n\n\n<h2 class=\"wp-block-heading\">Note aggiuntive e aggiornamenti<\/h2>\n\n\n\n<p>I nostri giochi e i siti web correlati su cui vengono venduti potrebbero contenere link ad altri siti; non siamo responsabili delle pratiche sulla privacy o del contenuto di tali siti web.<\/p>\n\n\n\n<p>Vetron aggiorner\u00e0 occasionalmente la presente Informativa sulla privacy. In tal caso, modificheremo la data indicata in cima all&#8217;informativa. Ti preghiamo di consultare regolarmente la presente informativa per assicurarti di comprendere il tuo rapporto con Vetron e le modalit\u00e0 con cui potremmo gestire le tue informazioni.<\/p>\n\n\n\n<h2 class=\"wp-block-heading\">Contattaci<\/h2>\n\n\n\n<p>Per qualsiasi domanda potete contattarci direttamente all&#8217;indirizzo <a href=\"mailto:support@vetron.net\">support@vetron.net<\/a>.<\/p>\n\n\n\n<div class=\"wp-block-group alignfull\" style=\"padding-top:var(--wp--preset--spacing--40);padding-right:var(--wp--preset--spacing--30);padding-bottom:var(--wp--preset--spacing--40);padding-left:var(--wp--preset--spacing--30)\"><div class=\"wp-block-group__inner-container is-layout-constrained wp-container-core-group-is-layout-a93d0d1d wp-block-group-is-layout-constrained\"><\/div><\/div>\n","protected":false},"excerpt":{"rendered":"<p>Vetron ha sede nel Regno Unito. Abbiamo partner di distribuzione e servizi in diversi paesi in tutto il mondo. La presente informativa sulla privacy descrive le diverse modalit\u00e0 con cui raccogliamo, utilizziamo e condividiamo informazioni<span class=\"more-button\"><a href=\"https:\/\/www.vetron.net\/it\/privacy\/\" class=\"more-link\">Continue reading<span class=\"screen-reader-text\">Riservatezza<\/span><i class=\"fa fa-angle-right\" aria-hidden=\"true\"><\/i><\/a><\/span><\/p>\n","protected":false},"author":1,"featured_media":0,"parent":0,"menu_order":0,"comment_status":"closed","ping_status":"closed","template":"","meta":{"footnotes":""},"class_list":["post-7682","page","type-page","status-publish","hentry"],"_links":{"self":[{"href":"https:\/\/www.vetron.net\/it\/wp-json\/wp\/v2\/pages\/7682","targetHints":{"allow":["GET"]}}],"collection":[{"href":"https:\/\/www.vetron.net\/it\/wp-json\/wp\/v2\/pages"}],"about":[{"href":"https:\/\/www.vetron.net\/it\/wp-json\/wp\/v2\/types\/page"}],"author":[{"embeddable":true,"href":"https:\/\/www.vetron.net\/it\/wp-json\/wp\/v2\/users\/1"}],"replies":[{"embeddable":true,"href":"https:\/\/www.vetron.net\/it\/wp-json\/wp\/v2\/comments?post=7682"}],"version-history":[{"count":10,"href":"https:\/\/www.vetron.net\/it\/wp-json\/wp\/v2\/pages\/7682\/revisions"}],"predecessor-version":[{"id":8574,"href":"https:\/\/www.vetron.net\/it\/wp-json\/wp\/v2\/pages\/7682\/revisions\/8574"}],"wp:attachment":[{"href":"https:\/\/www.vetron.net\/it\/wp-json\/wp\/v2\/media?parent=7682"}],"curies":[{"name":"wp","href":"https:\/\/api.w.org\/{rel}","templated":true}]}}