{"id":7198,"date":"2022-12-28T18:54:55","date_gmt":"2022-12-28T18:54:55","guid":{"rendered":"https:\/\/www.vetron.net\/?page_id=7198"},"modified":"2025-11-03T22:19:50","modified_gmt":"2025-11-03T22:19:50","slug":"golfinginaether","status":"publish","type":"page","link":"https:\/\/www.vetron.net\/it\/golfinginaether\/","title":{"rendered":"Golfing in Aether (2022)"},"content":{"rendered":"\n<figure class=\"wp-block-image size-full\"><img loading=\"lazy\" decoding=\"async\" width=\"2560\" height=\"1440\" src=\"https:\/\/www.vetron.net\/wp-content\/uploads\/2023\/09\/HighresScreenshot00102-scaled-1.jpg\" alt=\"\" class=\"wp-image-7716\" style=\"object-fit:cover\"\/><\/figure>\n\n\n\n<div class=\"wp-block-group is-vertical is-layout-flex wp-container-core-group-is-layout-8cad6afd wp-block-group-is-layout-flex\">\n<p>Golfing in Aether \u00e8 un gioco di minigolf multigiocatore che supporta fino a 16 giocatori online o 4 giocatori in modalit\u00e0 schermo condiviso. Una delle sue caratteristiche di gioco pi\u00f9 interessanti \u00e8 la configurazione casuale del percorso, che permette di sperimentare un&#8217;esperienza diversa ogni volta che si gioca.<\/p>\n<\/div>\n\n\n\n<p><\/p>\n\n\n\n<ul class=\"wp-block-list\">\n<li><strong>Sviluppatrice:<\/strong> Vetron<\/li>\n\n\n\n<li><strong>Data di rilascio:<\/strong> September 23rd, 2022<\/li>\n\n\n\n<li><strong>Piattaforme:<\/strong> Steam (Windows, Linux, macOS), Xbox (Windows Store, Xbox One, Xbox Series), PlayStation 5, Nintendo Switch.<\/li>\n\n\n\n<li><strong>Prezzo:<\/strong> 9.99 USD<\/li>\n\n\n\n<li><strong>Disponibilit\u00e0:<\/strong> Digital Download<\/li>\n\n\n\n<li><strong>Lingue:<\/strong> Inglese, giapponese, francese, tedesco, spagnolo, portoghese, italiano, turco<\/li>\n\n\n\n<li><strong>Contatto stampa:<\/strong> press@vetron.net<\/li>\n\n\n\n<li><strong>Sito web:<\/strong> www.vetron.net\/en\/golfinginaether<\/li>\n\n\n\n<li><strong>Accessibilit\u00e0<\/strong>: <a href=\"https:\/\/www.vetron.net\/golfinginaether-accessibility\/\" data-type=\"page\" data-id=\"7747\">www.vetron.net\/en\/golfinginaether\/accessibility<\/a><\/li>\n<\/ul>\n\n\n\n<h2 class=\"wp-block-heading\">Come \u00e8 nato Golfing in Aether?<\/h2>\n\n\n\n<div class=\"wp-block-group is-vertical is-layout-flex wp-container-core-group-is-layout-8cf370e7 wp-block-group-is-layout-flex\">\n<div class=\"wp-block-jetpack-layout-grid column1-desktop-grid__span-6 column1-desktop-grid__row-1 column2-desktop-grid__span-6 column2-desktop-grid__start-7 column2-desktop-grid__row-1 column1-tablet-grid__span-4 column1-tablet-grid__row-1 column2-tablet-grid__span-4 column2-tablet-grid__start-5 column2-tablet-grid__row-1 column1-mobile-grid__span-4 column1-mobile-grid__row-1 column2-mobile-grid__span-4 column2-mobile-grid__row-2 wp-block-jetpack-layout-gutter__nowrap\">\n<div class=\"wp-block-jetpack-layout-grid-column wp-block-jetpack-layout-grid__padding-none\">\n<p>Inizialmente il gioco \u00e8 stato creato per colmare una lacuna in termini di accessibilit\u00e0 nei titoli di minigolf per PC. In particolare per quanto riguarda il gioco in locale e la possibilit\u00e0 di impostare le opzioni per ogni singolo giocatore.<\/p>\n\n\n\n<p>Questo \u00e8 un vero problema se si pensa che nella maggior parte dei gruppi di amici o familiari ci sar\u00e0 sempre qualcuno che, come minimo, vorrebbe invertire i controlli della telecamera.<\/p>\n<\/div>\n\n\n\n<div class=\"wp-block-jetpack-layout-grid-column wp-block-jetpack-layout-grid__padding-none\">\n<figure class=\"wp-block-image size-full\"><img loading=\"lazy\" decoding=\"async\" width=\"1920\" height=\"1080\" src=\"https:\/\/www.vetron.net\/wp-content\/uploads\/2023\/09\/Screenshot05.jpg\" alt=\"\" class=\"wp-image-7700\"\/><\/figure>\n<\/div>\n<\/div>\n\n\n\n<p>Giocare a golf in Aether risolve questo problema fornendo profili individuali per ogni giocatore locale. Questi consentono di memorizzare tutto, dal nome del giocatore e la sua personalizzazione, alla rimappatura del controller o alle opzioni di accessibilit\u00e0 generali. Si tratta di un processo rapido e semplice grazie al supporto completo del gamepad e alla funzionalit\u00e0 di tastiera su schermo integrata.<\/p>\n\n\n\n<figure class=\"wp-block-image size-full\"><img loading=\"lazy\" decoding=\"async\" width=\"2560\" height=\"1440\" src=\"https:\/\/www.vetron.net\/wp-content\/uploads\/2023\/09\/HighresScreenshot00099-scaled-1.jpg\" alt=\"\" class=\"wp-image-7719\"\/><figcaption class=\"wp-element-caption\">Isole galleggianti randomizzate<\/figcaption><\/figure>\n\n\n\n<p>Il tema delle isole fluttuanti del gioco \u00e8 nato in risposta alla confusione che alcuni giocatori provavano a causa della natura densa dei percorsi standard. Abbiamo anche pensato che le isole presenti durante ogni sessione di gioco potessero essere randomizzate, garantendo cos\u00ec una maggiore rigiocabilit\u00e0.<\/p>\n\n\n\n<p>Un secondo vantaggio funzionale offerto da queste isole fluttuanti \u00e8 che i giocatori che utilizzano hardware di fascia bassa possono disabilitare completamente il rendering di altre isole, il che contribuisce a ridurre notevolmente i requisiti minimi del gioco.<\/p>\n<\/div>\n\n\n\n<h2 class=\"wp-block-heading\">Dove posso giocare a golf in Aether?<\/h2>\n\n\n\n<div class=\"wp-block-group is-vertical is-layout-flex wp-container-core-group-is-layout-8cad6afd wp-block-group-is-layout-flex\">\n<p>Il gioco \u00e8 attualmente disponibile nei seguenti negozi:<\/p>\n<\/div>\n\n\n\n<div class=\"wp-block-buttons is-layout-flex wp-block-buttons-is-layout-flex\">\n<div class=\"wp-block-button\"><a class=\"wp-block-button__link wp-element-button\" href=\"https:\/\/store.steampowered.com\/curator\/42220835\" target=\"_blank\" rel=\"noreferrer noopener\">Steam Store<\/a><\/div>\n\n\n\n<div class=\"wp-block-button\"><a class=\"wp-block-button__link wp-element-button\" href=\"https:\/\/www.nintendo.com\/us\/store\/products\/golfing-in-aether-switch\/\">Nintendo Store<\/a><\/div>\n<\/div>\n\n\n\n<h2 class=\"wp-block-heading\">Rimorchio<\/h2>\n\n\n\n<figure class=\"wp-block-embed is-type-video is-provider-youtube wp-block-embed-youtube wp-embed-aspect-16-9 wp-has-aspect-ratio\"><div class=\"wp-block-embed__wrapper\">\n<iframe loading=\"lazy\" title=\"Golfing in Aether - Release Trailer\" width=\"940\" height=\"529\" src=\"https:\/\/www.youtube.com\/embed\/dwKrk7c2TVQ?feature=oembed\" frameborder=\"0\" allow=\"accelerometer; autoplay; clipboard-write; encrypted-media; gyroscope; picture-in-picture; web-share\" referrerpolicy=\"strict-origin-when-cross-origin\" allowfullscreen><\/iframe>\n<\/div><\/figure>\n\n\n\n<div class=\"wp-block-group is-vertical is-layout-flex wp-container-core-group-is-layout-8cad6afd wp-block-group-is-layout-flex\">\n<p>Qui sopra trovate il nostro trailer di lancio, che mostra il gameplay da quattro diverse prospettive di gioco. Potete scaricare il trailer insieme a tutti gli screenshot cliccando sul pulsante qui sotto.<\/p>\n<\/div>\n\n\n\n<p><\/p>\n\n\n\n<div class=\"wp-block-group is-vertical is-layout-flex wp-container-core-group-is-layout-8cad6afd wp-block-group-is-layout-flex\">\n<div class=\"wp-block-buttons is-layout-flex wp-block-buttons-is-layout-flex\">\n<div class=\"wp-block-button\"><a class=\"wp-block-button__link wp-element-button\" href=\"https:\/\/www.dropbox.com\/scl\/fi\/mcx02buesm3lpg7t0hey6\/GolfingInAetherMedia.zip?rlkey=ybzl8itf2xnv6byl7pk82tudc&#038;st=qd0jnc0z&#038;dl=0\" target=\"_blank\" rel=\"noreferrer noopener\">Scarica i media<\/a><\/div>\n<\/div>\n<\/div>\n\n\n\n<h2 class=\"wp-block-heading\">Chi siamo?<\/h2>\n\n\n\n<div class=\"wp-block-group is-vertical is-layout-flex wp-container-core-group-is-layout-8cf370e7 wp-block-group-is-layout-flex\">\n<div class=\"wp-block-jetpack-layout-grid column1-desktop-grid__span-6 column1-desktop-grid__row-1 column2-desktop-grid__span-6 column2-desktop-grid__start-7 column2-desktop-grid__row-1 column1-tablet-grid__span-4 column1-tablet-grid__row-1 column2-tablet-grid__span-4 column2-tablet-grid__start-5 column2-tablet-grid__row-1 column1-mobile-grid__span-4 column1-mobile-grid__row-1 column2-mobile-grid__span-4 column2-mobile-grid__row-2 wp-block-jetpack-layout-gutter__nowrap\">\n<div class=\"wp-block-jetpack-layout-grid-column wp-block-jetpack-layout-grid__padding-none\">\n<p>Vetron ha iniziato la sua attivit\u00e0 come sviluppatore di asset con sede nel Regno Unito nel 2013, sulla scia di diversi progetti di mod di successo della community.<\/p>\n\n\n\n<p>Durante questi primi anni abbiamo potuto acquisire le preziose competenze ed esperienze che ci hanno permesso di passare allo sviluppo di videogiochi.<\/p>\n<\/div>\n\n\n\n<div class=\"wp-block-jetpack-layout-grid-column wp-block-jetpack-layout-grid__padding-none\"><div class=\"wp-block-image\">\n<figure class=\"aligncenter size-full is-resized\"><img loading=\"lazy\" decoding=\"async\" width=\"300\" height=\"300\" src=\"https:\/\/www.vetron.net\/wp-content\/uploads\/2023\/09\/VetronLogoXLbackground-e1672326575398-300x300-1.png\" alt=\"\" class=\"wp-image-7709\" style=\"width:300px;height:300px\"\/><figcaption class=\"wp-element-caption\">Vetron Logo<\/figcaption><\/figure>\n<\/div><\/div>\n<\/div>\n\n\n\n<p>Il nostro primo gioco, Capsa, \u00e8 nato da una collaborazione con lo sviluppatore canadese db.works ed \u00e8 stato lanciato nel 2017. Capsa \u00e8 un gioco di esplorazione open world con una forte componente social. Grazie alla natura del titolo, basato su client\/server, ci ha permesso di acquisire una notevole esperienza nell&#8217;ambito delle funzionalit\u00e0 multiplayer e dell&#8217;integrazione di servizi online.<\/p>\n\n\n\n<p>Continuando a concentrarci sui titoli multiplayer, come studio indipendente abbiamo pubblicato il nostro secondo gioco, Golfing in Aether, nel 2022.<\/p>\n\n\n\n<p>Amiamo la creativit\u00e0 e abbiamo una passione per lo sviluppo di giochi che possano essere giocati insieme a familiari e amici attraverso una ricca integrazione multiplayer.<br><\/p>\n<\/div>\n","protected":false},"excerpt":{"rendered":"<p>Golfing in Aether \u00e8 un gioco di minigolf multigiocatore che supporta fino a 16 giocatori online o 4 giocatori in modalit\u00e0 schermo condiviso. Una delle sue caratteristiche di gioco pi\u00f9 interessanti \u00e8 la configurazione casuale<span class=\"more-button\"><a href=\"https:\/\/www.vetron.net\/it\/golfinginaether\/\" class=\"more-link\">Continue reading<span class=\"screen-reader-text\">Golfing in Aether (2022)<\/span><i class=\"fa fa-angle-right\" aria-hidden=\"true\"><\/i><\/a><\/span><\/p>\n","protected":false},"author":1,"featured_media":0,"parent":0,"menu_order":0,"comment_status":"closed","ping_status":"closed","template":"","meta":{"footnotes":""},"class_list":["post-7198","page","type-page","status-publish","hentry"],"_links":{"self":[{"href":"https:\/\/www.vetron.net\/it\/wp-json\/wp\/v2\/pages\/7198","targetHints":{"allow":["GET"]}}],"collection":[{"href":"https:\/\/www.vetron.net\/it\/wp-json\/wp\/v2\/pages"}],"about":[{"href":"https:\/\/www.vetron.net\/it\/wp-json\/wp\/v2\/types\/page"}],"author":[{"embeddable":true,"href":"https:\/\/www.vetron.net\/it\/wp-json\/wp\/v2\/users\/1"}],"replies":[{"embeddable":true,"href":"https:\/\/www.vetron.net\/it\/wp-json\/wp\/v2\/comments?post=7198"}],"version-history":[{"count":52,"href":"https:\/\/www.vetron.net\/it\/wp-json\/wp\/v2\/pages\/7198\/revisions"}],"predecessor-version":[{"id":8541,"href":"https:\/\/www.vetron.net\/it\/wp-json\/wp\/v2\/pages\/7198\/revisions\/8541"}],"wp:attachment":[{"href":"https:\/\/www.vetron.net\/it\/wp-json\/wp\/v2\/media?parent=7198"}],"curies":[{"name":"wp","href":"https:\/\/api.w.org\/{rel}","templated":true}]}}