{"id":7176,"date":"2022-12-28T17:19:04","date_gmt":"2022-12-28T17:19:04","guid":{"rendered":"https:\/\/www.vetron.net\/?page_id=7176"},"modified":"2025-11-04T12:07:13","modified_gmt":"2025-11-04T12:07:13","slug":"contact","status":"publish","type":"page","link":"https:\/\/www.vetron.net\/it\/contact\/","title":{"rendered":"Contatto"},"content":{"rendered":"\n<h2 class=\"wp-block-heading\">Generale \/ Supporto<\/h2>\n\n\n\n<p>Per assistenza relativa a uno dei nostri giochi, verifica innanzitutto i metodi di contatto forniti dal negozio presso cui hai effettuato l&#8217;acquisto. Tuttavia, se hai ancora bisogno di assistenza, puoi contattarci direttamente all&#8217;indirizzo <a href=\"mailto:support@vetron.net\">support@vetron.net<\/a>.<\/p>\n\n\n\n<h2 class=\"wp-block-heading\">Premere<\/h2>\n\n\n\n<p>Per richieste stampa, contattare <a href=\"mailto:press@vetron.net\">press@vetron.net<\/a>.<\/p>\n\n\n\n<h2 class=\"wp-block-heading\">Chi siamo?<\/h2>\n\n\n\n<div class=\"wp-block-group is-vertical is-layout-flex wp-container-core-group-is-layout-8cf370e7 wp-block-group-is-layout-flex\">\n<div class=\"wp-block-jetpack-layout-grid column1-desktop-grid__span-6 column1-desktop-grid__row-1 column2-desktop-grid__span-6 column2-desktop-grid__start-7 column2-desktop-grid__row-1 column1-tablet-grid__span-4 column1-tablet-grid__row-1 column2-tablet-grid__span-4 column2-tablet-grid__start-5 column2-tablet-grid__row-1 column1-mobile-grid__span-4 column1-mobile-grid__row-1 column2-mobile-grid__span-4 column2-mobile-grid__row-2 wp-block-jetpack-layout-gutter__nowrap\">\n<div class=\"wp-block-jetpack-layout-grid-column wp-block-jetpack-layout-grid__padding-none\">\n<p>Vetron ha iniziato la sua attivit\u00e0 come sviluppatore di asset con sede nel Regno Unito nel 2013, sulla scia di diversi progetti di mod di successo della community.<\/p>\n\n\n\n<p>Durante questi primi anni abbiamo potuto acquisire le preziose competenze ed esperienze che ci hanno permesso di passare allo sviluppo di videogiochi.<\/p>\n<\/div>\n\n\n\n<div class=\"wp-block-jetpack-layout-grid-column wp-block-jetpack-layout-grid__padding-none\"><div class=\"wp-block-image\">\n<figure class=\"aligncenter size-full is-resized\"><img loading=\"lazy\" decoding=\"async\" width=\"300\" height=\"300\" src=\"https:\/\/www.vetron.net\/wp-content\/uploads\/2023\/09\/VetronLogoXLbackground-e1672326575398-300x300-1.png\" alt=\"\" class=\"wp-image-7709\" style=\"width:300px;height:300px\"\/><figcaption class=\"wp-element-caption\">Logo Vetron<\/figcaption><\/figure>\n<\/div><\/div>\n<\/div>\n\n\n\n<p>Il nostro primo gioco, Capsa, \u00e8 nato da una collaborazione con lo sviluppatore canadese db.works ed \u00e8 stato lanciato nel 2017. Capsa \u00e8 un gioco di esplorazione open world con una forte componente social. Grazie alla natura del titolo, basato su client\/server, ci ha permesso di acquisire una notevole esperienza nell&#8217;ambito delle funzionalit\u00e0 multiplayer e dell&#8217;integrazione di servizi online.<\/p>\n\n\n\n<p>Continuando a concentrarci sui titoli multiplayer, come studio indipendente abbiamo pubblicato il nostro secondo gioco, Golfing in Aether, nel 2022.<\/p>\n\n\n\n<p>Amiamo la creativit\u00e0 e abbiamo una passione per lo sviluppo di giochi che possano essere giocati insieme a familiari e amici attraverso una ricca integrazione multiplayer.<\/p>\n<\/div>\n","protected":false},"excerpt":{"rendered":"<p>Generale \/ Supporto Per assistenza relativa a uno dei nostri giochi, verifica innanzitutto i metodi di contatto forniti dal negozio presso cui hai effettuato l&#8217;acquisto. Tuttavia, se hai ancora bisogno di assistenza, puoi contattarci direttamente<span class=\"more-button\"><a href=\"https:\/\/www.vetron.net\/it\/contact\/\" class=\"more-link\">Continue reading<span class=\"screen-reader-text\">Contatto<\/span><i class=\"fa fa-angle-right\" aria-hidden=\"true\"><\/i><\/a><\/span><\/p>\n","protected":false},"author":1,"featured_media":0,"parent":0,"menu_order":0,"comment_status":"closed","ping_status":"closed","template":"","meta":{"footnotes":""},"class_list":["post-7176","page","type-page","status-publish","hentry"],"_links":{"self":[{"href":"https:\/\/www.vetron.net\/it\/wp-json\/wp\/v2\/pages\/7176","targetHints":{"allow":["GET"]}}],"collection":[{"href":"https:\/\/www.vetron.net\/it\/wp-json\/wp\/v2\/pages"}],"about":[{"href":"https:\/\/www.vetron.net\/it\/wp-json\/wp\/v2\/types\/page"}],"author":[{"embeddable":true,"href":"https:\/\/www.vetron.net\/it\/wp-json\/wp\/v2\/users\/1"}],"replies":[{"embeddable":true,"href":"https:\/\/www.vetron.net\/it\/wp-json\/wp\/v2\/comments?post=7176"}],"version-history":[{"count":14,"href":"https:\/\/www.vetron.net\/it\/wp-json\/wp\/v2\/pages\/7176\/revisions"}],"predecessor-version":[{"id":8545,"href":"https:\/\/www.vetron.net\/it\/wp-json\/wp\/v2\/pages\/7176\/revisions\/8545"}],"wp:attachment":[{"href":"https:\/\/www.vetron.net\/it\/wp-json\/wp\/v2\/media?parent=7176"}],"curies":[{"name":"wp","href":"https:\/\/api.w.org\/{rel}","templated":true}]}}