{"id":7682,"date":"2023-08-24T00:11:31","date_gmt":"2023-08-23T23:11:31","guid":{"rendered":"https:\/\/www.vetron.net\/?page_id=7682"},"modified":"2025-11-04T15:03:35","modified_gmt":"2025-11-04T15:03:35","slug":"privacy","status":"publish","type":"page","link":"https:\/\/www.vetron.net\/fr\/privacy\/","title":{"rendered":"Confidentialit\u00e9"},"content":{"rendered":"\n<p>Vetron est bas\u00e9 au Royaume-Uni. Nous avons des partenaires de distribution et de service dans divers pays du monde. Cette politique de confidentialit\u00e9 d\u00e9crit les diff\u00e9rentes mani\u00e8res dont nous collectons, utilisons et partageons (et ne collectons pas) des informations sur, via ou en relation avec les fournisseurs par lesquels nous distribuons et exploitons nos jeux.<\/p>\n\n\n\n<p>Derni\u00e8re mise \u00e0 jour le 24 ao\u00fbt 2023.<\/p>\n\n\n\n<h2 class=\"wp-block-heading\">Quelles informations collectons-nous ?<\/h2>\n\n\n\n<p>Nous ne collectons ni ne stockons les informations nous-m\u00eames, ni ne les traitons d&rsquo;aucune mani\u00e8re au-del\u00e0 des op\u00e9rations sp\u00e9cifiques \u00e0 l&rsquo;environnement du jeu. Toutes les informations que nous traitons ne sont utilis\u00e9es que pour faciliter les op\u00e9rations dans le jeu et les connexions \u00e0 divers services de jeu de la plateforme sp\u00e9cifique. Certaines des informations que nous utilisons pour ce processus sont d\u00e9crites ci-dessous\u00a0:<\/p>\n\n\n\n<ul class=\"wp-block-list\">\n<li>Votre identifiant de compte ou de plateforme unique (par exemple, pour g\u00e9rer les op\u00e9rations de base de la plateforme ou du service).<\/li>\n\n\n\n<li>Votre nom d&rsquo;affichage public actuel (par exemple, pour l&rsquo;affichage dans le jeu dans le cadre de votre profil et pour le partage avec d&rsquo;autres utilisateurs dans le cadre d&rsquo;une session multijoueur).<\/li>\n\n\n\n<li>Pr\u00e9f\u00e9rences linguistiques (par exemple, pour que nous sachions quelle localisation d\u00e9finir dans le jeu).<\/li>\n\n\n\n<li>Liste d&rsquo;amis (par exemple, pour g\u00e9rer les invitations \u00e0 une session en ligne).<\/li>\n\n\n\n<li>Votre adresse IP (par exemple, lorsqu&rsquo;elle est sp\u00e9cifique \u00e0 la cr\u00e9ation ou \u00e0 la participation \u00e0 des sessions en ligne).<\/li>\n\n\n\n<li>Pays (par exemple, pour afficher les offres dans votre devise et votre r\u00e9gion sp\u00e9cifiques).<\/li>\n<\/ul>\n\n\n\n<h2 class=\"wp-block-heading\">Comment partageons-nous ces informations ?<\/h2>\n\n\n\n<p>Certaines informations peuvent \u00eatre partag\u00e9es avec d&rsquo;autres utilisateurs ou entit\u00e9s, tout cela via les services et plateformes sur lesquels nous distribuons le jeu. Il s&rsquo;agit simplement de faciliter les op\u00e9rations dans le jeu dont nous avons donn\u00e9 des exemples ci-dessous. \u00c0 aucun moment, ces informations ne transitent par nos propres serveurs et nous ne les stockons ni ne les collectons nous-m\u00eames.<\/p>\n\n\n\n<ul class=\"wp-block-list\">\n<li>Avec d&rsquo;autres utilisateurs (par exemple, pour faciliter le jeu, comme la cr\u00e9ation et la participation \u00e0 des sessions multijoueurs).<\/li>\n\n\n\n<li>Avec des partenaires de console et de plateforme (par exemple, pour faciliter le jeu lorsque vous acc\u00e9dez \u00e0 des services via une connexion sp\u00e9cifique \u00e0 la plateforme).<\/li>\n\n\n\n<li>Public (par exemple, votre nom d&rsquo;affichage, les statistiques de jeu de base telles que les scores du classement et d&rsquo;autres informations similaires seront g\u00e9n\u00e9ralement accessibles aux autres).<\/li>\n<\/ul>\n\n\n\n<h2 class=\"wp-block-heading\"><strong>Et le marketing ?<\/strong><\/h2>\n\n\n\n<p>Nous ne proposons pas de communications directes aux utilisateurs, par exemple par le biais d&rsquo;une newsletter. Nous ne vous demanderons donc \u00e0 aucun moment votre adresse e-mail ou tout autre moyen de vous contacter.Toutes les actualit\u00e9s ou activit\u00e9s marketing relatives \u00e0 nos jeux sont publi\u00e9es via les plateformes de m\u00e9dias sociaux et les boutiques de jeux elles-m\u00eames.<\/p>\n\n\n\n<p>Comme indiqu\u00e9 ci-dessus, nous ne collectons ni ne stockons aucune information personnelle. Cela signifie que nous ne vendrons pas vos informations \u00e0 des tiers ni ne les utiliserons dans le cadre d&rsquo;activit\u00e9s marketing.<\/p>\n\n\n\n<p>Pour suivre les performances de notre jeu, nous nous appuyons sur des donn\u00e9es agr\u00e9g\u00e9es en fonction de ce que chaque boutique permet, comme par exemple le pourcentage de joueurs ayant d\u00e9bloqu\u00e9 un exploit sp\u00e9cifique. Il ne s&rsquo;agit pas d&rsquo;informations personnelles identifiables et elles ne contiennent que des chiffres globaux de l&rsquo;ensemble de la base de joueurs.<\/p>\n\n\n\n<h2 class=\"wp-block-heading\">Comment g\u00e9rons-nous la confidentialit\u00e9 des enfants ?<\/h2>\n\n\n\n<p>Les plateformes sur lesquelles nous distribuons nos jeux n&rsquo;autorisent pas la cr\u00e9ation de comptes par des personnes de moins de 13 ans. Nous ne stockons pas d&rsquo;informations sur les personnes de toute tranche d&rsquo;\u00e2ge, et cela s&rsquo;\u00e9tend \u00e9galement aux enfants.<\/p>\n\n\n\n<p>Bien que nos jeux puissent \u00eatre class\u00e9s comme adapt\u00e9s aux personnes de 13 ans et moins, ils ne sont pas destin\u00e9s aux enfants ni commercialis\u00e9s \u00e0 leur intention.<\/p>\n\n\n\n<h2 class=\"wp-block-heading\">Notes et mises \u00e0 jour suppl\u00e9mentaires<\/h2>\n\n\n\n<p>Nos jeux et les sites Web associ\u00e9s sur lesquels ils sont vendus peuvent contenir des liens vers d&rsquo;autres sites&nbsp;; nous ne sommes pas responsables des pratiques de confidentialit\u00e9 ou du contenu de ces sites Web.<\/p>\n\n\n\n<p>Vetron mettra occasionnellement \u00e0 jour cette politique de confidentialit\u00e9. Lorsque nous le ferons, nous modifierons la date indiqu\u00e9e en haut de la politique. Veuillez consulter r\u00e9guli\u00e8rement cette politique pour vous assurer que vous comprenez votre relation avec Vetron et la mani\u00e8re dont nous pouvons g\u00e9rer vos informations.<\/p>\n\n\n\n<h2 class=\"wp-block-heading\">Contactez-nous<\/h2>\n\n\n\n<p>Si vous avez des questions, vous pouvez nous contacter directement \u00e0 <a href=\"mailto:support@vetron.net\">support@vetron.net<\/a>.<\/p>\n\n\n\n<div class=\"wp-block-group alignfull\" style=\"padding-top:var(--wp--preset--spacing--40);padding-right:var(--wp--preset--spacing--30);padding-bottom:var(--wp--preset--spacing--40);padding-left:var(--wp--preset--spacing--30)\"><div class=\"wp-block-group__inner-container is-layout-constrained wp-container-core-group-is-layout-a93d0d1d wp-block-group-is-layout-constrained\"><\/div><\/div>\n","protected":false},"excerpt":{"rendered":"<p>Vetron est bas\u00e9 au Royaume-Uni. Nous avons des partenaires de distribution et de service dans divers pays du monde. Cette politique de confidentialit\u00e9 d\u00e9crit les diff\u00e9rentes mani\u00e8res dont nous collectons, utilisons et partageons (et ne<span class=\"more-button\"><a href=\"https:\/\/www.vetron.net\/fr\/privacy\/\" class=\"more-link\">Continue reading<span class=\"screen-reader-text\">Confidentialit\u00e9<\/span><i class=\"fa fa-angle-right\" aria-hidden=\"true\"><\/i><\/a><\/span><\/p>\n","protected":false},"author":1,"featured_media":0,"parent":0,"menu_order":0,"comment_status":"closed","ping_status":"closed","template":"","meta":{"footnotes":""},"class_list":["post-7682","page","type-page","status-publish","hentry"],"_links":{"self":[{"href":"https:\/\/www.vetron.net\/fr\/wp-json\/wp\/v2\/pages\/7682","targetHints":{"allow":["GET"]}}],"collection":[{"href":"https:\/\/www.vetron.net\/fr\/wp-json\/wp\/v2\/pages"}],"about":[{"href":"https:\/\/www.vetron.net\/fr\/wp-json\/wp\/v2\/types\/page"}],"author":[{"embeddable":true,"href":"https:\/\/www.vetron.net\/fr\/wp-json\/wp\/v2\/users\/1"}],"replies":[{"embeddable":true,"href":"https:\/\/www.vetron.net\/fr\/wp-json\/wp\/v2\/comments?post=7682"}],"version-history":[{"count":10,"href":"https:\/\/www.vetron.net\/fr\/wp-json\/wp\/v2\/pages\/7682\/revisions"}],"predecessor-version":[{"id":8574,"href":"https:\/\/www.vetron.net\/fr\/wp-json\/wp\/v2\/pages\/7682\/revisions\/8574"}],"wp:attachment":[{"href":"https:\/\/www.vetron.net\/fr\/wp-json\/wp\/v2\/media?parent=7682"}],"curies":[{"name":"wp","href":"https:\/\/api.w.org\/{rel}","templated":true}]}}