{"id":7674,"date":"2022-12-30T19:31:27","date_gmt":"2022-12-30T19:31:27","guid":{"rendered":"https:\/\/www.vetron.net\/?page_id=7674"},"modified":"2025-11-04T16:04:09","modified_gmt":"2025-11-04T16:04:09","slug":"capsa","status":"publish","type":"page","link":"https:\/\/www.vetron.net\/fr\/capsa\/","title":{"rendered":"Capsa (2017)"},"content":{"rendered":"\n<figure class=\"wp-block-image size-full\"><img loading=\"lazy\" decoding=\"async\" width=\"1024\" height=\"576\" src=\"https:\/\/www.vetron.net\/wp-content\/uploads\/2023\/09\/ss_de1e39d5bc2683a3b3aa6f87b13c2f47add68af1-1024x576-1.jpg\" alt=\"\" class=\"wp-image-7706\"\/><\/figure>\n\n\n\n<div class=\"wp-block-group is-vertical is-layout-flex wp-container-core-group-is-layout-8cad6afd wp-block-group-is-layout-flex\">\n<p>Capsa combine exploration et forte composante sociale. Il propose un monde ouvert vaste et riche que les joueurs peuvent explorer et d\u00e9couvrir avec d&rsquo;autres joueurs et amis.<\/p>\n<\/div>\n\n\n\n<p><\/p>\n\n\n\n<ul class=\"wp-block-list\">\n<li><strong>D\u00e9veloppeur\u00a0<\/strong>: Vetron, db.works<\/li>\n\n\n\n<li><strong>Date de sortie<\/strong>\u00a0: 23\u00a0octobre\u00a02017<\/li>\n\n\n\n<li><strong>Plateformes\u00a0<\/strong>: Steam (Windows)<\/li>\n\n\n\n<li><strong>Prix\u00a0<\/strong>: Gratuit<\/li>\n\n\n\n<li><strong>Disponibilit\u00e9\u00a0<\/strong>: T\u00e9l\u00e9chargement num\u00e9rique<\/li>\n\n\n\n<li><strong>Langues\u00a0<\/strong>: Anglais<\/li>\n\n\n\n<li><strong>Contact presse<\/strong>\u00a0: press@vetron.net<\/li>\n\n\n\n<li><strong>Site Web<\/strong>\u00a0: www.vetron.net\/capsa<\/li>\n<\/ul>\n\n\n\n<h2 class=\"wp-block-heading\">O\u00f9 puis-je jouer \u00e0 Capsa ?<\/h2>\n\n\n\n<div class=\"wp-block-group is-vertical is-layout-flex wp-container-core-group-is-layout-8cad6afd wp-block-group-is-layout-flex\">\n<p>Le jeu est sorti sur Steam le 23 octobre 2017 pour Windows.<\/p>\n<\/div>\n\n\n\n<div class=\"wp-block-buttons is-layout-flex wp-block-buttons-is-layout-flex\">\n<div class=\"wp-block-button\"><a class=\"wp-block-button__link wp-element-button\" href=\"https:\/\/store.steampowered.com\/app\/588120\/Capsa\/\" target=\"_blank\" rel=\"noreferrer noopener\">Steam Store<\/a><\/div>\n<\/div>\n\n\n\n<h2 class=\"wp-block-heading\">Trailer<\/h2>\n\n\n\n<figure class=\"wp-block-embed is-type-video is-provider-youtube wp-block-embed-youtube wp-embed-aspect-16-9 wp-has-aspect-ratio\"><div class=\"wp-block-embed__wrapper\">\n<iframe loading=\"lazy\" title=\"Capsa - Vehicle Gameplay Trailer\" width=\"940\" height=\"529\" src=\"https:\/\/www.youtube.com\/embed\/j06BDaKm0Vo?feature=oembed\" frameborder=\"0\" allow=\"accelerometer; autoplay; clipboard-write; encrypted-media; gyroscope; picture-in-picture; web-share\" referrerpolicy=\"strict-origin-when-cross-origin\" allowfullscreen><\/iframe>\n<\/div><\/figure>\n\n\n\n<div class=\"wp-block-group is-vertical is-layout-flex wp-container-core-group-is-layout-8cad6afd wp-block-group-is-layout-flex\">\n<p>Ci-dessus se trouve une bande-annonce de gameplay montrant des v\u00e9hicules terrestres et maritimes.<\/p>\n<\/div>\n","protected":false},"excerpt":{"rendered":"<p>Capsa combine exploration et forte composante sociale. Il propose un monde ouvert vaste et riche que les joueurs peuvent explorer et d\u00e9couvrir avec d&rsquo;autres joueurs et amis. O\u00f9 puis-je jouer \u00e0 Capsa ? Le jeu<span class=\"more-button\"><a href=\"https:\/\/www.vetron.net\/fr\/capsa\/\" class=\"more-link\">Continue reading<span class=\"screen-reader-text\">Capsa (2017)<\/span><i class=\"fa fa-angle-right\" aria-hidden=\"true\"><\/i><\/a><\/span><\/p>\n","protected":false},"author":1,"featured_media":0,"parent":0,"menu_order":0,"comment_status":"closed","ping_status":"closed","template":"","meta":{"footnotes":""},"class_list":["post-7674","page","type-page","status-publish","hentry"],"_links":{"self":[{"href":"https:\/\/www.vetron.net\/fr\/wp-json\/wp\/v2\/pages\/7674","targetHints":{"allow":["GET"]}}],"collection":[{"href":"https:\/\/www.vetron.net\/fr\/wp-json\/wp\/v2\/pages"}],"about":[{"href":"https:\/\/www.vetron.net\/fr\/wp-json\/wp\/v2\/types\/page"}],"author":[{"embeddable":true,"href":"https:\/\/www.vetron.net\/fr\/wp-json\/wp\/v2\/users\/1"}],"replies":[{"embeddable":true,"href":"https:\/\/www.vetron.net\/fr\/wp-json\/wp\/v2\/comments?post=7674"}],"version-history":[{"count":10,"href":"https:\/\/www.vetron.net\/fr\/wp-json\/wp\/v2\/pages\/7674\/revisions"}],"predecessor-version":[{"id":8582,"href":"https:\/\/www.vetron.net\/fr\/wp-json\/wp\/v2\/pages\/7674\/revisions\/8582"}],"wp:attachment":[{"href":"https:\/\/www.vetron.net\/fr\/wp-json\/wp\/v2\/media?parent=7674"}],"curies":[{"name":"wp","href":"https:\/\/api.w.org\/{rel}","templated":true}]}}