{"id":7198,"date":"2022-12-28T18:54:55","date_gmt":"2022-12-28T18:54:55","guid":{"rendered":"https:\/\/www.vetron.net\/?page_id=7198"},"modified":"2025-11-03T22:19:50","modified_gmt":"2025-11-03T22:19:50","slug":"golfinginaether","status":"publish","type":"page","link":"https:\/\/www.vetron.net\/fr\/golfinginaether\/","title":{"rendered":"Golfing in Aether (2022)"},"content":{"rendered":"\n<figure class=\"wp-block-image size-full\"><img loading=\"lazy\" decoding=\"async\" width=\"2560\" height=\"1440\" src=\"https:\/\/www.vetron.net\/wp-content\/uploads\/2023\/09\/HighresScreenshot00102-scaled-1.jpg\" alt=\"\" class=\"wp-image-7716\" style=\"object-fit:cover\"\/><\/figure>\n\n\n\n<div class=\"wp-block-group is-vertical is-layout-flex wp-container-core-group-is-layout-8cad6afd wp-block-group-is-layout-flex\">\n<p>Golfing in Aether est un jeu de minigolf multijoueur qui prend en charge jusqu&rsquo;\u00e0 16 joueurs en ligne ou 4 joueurs via un \u00e9cran partag\u00e9. L&rsquo;une de ses caract\u00e9ristiques de jeu notables est son parcours al\u00e9atoire, vous permettant de vivre une exp\u00e9rience diff\u00e9rente \u00e0 chaque fois que vous jouez.<\/p>\n<\/div>\n\n\n\n<p><\/p>\n\n\n\n<ul class=\"wp-block-list\">\n<li><strong>D\u00e9veloppeur&nbsp;<\/strong>: Vetron<\/li>\n\n\n\n<li><strong>Date de sortie<\/strong>&nbsp;: 23&nbsp;septembre&nbsp;2022<\/li>\n\n\n\n<li><strong>Plateformes&nbsp;<\/strong>: Steam (Windows, Linux, macOS), Xbox (Windows Store, Xbox One, Xbox Series), PlayStation&nbsp;5, Nintendo Switch.<\/li>\n\n\n\n<li><strong>Prix&nbsp;<\/strong>: 9,99&nbsp;USD<\/li>\n\n\n\n<li><strong>Disponibilit\u00e9&nbsp;<\/strong>: T\u00e9l\u00e9chargement num\u00e9rique<\/li>\n\n\n\n<li><strong>Langues\u00a0<\/strong>: Anglais, japonais, fran\u00e7ais, allemand, espagnol, portugais, italien, turc<\/li>\n\n\n\n<li><strong>Contact presse&nbsp;<\/strong>: press@vetron.net<\/li>\n\n\n\n<li><strong>Site Web<\/strong>&nbsp;: <a href=\"https:\/\/www.vetron.net\/golfinginaether\/\" data-type=\"page\" data-id=\"7198\">www.vetron.net\/golfinginaether<\/a><\/li>\n\n\n\n<li><strong>Accessibilit\u00e9&nbsp;<\/strong>: <a href=\"https:\/\/www.vetron.net\/golfinginaether-accessibility\/\" data-type=\"page\" data-id=\"7747\">www.vetron.net\/golfinginaether\/accessibility<\/a><\/li>\n<\/ul>\n\n\n\n<h2 class=\"wp-block-heading\">Comment est n\u00e9 le Golfing in Aether ?<\/h2>\n\n\n\n<div class=\"wp-block-group is-vertical is-layout-flex wp-container-core-group-is-layout-8cf370e7 wp-block-group-is-layout-flex\">\n<div class=\"wp-block-jetpack-layout-grid column1-desktop-grid__span-6 column1-desktop-grid__row-1 column2-desktop-grid__span-6 column2-desktop-grid__start-7 column2-desktop-grid__row-1 column1-tablet-grid__span-4 column1-tablet-grid__row-1 column2-tablet-grid__span-4 column2-tablet-grid__start-5 column2-tablet-grid__row-1 column1-mobile-grid__span-4 column1-mobile-grid__row-1 column2-mobile-grid__span-4 column2-mobile-grid__row-2 wp-block-jetpack-layout-gutter__nowrap\">\n<div class=\"wp-block-jetpack-layout-grid-column wp-block-jetpack-layout-grid__padding-none\">\n<p>\u00c0 l&rsquo;origine, le jeu a \u00e9t\u00e9 cr\u00e9\u00e9 pour combler un manque d&rsquo;accessibilit\u00e9 en ce qui concerne les titres de minigolf orient\u00e9s PC. Plus particuli\u00e8rement en ce qui concerne le jeu local et la possibilit\u00e9 de d\u00e9finir des options pour chaque joueur.<\/p>\n\n\n\n<p>C&rsquo;est un vrai probl\u00e8me quand on pense que parmi la plupart des groupes familiaux ou d&rsquo;amis, il y aura toujours quelqu&rsquo;un qui voudra au moins inverser les commandes de son appareil photo.<\/p>\n<\/div>\n\n\n\n<div class=\"wp-block-jetpack-layout-grid-column wp-block-jetpack-layout-grid__padding-none\">\n<figure class=\"wp-block-image size-full\"><img loading=\"lazy\" decoding=\"async\" width=\"1920\" height=\"1080\" src=\"https:\/\/www.vetron.net\/wp-content\/uploads\/2023\/09\/Screenshot05.jpg\" alt=\"\" class=\"wp-image-7700\"\/><\/figure>\n<\/div>\n<\/div>\n\n\n\n<p>Le jeu de Golfing in Aether r\u00e9sout ce probl\u00e8me en fournissant des profils individuels pour chaque joueur local. Ceux-ci vous permettent de stocker tout ce qui va du nom et de la personnalisation des joueurs aux remappages de contr\u00f4leur ou aux options d&rsquo;accessibilit\u00e9 g\u00e9n\u00e9rales. Il s&rsquo;agit \u00e9galement d&rsquo;un processus rapide et facile gr\u00e2ce \u00e0 la prise en charge compl\u00e8te de la manette et \u00e0 la fonctionnalit\u00e9 de clavier \u00e0 l&rsquo;\u00e9cran int\u00e9gr\u00e9e.<\/p>\n\n\n\n<figure class=\"wp-block-image size-full\"><img loading=\"lazy\" decoding=\"async\" width=\"2560\" height=\"1440\" src=\"https:\/\/www.vetron.net\/wp-content\/uploads\/2023\/09\/HighresScreenshot00099-scaled-1.jpg\" alt=\"\" class=\"wp-image-7719\"\/><figcaption class=\"wp-element-caption\">Randomized floating islands<\/figcaption><\/figure>\n\n\n\n<p>Le th\u00e8me des \u00eeles flottantes du jeu \u00e9tait une r\u00e9ponse \u00e0 la confusion de certains joueurs face \u00e0 la nature dense des parcours standards. Nous avons \u00e9galement pens\u00e9 que les \u00eeles pr\u00e9sentes lors de chaque session de jeu pourraient alors \u00eatre randomis\u00e9es et ainsi offrir une meilleure rejouabilit\u00e9.<br><\/p>\n\n\n\n<p>Un deuxi\u00e8me avantage fonctionnel de ces \u00eeles flottantes est que les joueurs ex\u00e9cutant le jeu sur du mat\u00e9riel bas de gamme peuvent d\u00e9sactiver compl\u00e8tement le rendu des autres \u00eeles, ce qui contribue \u00e0 donner au jeu des exigences minimales tr\u00e8s faibles.<\/p>\n<\/div>\n\n\n\n<h2 class=\"wp-block-heading\">O\u00f9 puis-je jouer au Golfing in Aether?<\/h2>\n\n\n\n<div class=\"wp-block-group is-vertical is-layout-flex wp-container-core-group-is-layout-8cad6afd wp-block-group-is-layout-flex\">\n<p>Le jeu est actuellement disponible via les magasins suivants :<\/p>\n<\/div>\n\n\n\n<div class=\"wp-block-buttons is-layout-flex wp-block-buttons-is-layout-flex\">\n<div class=\"wp-block-button\"><a class=\"wp-block-button__link wp-element-button\" href=\"https:\/\/store.steampowered.com\/curator\/42220835\" target=\"_blank\" rel=\"noreferrer noopener\">Steam Store<\/a><\/div>\n\n\n\n<div class=\"wp-block-button\"><a class=\"wp-block-button__link wp-element-button\" href=\"https:\/\/www.nintendo.com\/us\/store\/products\/golfing-in-aether-switch\/\">Nintendo Store<\/a><\/div>\n<\/div>\n\n\n\n<h2 class=\"wp-block-heading\">Bande annonce du jeu<\/h2>\n\n\n\n<figure class=\"wp-block-embed is-type-video is-provider-youtube wp-block-embed-youtube wp-embed-aspect-16-9 wp-has-aspect-ratio\"><div class=\"wp-block-embed__wrapper\">\n<iframe loading=\"lazy\" title=\"Golfing In Aether - Release Trailer\" width=\"940\" height=\"529\" src=\"https:\/\/www.youtube.com\/embed\/qM2i8GY539I?feature=oembed\" frameborder=\"0\" allow=\"accelerometer; autoplay; clipboard-write; encrypted-media; gyroscope; picture-in-picture; web-share\" referrerpolicy=\"strict-origin-when-cross-origin\" allowfullscreen><\/iframe>\n<\/div><\/figure>\n\n\n\n<div class=\"wp-block-group is-vertical is-layout-flex wp-container-core-group-is-layout-8cad6afd wp-block-group-is-layout-flex\">\n<p>Ci-dessus se trouve notre bande-annonce de sortie qui montre le gameplay du point de vue de quatre joueurs diff\u00e9rents. Vous pouvez t\u00e9l\u00e9charger cette bande-annonce ainsi que toutes les captures d&rsquo;\u00e9cran via le bouton ci-dessous.<\/p>\n<\/div>\n\n\n\n<p><\/p>\n\n\n\n<div class=\"wp-block-group is-vertical is-layout-flex wp-container-core-group-is-layout-8cad6afd wp-block-group-is-layout-flex\">\n<div class=\"wp-block-buttons is-layout-flex wp-block-buttons-is-layout-flex\">\n<div class=\"wp-block-button\"><a class=\"wp-block-button__link wp-element-button\" href=\"https:\/\/www.dropbox.com\/scl\/fi\/mcx02buesm3lpg7t0hey6\/GolfingInAetherMedia.zip?rlkey=ybzl8itf2xnv6byl7pk82tudc&#038;st=qd0jnc0z&#038;dl=0\" target=\"_blank\" rel=\"noreferrer noopener\">Download Media<\/a><\/div>\n<\/div>\n<\/div>\n\n\n\n<h2 class=\"wp-block-heading\">Qui sommes-nous ?<\/h2>\n\n\n\n<div class=\"wp-block-group is-vertical is-layout-flex wp-container-core-group-is-layout-8cf370e7 wp-block-group-is-layout-flex\">\n<div class=\"wp-block-jetpack-layout-grid column1-desktop-grid__span-6 column1-desktop-grid__row-1 column2-desktop-grid__span-6 column2-desktop-grid__start-7 column2-desktop-grid__row-1 column1-tablet-grid__span-4 column1-tablet-grid__row-1 column2-tablet-grid__span-4 column2-tablet-grid__start-5 column2-tablet-grid__row-1 column1-mobile-grid__span-4 column1-mobile-grid__row-1 column2-mobile-grid__span-4 column2-mobile-grid__row-2 wp-block-jetpack-layout-gutter__nowrap\">\n<div class=\"wp-block-jetpack-layout-grid-column wp-block-jetpack-layout-grid__padding-none\">\n<p>Vetron a d\u00e9but\u00e9 en tant que d\u00e9veloppeur d&rsquo;actifs bas\u00e9 au Royaume-Uni en 2013, \u00e0 la suite de plusieurs projets de mods communautaires r\u00e9ussis.<\/p>\n\n\n\n<p>Au cours de ces premi\u00e8res ann\u00e9es, nous avons pu acqu\u00e9rir les comp\u00e9tences et l&rsquo;exp\u00e9rience pr\u00e9cieuses qui nous ont permis de faire la transition vers le d\u00e9veloppement de jeux vid\u00e9o.<\/p>\n<\/div>\n\n\n\n<div class=\"wp-block-jetpack-layout-grid-column wp-block-jetpack-layout-grid__padding-none\"><div class=\"wp-block-image\">\n<figure class=\"aligncenter size-full is-resized\"><img loading=\"lazy\" decoding=\"async\" width=\"300\" height=\"300\" src=\"https:\/\/www.vetron.net\/wp-content\/uploads\/2023\/09\/VetronLogoXLbackground-e1672326575398-300x300-1.png\" alt=\"\" class=\"wp-image-7709\" style=\"width:300px;height:300px\"\/><figcaption class=\"wp-element-caption\">Logo de Vetron<\/figcaption><\/figure>\n<\/div><\/div>\n<\/div>\n\n\n\n<p>Notre premier jeu, Capsa, est le fruit d&rsquo;une collaboration avec le d\u00e9veloppeur canadien db.works et a \u00e9t\u00e9 lanc\u00e9 en 2017. Capsa est un jeu d&rsquo;exploration en monde ouvert avec une forte composante sociale. En raison de la nature du titre, bas\u00e9 sur un client\/serveur, il nous a donn\u00e9 une exp\u00e9rience consid\u00e9rable dans le travail avec les fonctionnalit\u00e9s multijoueurs et l&rsquo;int\u00e9gration de services en ligne.<\/p>\n\n\n\n<p>Poursuivant la tendance \u00e0 se concentrer sur les titres multijoueurs, en tant que studio ind\u00e9pendant, nous avons sorti notre deuxi\u00e8me jeu, Golfing in Aether en 2022.<\/p>\n\n\n\n<p>Nous \u2764\ufe0f sommes cr\u00e9atifs et avons une passion pour le d\u00e9veloppement de jeux qui peuvent \u00eatre jou\u00e9s en famille et entre amis gr\u00e2ce \u00e0 une riche int\u00e9gration multijoueur.<\/p>\n<\/div>\n\n\n\n<p><\/p>\n","protected":false},"excerpt":{"rendered":"<p>Golfing in Aether est un jeu de minigolf multijoueur qui prend en charge jusqu&rsquo;\u00e0 16 joueurs en ligne ou 4 joueurs via un \u00e9cran partag\u00e9. L&rsquo;une de ses caract\u00e9ristiques de jeu notables est son parcours<span class=\"more-button\"><a href=\"https:\/\/www.vetron.net\/fr\/golfinginaether\/\" class=\"more-link\">Continue reading<span class=\"screen-reader-text\">Golfing in Aether (2022)<\/span><i class=\"fa fa-angle-right\" aria-hidden=\"true\"><\/i><\/a><\/span><\/p>\n","protected":false},"author":1,"featured_media":0,"parent":0,"menu_order":0,"comment_status":"closed","ping_status":"closed","template":"","meta":{"footnotes":""},"class_list":["post-7198","page","type-page","status-publish","hentry"],"_links":{"self":[{"href":"https:\/\/www.vetron.net\/fr\/wp-json\/wp\/v2\/pages\/7198","targetHints":{"allow":["GET"]}}],"collection":[{"href":"https:\/\/www.vetron.net\/fr\/wp-json\/wp\/v2\/pages"}],"about":[{"href":"https:\/\/www.vetron.net\/fr\/wp-json\/wp\/v2\/types\/page"}],"author":[{"embeddable":true,"href":"https:\/\/www.vetron.net\/fr\/wp-json\/wp\/v2\/users\/1"}],"replies":[{"embeddable":true,"href":"https:\/\/www.vetron.net\/fr\/wp-json\/wp\/v2\/comments?post=7198"}],"version-history":[{"count":52,"href":"https:\/\/www.vetron.net\/fr\/wp-json\/wp\/v2\/pages\/7198\/revisions"}],"predecessor-version":[{"id":8541,"href":"https:\/\/www.vetron.net\/fr\/wp-json\/wp\/v2\/pages\/7198\/revisions\/8541"}],"wp:attachment":[{"href":"https:\/\/www.vetron.net\/fr\/wp-json\/wp\/v2\/media?parent=7198"}],"curies":[{"name":"wp","href":"https:\/\/api.w.org\/{rel}","templated":true}]}}