{"id":7176,"date":"2022-12-28T17:19:04","date_gmt":"2022-12-28T17:19:04","guid":{"rendered":"https:\/\/www.vetron.net\/?page_id=7176"},"modified":"2025-11-04T12:07:13","modified_gmt":"2025-11-04T12:07:13","slug":"contact","status":"publish","type":"page","link":"https:\/\/www.vetron.net\/fr\/contact\/","title":{"rendered":"Contact"},"content":{"rendered":"\n<h2 class=\"wp-block-heading\">G\u00e9n\u00e9ral \/ Support<\/h2>\n\n\n\n<p>Pour obtenir de l&rsquo;aide concernant l&rsquo;un de nos jeux, veuillez d&rsquo;abord consulter les m\u00e9thodes appropri\u00e9es fournies par la boutique dans laquelle vous avez effectu\u00e9 votre achat. Cependant, si vous avez encore besoin d&rsquo;aide, vous pouvez nous contacter directement \u00e0 l&rsquo;adresse <a href=\"mailto:support@vetron.net\">support@vetron.net<\/a>.<\/p>\n\n\n\n<h2 class=\"wp-block-heading\">Presse<\/h2>\n\n\n\n<p>Pour les demandes de presse, veuillez contacter <a href=\"mailto:press@vetron.net\">press@vetron.net<\/a>.<\/p>\n\n\n\n<h2 class=\"wp-block-heading\">Qui sommes-nous ?<\/h2>\n\n\n\n<div class=\"wp-block-group is-vertical is-layout-flex wp-container-core-group-is-layout-8cf370e7 wp-block-group-is-layout-flex\">\n<div class=\"wp-block-jetpack-layout-grid column1-desktop-grid__span-6 column1-desktop-grid__row-1 column2-desktop-grid__span-6 column2-desktop-grid__start-7 column2-desktop-grid__row-1 column1-tablet-grid__span-4 column1-tablet-grid__row-1 column2-tablet-grid__span-4 column2-tablet-grid__start-5 column2-tablet-grid__row-1 column1-mobile-grid__span-4 column1-mobile-grid__row-1 column2-mobile-grid__span-4 column2-mobile-grid__row-2 wp-block-jetpack-layout-gutter__nowrap\">\n<div class=\"wp-block-jetpack-layout-grid-column wp-block-jetpack-layout-grid__padding-none\">\n<p>Vetron a d\u00e9but\u00e9 en tant que d\u00e9veloppeur d&rsquo;actifs bas\u00e9 au Royaume-Uni en 2013, se formant \u00e0 la suite de plusieurs projets de mod communautaire r\u00e9ussis.<br><br>Au cours de ces premi\u00e8res ann\u00e9es, nous avons pu acqu\u00e9rir les comp\u00e9tences et l\u2019exp\u00e9rience pr\u00e9cieuses qui nous ont permis de faire la transition vers le d\u00e9veloppement de jeux vid\u00e9o.<\/p>\n<\/div>\n\n\n\n<div class=\"wp-block-jetpack-layout-grid-column wp-block-jetpack-layout-grid__padding-none\"><div class=\"wp-block-image\">\n<figure class=\"aligncenter size-full is-resized\"><img loading=\"lazy\" decoding=\"async\" width=\"300\" height=\"300\" src=\"https:\/\/www.vetron.net\/wp-content\/uploads\/2023\/09\/VetronLogoXLbackground-e1672326575398-300x300-1.png\" alt=\"\" class=\"wp-image-7709\" style=\"width:300px;height:300px\"\/><figcaption class=\"wp-element-caption\">logo de Vetron<\/figcaption><\/figure>\n<\/div><\/div>\n<\/div>\n\n\n\n<p>Notre premier jeu, Capsa, est le fruit d&rsquo;une collaboration avec le d\u00e9veloppeur canadien db.works et a \u00e9t\u00e9 lanc\u00e9 en 2017. Capsa est un jeu d&rsquo;exploration en monde ouvert avec une forte composante sociale. En raison de la nature du titre, bas\u00e9 sur un client\/serveur, il nous a donn\u00e9 une exp\u00e9rience consid\u00e9rable dans le travail avec les fonctionnalit\u00e9s multijoueurs et l&rsquo;int\u00e9gration de services en ligne.<br><br>Poursuivant la tendance \u00e0 nous concentrer sur les titres multijoueurs, en tant que studio ind\u00e9pendant, nous avons sorti notre deuxi\u00e8me jeu, Golfing in Aether en 2022.<br><br>Nous \u2764\ufe0f sommes cr\u00e9atifs et avons une passion pour le d\u00e9veloppement de jeux qui peuvent \u00eatre jou\u00e9s en famille et entre amis gr\u00e2ce \u00e0 une riche int\u00e9gration multijoueur.<br><\/p>\n<\/div>\n","protected":false},"excerpt":{"rendered":"<p>G\u00e9n\u00e9ral \/ Support Pour obtenir de l&rsquo;aide concernant l&rsquo;un de nos jeux, veuillez d&rsquo;abord consulter les m\u00e9thodes appropri\u00e9es fournies par la boutique dans laquelle vous avez effectu\u00e9 votre achat. Cependant, si vous avez encore besoin<span class=\"more-button\"><a href=\"https:\/\/www.vetron.net\/fr\/contact\/\" class=\"more-link\">Continue reading<span class=\"screen-reader-text\">Contact<\/span><i class=\"fa fa-angle-right\" aria-hidden=\"true\"><\/i><\/a><\/span><\/p>\n","protected":false},"author":1,"featured_media":0,"parent":0,"menu_order":0,"comment_status":"closed","ping_status":"closed","template":"","meta":{"footnotes":""},"class_list":["post-7176","page","type-page","status-publish","hentry"],"_links":{"self":[{"href":"https:\/\/www.vetron.net\/fr\/wp-json\/wp\/v2\/pages\/7176","targetHints":{"allow":["GET"]}}],"collection":[{"href":"https:\/\/www.vetron.net\/fr\/wp-json\/wp\/v2\/pages"}],"about":[{"href":"https:\/\/www.vetron.net\/fr\/wp-json\/wp\/v2\/types\/page"}],"author":[{"embeddable":true,"href":"https:\/\/www.vetron.net\/fr\/wp-json\/wp\/v2\/users\/1"}],"replies":[{"embeddable":true,"href":"https:\/\/www.vetron.net\/fr\/wp-json\/wp\/v2\/comments?post=7176"}],"version-history":[{"count":14,"href":"https:\/\/www.vetron.net\/fr\/wp-json\/wp\/v2\/pages\/7176\/revisions"}],"predecessor-version":[{"id":8545,"href":"https:\/\/www.vetron.net\/fr\/wp-json\/wp\/v2\/pages\/7176\/revisions\/8545"}],"wp:attachment":[{"href":"https:\/\/www.vetron.net\/fr\/wp-json\/wp\/v2\/media?parent=7176"}],"curies":[{"name":"wp","href":"https:\/\/api.w.org\/{rel}","templated":true}]}}