{"id":7682,"date":"2023-08-24T00:11:31","date_gmt":"2023-08-23T23:11:31","guid":{"rendered":"https:\/\/www.vetron.net\/?page_id=7682"},"modified":"2025-11-04T15:03:35","modified_gmt":"2025-11-04T15:03:35","slug":"privacy","status":"publish","type":"page","link":"https:\/\/www.vetron.net\/es\/privacy\/","title":{"rendered":"Privacidad"},"content":{"rendered":"\n<p>Vetron tiene su sede en el Reino Unido. Contamos con socios de distribuci\u00f3n y servicio en varios pa\u00edses del mundo. Esta pol\u00edtica de privacidad describe las diferentes formas en las que recopilamos, usamos y compartimos informaci\u00f3n (y no recopilamos), a trav\u00e9s de o en relaci\u00f3n con los proveedores a trav\u00e9s de los cuales distribuimos y operamos nuestros juegos.<\/p>\n\n\n\n<p>\u00daltima actualizaci\u00f3n: 24 de agosto de 2023.<\/p>\n\n\n\n<h2 class=\"wp-block-heading\">\u00bfQu\u00e9 informaci\u00f3n recopilamos?<\/h2>\n\n\n\n<p>We do not collect and store information ourselves or handle it in any way beyond operations specific to the in-game environment.\u00a0 Any information we handle is only used to facilitate in-game operations and connections to various game services of the specific platform. \u00a0Some of the information we use for this process is outlined below:<\/p>\n\n\n\n<ul class=\"wp-block-list\">\n<li>Su identificador \u00fanico de cuenta o plataforma (por ejemplo, para manejar operaciones b\u00e1sicas de la plataforma o servicio).<\/li>\n\n\n\n<li>Tu nombre p\u00fablico actual para mostrar (por ejemplo, para mostrarlo en el juego como parte de tu perfil y para compartirlo con otros usuarios como parte de una sesi\u00f3n multijugador).<\/li>\n\n\n\n<li>Preferencias de idioma (por ejemplo, para que sepamos qu\u00e9 localizaci\u00f3n configurar en el juego).<\/li>\n\n\n\n<li>Lista de amigos (por ejemplo, para gestionar invitaciones a una sesi\u00f3n en l\u00ednea).<\/li>\n\n\n\n<li>Su direcci\u00f3n IP (por ejemplo, cuando es espec\u00edfica para crear o unirse a sesiones en l\u00ednea).<\/li>\n\n\n\n<li>Pa\u00eds (por ejemplo, para mostrar ofertas en su moneda y regi\u00f3n espec\u00edficas).<\/li>\n<\/ul>\n\n\n\n<h2 class=\"wp-block-heading\">\u00bfC\u00f3mo compartimos esta informaci\u00f3n?<\/h2>\n\n\n\n<p>Es posible que se comparta cierta informaci\u00f3n con otros usuarios o entidades, todo ello a trav\u00e9s de los servicios y plataformas en los que distribuimos el juego. Esto es solo para facilitar las operaciones dentro del juego, de las que hemos dado ejemplos a continuaci\u00f3n. En ning\u00fan momento esta informaci\u00f3n se transmite a trav\u00e9s de nuestros propios servidores ni la almacenamos ni recopilamos en ning\u00fan lugar.<\/p>\n\n\n\n<ul class=\"wp-block-list\">\n<li>Con otros usuarios (por ejemplo, para facilitar el juego, como crear y unirse a sesiones multijugador).<\/li>\n\n\n\n<li>Con socios de consolas y plataformas (por ejemplo, para facilitar el juego cuando accedes a servicios a trav\u00e9s de un inicio de sesi\u00f3n espec\u00edfico de la plataforma).<\/li>\n\n\n\n<li>P\u00fablicamente (por ejemplo, su nombre para mostrar, estad\u00edsticas b\u00e1sicas del juego como puntajes en la tabla de clasificaci\u00f3n y otra informaci\u00f3n similar generalmente ser\u00e1n accesibles para otros).<\/li>\n<\/ul>\n\n\n\n<h2 class=\"wp-block-heading\">\u00bfQu\u00e9 pasa con el marketing?<\/h2>\n\n\n\n<p>No ofrecemos comunicaciones directas a los usuarios, por ejemplo, mediante un bolet\u00edn informativo, por lo que en ning\u00fan momento le solicitaremos su direcci\u00f3n de correo electr\u00f3nico ni ning\u00fan otro medio para comunicarnos con usted. Todas las noticias o actividades de marketing relacionadas con nuestros juegos se publican a trav\u00e9s de las plataformas de redes sociales y las propias tiendas de juegos.<\/p>\n\n\n\n<p>Como se describe anteriormente, no recopilamos ni almacenamos ninguna informaci\u00f3n personal. Esto significa que no venderemos su informaci\u00f3n a terceros ni la utilizaremos como parte de actividades de marketing.<\/p>\n\n\n\n<p>Para realizar un seguimiento del rendimiento de nuestro juego, nos basamos en datos agregados en funci\u00f3n de lo que permita cada tienda, como, por ejemplo, qu\u00e9 porcentaje de jugadores han desbloqueado un logro espec\u00edfico. Esta no es informaci\u00f3n de identificaci\u00f3n personal y solo contiene cifras generales de toda la base de jugadores.<\/p>\n\n\n\n<h2 class=\"wp-block-heading\">\u00bfC\u00f3mo manejamos la privacidad infantil?<\/h2>\n\n\n\n<p>Las plataformas en las que distribuimos nuestros juegos no permiten que personas menores de 13 a\u00f1os creen cuentas. No almacenamos informaci\u00f3n de personas de ning\u00fan grupo de edad, y esto se aplica tambi\u00e9n a los ni\u00f1os.<\/p>\n\n\n\n<p>Si bien nuestros juegos pueden tener clasificaciones aptas para menores de 13 a\u00f1os, no est\u00e1n dirigidos ni comercializados para ni\u00f1os.<\/p>\n\n\n\n<h2 class=\"wp-block-heading\">Notas adicionales y actualizaciones<\/h2>\n\n\n\n<p>Nuestros juegos y los sitios web relacionados en los que se venden pueden contener enlaces a otros sitios; no somos responsables de las pr\u00e1cticas de privacidad ni del contenido de dichos sitios web.<\/p>\n\n\n\n<p>Vetr\u00f3n actualizar\u00e1 ocasionalmente esta Pol\u00edtica de privacidad. Cuando lo hagamos, cambiaremos la fecha indicada en la parte superior de la pol\u00edtica. Revise esta pol\u00edtica peri\u00f3dicamente para asegurarse de comprender su relaci\u00f3n con Vetron y las formas en que podemos manejar su informaci\u00f3n.<\/p>\n\n\n\n<h2 class=\"wp-block-heading\">Contacta con nosotros<\/h2>\n\n\n\n<p>Si tiene alguna pregunta puede contactarnos directamente a <a href=\"mailto:support@vetron.net\">support@vetron.net<\/a>.<\/p>\n\n\n\n<div class=\"wp-block-group alignfull\" style=\"padding-top:var(--wp--preset--spacing--40);padding-right:var(--wp--preset--spacing--30);padding-bottom:var(--wp--preset--spacing--40);padding-left:var(--wp--preset--spacing--30)\"><div class=\"wp-block-group__inner-container is-layout-constrained wp-container-core-group-is-layout-a93d0d1d wp-block-group-is-layout-constrained\"><\/div><\/div>\n","protected":false},"excerpt":{"rendered":"<p>Vetron tiene su sede en el Reino Unido. Contamos con socios de distribuci\u00f3n y servicio en varios pa\u00edses del mundo. Esta pol\u00edtica de privacidad describe las diferentes formas en las que recopilamos, usamos y compartimos<span class=\"more-button\"><a href=\"https:\/\/www.vetron.net\/es\/privacy\/\" class=\"more-link\">Continue reading<span class=\"screen-reader-text\">Privacidad<\/span><i class=\"fa fa-angle-right\" aria-hidden=\"true\"><\/i><\/a><\/span><\/p>\n","protected":false},"author":1,"featured_media":0,"parent":0,"menu_order":0,"comment_status":"closed","ping_status":"closed","template":"","meta":{"footnotes":""},"class_list":["post-7682","page","type-page","status-publish","hentry"],"_links":{"self":[{"href":"https:\/\/www.vetron.net\/es\/wp-json\/wp\/v2\/pages\/7682","targetHints":{"allow":["GET"]}}],"collection":[{"href":"https:\/\/www.vetron.net\/es\/wp-json\/wp\/v2\/pages"}],"about":[{"href":"https:\/\/www.vetron.net\/es\/wp-json\/wp\/v2\/types\/page"}],"author":[{"embeddable":true,"href":"https:\/\/www.vetron.net\/es\/wp-json\/wp\/v2\/users\/1"}],"replies":[{"embeddable":true,"href":"https:\/\/www.vetron.net\/es\/wp-json\/wp\/v2\/comments?post=7682"}],"version-history":[{"count":10,"href":"https:\/\/www.vetron.net\/es\/wp-json\/wp\/v2\/pages\/7682\/revisions"}],"predecessor-version":[{"id":8574,"href":"https:\/\/www.vetron.net\/es\/wp-json\/wp\/v2\/pages\/7682\/revisions\/8574"}],"wp:attachment":[{"href":"https:\/\/www.vetron.net\/es\/wp-json\/wp\/v2\/media?parent=7682"}],"curies":[{"name":"wp","href":"https:\/\/api.w.org\/{rel}","templated":true}]}}