{"id":7198,"date":"2022-12-28T18:54:55","date_gmt":"2022-12-28T18:54:55","guid":{"rendered":"https:\/\/www.vetron.net\/?page_id=7198"},"modified":"2025-11-03T22:19:50","modified_gmt":"2025-11-03T22:19:50","slug":"golfinginaether","status":"publish","type":"page","link":"https:\/\/www.vetron.net\/es\/golfinginaether\/","title":{"rendered":"Golfing in Aether (2022)"},"content":{"rendered":"\n<figure class=\"wp-block-image size-full\"><img loading=\"lazy\" decoding=\"async\" width=\"2560\" height=\"1440\" src=\"https:\/\/www.vetron.net\/wp-content\/uploads\/2023\/09\/HighresScreenshot00102-scaled-1.jpg\" alt=\"\" class=\"wp-image-7716\" style=\"object-fit:cover\"\/><\/figure>\n\n\n\n<div class=\"wp-block-group is-vertical is-layout-flex wp-container-core-group-is-layout-8cad6afd wp-block-group-is-layout-flex\">\n<p>Golfing in Aether es un juego de minigolf multijugador que admite hasta 16 jugadores en l\u00ednea, o 4 jugadores a trav\u00e9s de pantalla dividida. Una de sus caracter\u00edsticas destacadas es el dise\u00f1o aleatorio del recorrido, lo que te permite experimentar algo diferente cada vez que juegas.<\/p>\n<\/div>\n\n\n\n<p><\/p>\n\n\n\n<ul class=\"wp-block-list\">\n<li><strong>Desarrollador<\/strong>: Vetron<\/li>\n\n\n\n<li><strong>Fecha de lanzamiento<\/strong>: 23 de septiembre de 2022<\/li>\n\n\n\n<li><strong>Plataformas<\/strong>: Steam (Windows, Linux, macOS), Xbox (Windows Store, Xbox One, Xbox Series), PlayStation 5, Nintendo Switch<\/li>\n\n\n\n<li><strong>Precio<\/strong>: 9,99 USD<\/li>\n\n\n\n<li><strong>Disponibilidad<\/strong>: Descarga digital<\/li>\n\n\n\n<li><strong>Idiomas<\/strong>: Ingl\u00e9s, japon\u00e9s, franc\u00e9s, alem\u00e1n, espa\u00f1ol, portugu\u00e9s, italiano, turco<\/li>\n\n\n\n<li><strong>Contacto de prensa<\/strong>:&nbsp;<a href=\"mailto:press@vetron.net\" target=\"_blank\" rel=\"noreferrer noopener\">press@vetron.net<\/a><\/li>\n\n\n\n<li><strong>Sitio web:<\/strong> www.vetron.net\/en\/golfinginaether<\/li>\n\n\n\n<li><strong>Accesibilidad<\/strong>: <a href=\"https:\/\/www.vetron.net\/golfinginaether-accessibility\/\" data-type=\"page\" data-id=\"7747\">www.vetron.net\/en\/golfinginaether\/accessibility<\/a><\/li>\n<\/ul>\n\n\n\n<h2 class=\"wp-block-heading\">\u00bfC\u00f3mo surgi\u00f3 Golfing in Aether?<\/h2>\n\n\n\n<div class=\"wp-block-group is-vertical is-layout-flex wp-container-core-group-is-layout-8cf370e7 wp-block-group-is-layout-flex\">\n<div class=\"wp-block-jetpack-layout-grid column1-desktop-grid__span-6 column1-desktop-grid__row-1 column2-desktop-grid__span-6 column2-desktop-grid__start-7 column2-desktop-grid__row-1 column1-tablet-grid__span-4 column1-tablet-grid__row-1 column2-tablet-grid__span-4 column2-tablet-grid__start-5 column2-tablet-grid__row-1 column1-mobile-grid__span-4 column1-mobile-grid__row-1 column2-mobile-grid__span-4 column2-mobile-grid__row-2 wp-block-jetpack-layout-gutter__nowrap\">\n<div class=\"wp-block-jetpack-layout-grid-column wp-block-jetpack-layout-grid__padding-none\">\n<p>Inicialmente, el juego se cre\u00f3 para solucionar la falta de accesibilidad en los juegos de minigolf para PC. En concreto, en lo que respecta al juego local y a la posibilidad de configurar opciones para cada jugador.<\/p>\n\n\n\n<p>Esto supone un problema real, ya que en la mayor\u00eda de los grupos de familiares o amigos siempre habr\u00e1 alguien que, como m\u00ednimo, querr\u00e1 invertir los controles de la c\u00e1mara.<\/p>\n<\/div>\n\n\n\n<div class=\"wp-block-jetpack-layout-grid-column wp-block-jetpack-layout-grid__padding-none\">\n<figure class=\"wp-block-image size-full\"><img loading=\"lazy\" decoding=\"async\" width=\"1920\" height=\"1080\" src=\"https:\/\/www.vetron.net\/wp-content\/uploads\/2023\/09\/Screenshot05.jpg\" alt=\"\" class=\"wp-image-7700\"\/><\/figure>\n<\/div>\n<\/div>\n\n\n\n<p>Golfing in Aether resuelve este problema mediante perfiles individuales para cada jugador local. Estos perfiles permiten guardar desde el nombre y la personalizaci\u00f3n del jugador hasta la reasignaci\u00f3n de controles y las opciones de accesibilidad. Adem\u00e1s, el proceso es r\u00e1pido y sencillo gracias a la compatibilidad total con mandos y la funcionalidad de teclado en pantalla integrada.<\/p>\n\n\n\n<figure class=\"wp-block-image size-full\"><img loading=\"lazy\" decoding=\"async\" width=\"2560\" height=\"1440\" src=\"https:\/\/www.vetron.net\/wp-content\/uploads\/2023\/09\/HighresScreenshot00099-scaled-1.jpg\" alt=\"\" class=\"wp-image-7719\"\/><figcaption class=\"wp-element-caption\">islas flotantes aleatorias<\/figcaption><\/figure>\n\n\n\n<p>La tem\u00e1tica de islas flotantes del juego surgi\u00f3 como respuesta a la confusi\u00f3n que experimentaban algunos jugadores debido a la gran cantidad de elementos en los circuitos est\u00e1ndar. Adem\u00e1s, pensamos que las islas presentes en cada partida podr\u00edan generarse aleatoriamente, lo que aumentar\u00eda la rejugabilidad.<\/p>\n\n\n\n<p>Otra ventaja de estas islas flotantes es que los jugadores con equipos de gama baja pueden desactivar la renderizaci\u00f3n de otras islas, lo que reduce considerablemente los requisitos m\u00ednimos del juego.<\/p>\n<\/div>\n\n\n\n<h2 class=\"wp-block-heading\">\u00bfD\u00f3nde puedo jugar al golf en Aether?<\/h2>\n\n\n\n<div class=\"wp-block-group is-vertical is-layout-flex wp-container-core-group-is-layout-8cad6afd wp-block-group-is-layout-flex\">\n<p>El juego est\u00e1 disponible actualmente en las siguientes tiendas:<\/p>\n<\/div>\n\n\n\n<div class=\"wp-block-buttons is-layout-flex wp-block-buttons-is-layout-flex\">\n<div class=\"wp-block-button\"><a class=\"wp-block-button__link wp-element-button\" href=\"https:\/\/store.steampowered.com\/curator\/42220835\" target=\"_blank\" rel=\"noreferrer noopener\">Steam Store<\/a><\/div>\n\n\n\n<div class=\"wp-block-button\"><a class=\"wp-block-button__link wp-element-button\" href=\"https:\/\/www.nintendo.com\/us\/store\/products\/golfing-in-aether-switch\/\">Nintendo Store<\/a><\/div>\n<\/div>\n\n\n\n<h2 class=\"wp-block-heading\">Tr\u00e1iler<\/h2>\n\n\n\n<figure class=\"wp-block-embed is-type-video is-provider-youtube wp-block-embed-youtube wp-embed-aspect-16-9 wp-has-aspect-ratio\"><div class=\"wp-block-embed__wrapper\">\n<iframe loading=\"lazy\" title=\"Golfing in Aether - Release Trailer\" width=\"940\" height=\"529\" src=\"https:\/\/www.youtube.com\/embed\/dwKrk7c2TVQ?feature=oembed\" frameborder=\"0\" allow=\"accelerometer; autoplay; clipboard-write; encrypted-media; gyroscope; picture-in-picture; web-share\" referrerpolicy=\"strict-origin-when-cross-origin\" allowfullscreen><\/iframe>\n<\/div><\/figure>\n\n\n\n<div class=\"wp-block-group is-vertical is-layout-flex wp-container-core-group-is-layout-8cad6afd wp-block-group-is-layout-flex\">\n<p>Arriba ten\u00e9is nuestro tr\u00e1iler de lanzamiento, que muestra la jugabilidad desde la perspectiva de cuatro jugadores diferentes. Pod\u00e9is descargar este tr\u00e1iler junto con todas las capturas de pantalla mediante el bot\u00f3n de abajo.<\/p>\n<\/div>\n\n\n\n<p><\/p>\n\n\n\n<div class=\"wp-block-group is-vertical is-layout-flex wp-container-core-group-is-layout-8cad6afd wp-block-group-is-layout-flex\">\n<div class=\"wp-block-buttons is-layout-flex wp-block-buttons-is-layout-flex\">\n<div class=\"wp-block-button\"><a class=\"wp-block-button__link wp-element-button\" href=\"https:\/\/www.dropbox.com\/scl\/fi\/mcx02buesm3lpg7t0hey6\/GolfingInAetherMedia.zip?rlkey=ybzl8itf2xnv6byl7pk82tudc&#038;st=qd0jnc0z&#038;dl=0\" target=\"_blank\" rel=\"noreferrer noopener\">Descargar contenido multimedia<\/a><\/div>\n<\/div>\n<\/div>\n\n\n\n<h2 class=\"wp-block-heading\">Quienes somos nosotras<\/h2>\n\n\n\n<div class=\"wp-block-group is-vertical is-layout-flex wp-container-core-group-is-layout-8cf370e7 wp-block-group-is-layout-flex\">\n<div class=\"wp-block-jetpack-layout-grid column1-desktop-grid__span-6 column1-desktop-grid__row-1 column2-desktop-grid__span-6 column2-desktop-grid__start-7 column2-desktop-grid__row-1 column1-tablet-grid__span-4 column1-tablet-grid__row-1 column2-tablet-grid__span-4 column2-tablet-grid__start-5 column2-tablet-grid__row-1 column1-mobile-grid__span-4 column1-mobile-grid__row-1 column2-mobile-grid__span-4 column2-mobile-grid__row-2 wp-block-jetpack-layout-gutter__nowrap\">\n<div class=\"wp-block-jetpack-layout-grid-column wp-block-jetpack-layout-grid__padding-none\">\n<p>Vetron comenz\u00f3 su andadura en 2013 como desarrolladora de recursos en el Reino Unido, a ra\u00edz del \u00e9xito de varios proyectos de mods de la comunidad.<\/p>\n\n\n\n<p>Durante estos primeros a\u00f1os, adquirimos las valiosas habilidades y la experiencia que nos permitieron dar el salto al desarrollo de videojuegos.<\/p>\n<\/div>\n\n\n\n<div class=\"wp-block-jetpack-layout-grid-column wp-block-jetpack-layout-grid__padding-none\"><div class=\"wp-block-image\">\n<figure class=\"aligncenter size-full is-resized\"><img loading=\"lazy\" decoding=\"async\" width=\"300\" height=\"300\" src=\"https:\/\/www.vetron.net\/wp-content\/uploads\/2023\/09\/VetronLogoXLbackground-e1672326575398-300x300-1.png\" alt=\"\" class=\"wp-image-7709\" style=\"width:300px;height:300px\"\/><figcaption class=\"wp-element-caption\">Vetron Logo<\/figcaption><\/figure>\n<\/div><\/div>\n<\/div>\n\n\n\n<p>Nuestro primer juego, Capsa, fue una colaboraci\u00f3n con la desarrolladora canadiense db.works y se lanz\u00f3 en 2017. Capsa es un juego de exploraci\u00f3n de mundo abierto con un fuerte componente social. Debido a su naturaleza cliente\/servidor, nos brind\u00f3 una considerable experiencia en el desarrollo de funciones multijugador y la integraci\u00f3n de servicios en l\u00ednea.<\/p>\n\n\n\n<p>Siguiendo con nuestra tendencia de centrarnos en t\u00edtulos multijugador, como estudio independiente lanzamos nuestro segundo juego, Golfing in Aether, en 2022.<\/p>\n\n\n\n<p>Nos \u2764\ufe0f ser creativos y nos apasiona desarrollar juegos que se puedan disfrutar en familia y con amigos gracias a una rica integraci\u00f3n multijugador.<br><\/p>\n<\/div>\n","protected":false},"excerpt":{"rendered":"<p>Golfing in Aether es un juego de minigolf multijugador que admite hasta 16 jugadores en l\u00ednea, o 4 jugadores a trav\u00e9s de pantalla dividida. Una de sus caracter\u00edsticas destacadas es el dise\u00f1o aleatorio del recorrido,<span class=\"more-button\"><a href=\"https:\/\/www.vetron.net\/es\/golfinginaether\/\" class=\"more-link\">Continue reading<span class=\"screen-reader-text\">Golfing in Aether (2022)<\/span><i class=\"fa fa-angle-right\" aria-hidden=\"true\"><\/i><\/a><\/span><\/p>\n","protected":false},"author":1,"featured_media":0,"parent":0,"menu_order":0,"comment_status":"closed","ping_status":"closed","template":"","meta":{"footnotes":""},"class_list":["post-7198","page","type-page","status-publish","hentry"],"_links":{"self":[{"href":"https:\/\/www.vetron.net\/es\/wp-json\/wp\/v2\/pages\/7198","targetHints":{"allow":["GET"]}}],"collection":[{"href":"https:\/\/www.vetron.net\/es\/wp-json\/wp\/v2\/pages"}],"about":[{"href":"https:\/\/www.vetron.net\/es\/wp-json\/wp\/v2\/types\/page"}],"author":[{"embeddable":true,"href":"https:\/\/www.vetron.net\/es\/wp-json\/wp\/v2\/users\/1"}],"replies":[{"embeddable":true,"href":"https:\/\/www.vetron.net\/es\/wp-json\/wp\/v2\/comments?post=7198"}],"version-history":[{"count":52,"href":"https:\/\/www.vetron.net\/es\/wp-json\/wp\/v2\/pages\/7198\/revisions"}],"predecessor-version":[{"id":8541,"href":"https:\/\/www.vetron.net\/es\/wp-json\/wp\/v2\/pages\/7198\/revisions\/8541"}],"wp:attachment":[{"href":"https:\/\/www.vetron.net\/es\/wp-json\/wp\/v2\/media?parent=7198"}],"curies":[{"name":"wp","href":"https:\/\/api.w.org\/{rel}","templated":true}]}}