{"id":7176,"date":"2022-12-28T17:19:04","date_gmt":"2022-12-28T17:19:04","guid":{"rendered":"https:\/\/www.vetron.net\/?page_id=7176"},"modified":"2025-11-04T12:07:13","modified_gmt":"2025-11-04T12:07:13","slug":"contact","status":"publish","type":"page","link":"https:\/\/www.vetron.net\/es\/contact\/","title":{"rendered":"Contacto"},"content":{"rendered":"\n<h2 class=\"wp-block-heading\">General \/ Soporte<\/h2>\n\n\n\n<p>Si necesita ayuda con alguno de nuestros juegos, primero consulte los m\u00e9todos correspondientes que ofrece la tienda en la que realiz\u00f3 la compra. No obstante, si a\u00fan necesita ayuda, puede comunicarse con nosotros directamente a <a href=\"mailto:support@vetron.net\">support@vetron.net<\/a>.<\/p>\n\n\n\n<h2 class=\"wp-block-heading\">Prensa<\/h2>\n\n\n\n<p>Para consultas de prensa, comun\u00edquese con <a href=\"mailto:press@vetron.net\">press@vetron.net<\/a>.<\/p>\n\n\n\n<h2 class=\"wp-block-heading\">Quienes somos nosotros<\/h2>\n\n\n\n<div class=\"wp-block-group is-vertical is-layout-flex wp-container-core-group-is-layout-8cf370e7 wp-block-group-is-layout-flex\">\n<div class=\"wp-block-jetpack-layout-grid column1-desktop-grid__span-6 column1-desktop-grid__row-1 column2-desktop-grid__span-6 column2-desktop-grid__start-7 column2-desktop-grid__row-1 column1-tablet-grid__span-4 column1-tablet-grid__row-1 column2-tablet-grid__span-4 column2-tablet-grid__start-5 column2-tablet-grid__row-1 column1-mobile-grid__span-4 column1-mobile-grid__row-1 column2-mobile-grid__span-4 column2-mobile-grid__row-2 wp-block-jetpack-layout-gutter__nowrap\">\n<div class=\"wp-block-jetpack-layout-grid-column wp-block-jetpack-layout-grid__padding-none\">\n<p>Vetron comenz\u00f3 como desarrollador de activos con sede en el Reino Unido en 2013, y se form\u00f3 a partir de varios proyectos exitosos de modificaci\u00f3n de la comunidad.<\/p>\n\n\n\n<p>Durante estos primeros a\u00f1os pudimos adquirir las valiosas habilidades y experiencia que nos permitieron realizar la transici\u00f3n hacia el desarrollo de videojuegos.<\/p>\n<\/div>\n\n\n\n<div class=\"wp-block-jetpack-layout-grid-column wp-block-jetpack-layout-grid__padding-none\"><div class=\"wp-block-image\">\n<figure class=\"aligncenter size-full is-resized\"><img loading=\"lazy\" decoding=\"async\" width=\"300\" height=\"300\" src=\"https:\/\/www.vetron.net\/wp-content\/uploads\/2023\/09\/VetronLogoXLbackground-e1672326575398-300x300-1.png\" alt=\"\" class=\"wp-image-7709\" style=\"width:300px;height:300px\"\/><figcaption class=\"wp-element-caption\">Vetron Logo<\/figcaption><\/figure>\n<\/div><\/div>\n<\/div>\n\n\n\n<p>Nuestro primer juego, Capsa, fue una colaboraci\u00f3n con el desarrollador canadiense db.works y se lanz\u00f3 en 2017. Capsa es un juego de exploraci\u00f3n de mundo abierto con un fuerte componente social. Debido a la naturaleza del t\u00edtulo, que estaba basado en cliente\/servidor, nos brind\u00f3 una experiencia considerable en el trabajo con funciones multijugador e integraci\u00f3n de servicios en l\u00ednea.<\/p>\n\n\n\n<p>Siguiendo la tendencia de centrarnos en los t\u00edtulos multijugador, como estudio independiente lanzamos nuestro segundo juego, Golfing in Aether, en 2022.<\/p>\n\n\n\n<p>Nos encanta ser creativos y nos apasiona desarrollar juegos que se puedan jugar junto con familiares y amigos a trav\u00e9s de una rica integraci\u00f3n multijugador.<br><\/p>\n<\/div>\n","protected":false},"excerpt":{"rendered":"<p>General \/ Soporte Si necesita ayuda con alguno de nuestros juegos, primero consulte los m\u00e9todos correspondientes que ofrece la tienda en la que realiz\u00f3 la compra. No obstante, si a\u00fan necesita ayuda, puede comunicarse con<span class=\"more-button\"><a href=\"https:\/\/www.vetron.net\/es\/contact\/\" class=\"more-link\">Continue reading<span class=\"screen-reader-text\">Contacto<\/span><i class=\"fa fa-angle-right\" aria-hidden=\"true\"><\/i><\/a><\/span><\/p>\n","protected":false},"author":1,"featured_media":0,"parent":0,"menu_order":0,"comment_status":"closed","ping_status":"closed","template":"","meta":{"footnotes":""},"class_list":["post-7176","page","type-page","status-publish","hentry"],"_links":{"self":[{"href":"https:\/\/www.vetron.net\/es\/wp-json\/wp\/v2\/pages\/7176","targetHints":{"allow":["GET"]}}],"collection":[{"href":"https:\/\/www.vetron.net\/es\/wp-json\/wp\/v2\/pages"}],"about":[{"href":"https:\/\/www.vetron.net\/es\/wp-json\/wp\/v2\/types\/page"}],"author":[{"embeddable":true,"href":"https:\/\/www.vetron.net\/es\/wp-json\/wp\/v2\/users\/1"}],"replies":[{"embeddable":true,"href":"https:\/\/www.vetron.net\/es\/wp-json\/wp\/v2\/comments?post=7176"}],"version-history":[{"count":14,"href":"https:\/\/www.vetron.net\/es\/wp-json\/wp\/v2\/pages\/7176\/revisions"}],"predecessor-version":[{"id":8545,"href":"https:\/\/www.vetron.net\/es\/wp-json\/wp\/v2\/pages\/7176\/revisions\/8545"}],"wp:attachment":[{"href":"https:\/\/www.vetron.net\/es\/wp-json\/wp\/v2\/media?parent=7176"}],"curies":[{"name":"wp","href":"https:\/\/api.w.org\/{rel}","templated":true}]}}