{"id":8077,"date":"2024-09-18T20:02:41","date_gmt":"2024-09-18T20:02:41","guid":{"rendered":"https:\/\/www.vetron.net\/en\/?page_id=8077"},"modified":"2025-11-04T13:09:26","modified_gmt":"2025-11-04T13:09:26","slug":"golfinginaether-tos","status":"publish","type":"page","link":"https:\/\/www.vetron.net\/de\/golfinginaether-tos\/","title":{"rendered":"Servicebedingungen"},"content":{"rendered":"\n<p>Diese Servicebedingungen (\u201eBedingungen\u201c) regeln Ihre Nutzung von \u201eGolfing in Aether\u201c durch das Einzelunternehmen \u201eVetron\u201c. Indem Sie auf Golfing in Aether zugreifen oder es verwenden, erkl\u00e4ren Sie sich mit diesen Bedingungen einverstanden. Wenn Sie mit irgendeinem Teil der Bedingungen nicht einverstanden sind, d\u00fcrfen Sie nicht auf Golfing in Aether zugreifen.<\/p>\n\n\n\n<div class=\"wp-block-wpm-language-switcher\"><select class=\"wpm-language-switcher wpm-switcher-select\" title=\"Language Switcher\"><option value=\"en\" data-lang=\"en\">English<\/option><option value=\"ja\" data-lang=\"ja\">\u65e5\u672c\u8a9e<\/option><option value=\"fr\" data-lang=\"fr\">Fran\u00e7ais<\/option><option value=\"de\" data-lang=\"de\" selected>Deutsch<\/option><option value=\"es\" data-lang=\"es\">Espa\u00f1ol<\/option><option value=\"pt\" data-lang=\"pt\">Portugu\u00eas<\/option><option value=\"it\" data-lang=\"it\">Italiano<\/option><option value=\"tr\" data-lang=\"tr\">T\u00fcrk\u00e7e<\/option><\/select><\/div>\n\n\n\n<h2 class=\"wp-block-heading\">1. Zugang und Nutzung<\/h2>\n\n\n\n<p>Sie k\u00f6nnen auf \u201eGolfing in Aether\u201c zugreifen und es verwenden, ohne ein zus\u00e4tzliches Konto zu erstellen oder einen Kontoverkn\u00fcpfungsprozess zu durchlaufen.<\/p>\n\n\n\n<p>Auf Plattformen, die dies zulassen, besteht die M\u00f6glichkeit, Ihr Konto zu verkn\u00fcpfen, wenn Sie dies w\u00fcnschen, um dauerhafte Spielerstatistiken und Freundeslisten plattform\u00fcbergreifend beizubehalten. Das plattform\u00fcbergreifende Spielen und die Funktionalit\u00e4t funktionieren jedoch in vollem Umfang, ohne dass eine Kontoverkn\u00fcpfung erforderlich ist.<\/p>\n\n\n\n<p>K\u00e4ufe sind an die Plattform oder den Store gebunden, von dem Sie den Kauf get\u00e4tigt haben. Wir k\u00f6nnen keine \u00dcbertragungen erm\u00f6glichen oder \u201eSchl\u00fcssel\u201c oder \u00c4hnliches f\u00fcr andere Stores bereitstellen. Diese Servicebedingungen befreien Sie nicht von Zugriffs- oder Nutzungsbeschr\u00e4nkungen, die von dem Store oder der Plattform, von dem\/der Sie das Spiel gekauft haben, auferlegt werden.<\/p>\n\n\n\n<h2 class=\"wp-block-heading\">2. Verhaltenskodex<\/h2>\n\n\n\n<p>Sie verpflichten sich, den Verhaltenskodex f\u00fcr \u201eGolfing in Aether\u201c einzuhalten, der Ihr Verhalten im Spiel regelt. Dies beinhaltet, dass Sie nicht betr\u00fcgen, sich nicht anst\u00f6\u00dfig verhalten und die Quick-Chat-Funktion nicht spammen.<\/p>\n\n\n\n<h3 class=\"wp-block-heading\">2.1. Offensive<\/h3>\n\n\n\n<p>Sie sind f\u00fcr Ihre Ausdrucksweise verantwortlich. W\u00e4hrend unsere Titel weder Sprach- noch Textchat verwenden, gilt diese Richtlinie auch f\u00fcr Spielernamen. Wir erlauben keine Sprache, die f\u00fcr andere beleidigend oder vulg\u00e4r sein k\u00f6nnte. Um dies zu begrenzen, gibt es eine \u00dcberpr\u00fcfung auf obsz\u00f6ne Ausdr\u00fccke.<\/p>\n\n\n\n<h4 class=\"wp-block-heading\">Konsequenzen:<\/h4>\n\n\n\n<ul class=\"wp-block-list\">\n<li>Jeder Versuch, die \u00dcberpr\u00fcfung auf obsz\u00f6ne Ausdr\u00fccke wiederholt zu umgehen, kann, sofern angemessen, zu Kontobeschr\u00e4nkungen f\u00fchren.<\/li>\n\n\n\n<li>Schwere F\u00e4lle wie Hassreden und diskriminierende Sprache werden den jeweiligen Gesch\u00e4ften und Plattformen gemeldet, damit diese entsprechende Moderationsma\u00dfnahmen ergreifen k\u00f6nnen.<\/li>\n<\/ul>\n\n\n\n<h3 class=\"wp-block-heading\">2.2. Schummeln<\/h3>\n\n\n\n<p>Sie sind daf\u00fcr verantwortlich, wie Sie und Ihr Konto in der Spielwelt dargestellt werden. Die Verwendung von Cheat-Programmen oder die Modifizierung des Spielprogramms in jeglicher Art und Weise ist strengstens untersagt.<\/p>\n\n\n\n<h4 class=\"wp-block-heading\">Konsequenzen:<\/h4>\n\n\n\n<ul class=\"wp-block-list\">\n<li>Bei betr\u00fcgerischen Aktivit\u00e4ten wird das Konto gesperrt.<\/li>\n\n\n\n<li>Berichte k\u00f6nnen mit der jeweiligen Kontoplattform geteilt werden, auf der gespielt wird, sofern dies durch einen bestimmten Verhaltenskodex abgedeckt ist.<\/li>\n<\/ul>\n\n\n\n<h3 class=\"wp-block-heading\">2.3. <strong>Spam<\/strong><\/h3>\n\n\n\n<p>Obwohl in unseren Titeln kein Sprach- oder Text-Chat zum Einsatz kommt, ist \u00fcberm\u00e4\u00dfiges und wiederholtes Spammen der Quick-Chat-Funktion nicht gestattet.<\/p>\n\n\n\n<h4 class=\"wp-block-heading\">Konsequenzen:<\/h4>\n\n\n\n<ul class=\"wp-block-list\">\n<li>Jeder Versuch, bestehende Spiellimits wiederholt zu umgehen, kann gegebenenfalls zu einer Einschr\u00e4nkung des Kontos f\u00fchren.<\/li>\n<\/ul>\n\n\n\n<h3 class=\"wp-block-heading\">2.4. <strong>Weitere Hinweise<\/strong>:<\/h3>\n\n\n\n<ul class=\"wp-block-list\">\n<li>Helfen Sie uns, eine sichere und einladende Umgebung aufrechtzuerhalten, indem Sie die Spielermeldefunktion im Spiel nutzen, die Sie im sozialen Men\u00fc finden.<\/li>\n\n\n\n<li>Sie k\u00f6nnen sich sofort selbst moderieren, indem Sie einen Spieler zu Ihrer Sperrliste hinzuf\u00fcgen, um die Kommunikation im Allgemeinen stummzuschalten und ihn daran zu hindern, an Ihren Sitzungen teilzunehmen.<\/li>\n\n\n\n<li>Lesen Sie unbedingt auch den Verhaltenskodex f\u00fcr die Plattform, auf der Sie spielen.<\/li>\n<\/ul>\n\n\n\n<h2 class=\"wp-block-heading\">3. Privatsph\u00e4re<\/h2>\n\n\n\n<p>Bitte lesen Sie unsere Datenschutzrichtlinie, in der die vollst\u00e4ndige Verwendung Ihrer Daten beschrieben wird.<\/p>\n\n\n\n<h3 class=\"wp-block-heading\">3.1. Wo sind wir ans\u00e4ssig?<\/h3>\n\n\n\n<p>Vetron hat seinen Sitz im Vereinigten K\u00f6nigreich. Wir haben Vertriebs- und Servicepartner in verschiedenen L\u00e4ndern auf der ganzen Welt. Diese Datenschutzrichtlinie beschreibt die verschiedenen M\u00f6glichkeiten, wie wir (nicht) Informationen \u00fcber, durch oder in Verbindung mit Anbietern sammeln, verwenden und weitergeben, \u00fcber die wir unsere Spiele vertreiben und betreiben.<\/p>\n\n\n\n<h3 class=\"wp-block-heading\">3.2. Welche Informationen sammeln wir?<\/h3>\n\n\n\n<p>Wir sammeln und speichern selbst keine Informationen und verarbeiten sie auch nicht auf andere Weise als f\u00fcr Vorg\u00e4nge, die f\u00fcr die Spielumgebung spezifisch sind. Alle von uns verarbeiteten Informationen werden nur verwendet, um Vorg\u00e4nge im Spiel und Verbindungen zu verschiedenen Spieldiensten der jeweiligen Plattform zu erm\u00f6glichen. Einige der Informationen, die wir f\u00fcr diesen Vorgang verwenden, sind unten aufgef\u00fchrt:<\/p>\n\n\n\n<ul class=\"wp-block-list\">\n<li>Ihr eindeutiger Konto- oder Plattformbezeichner (beispielsweise zur Abwicklung grundlegender Plattform- oder Dienstvorg\u00e4nge).<\/li>\n\n\n\n<li>Ihr aktueller \u00f6ffentlicher Anzeigename (beispielsweise zur Anzeige im Spiel als Teil Ihres Profils und zur Weitergabe an andere Benutzer im Rahmen einer Multiplayer-Sitzung).<\/li>\n\n\n\n<li>Spracheinstellungen (beispielsweise, damit wir wissen, welche Lokalisierung im Spiel eingestellt werden soll).<\/li>\n\n\n\n<li>Freundesliste (beispielsweise zur Bearbeitung von Einladungen zu einer Onlinesitzung).<\/li>\n\n\n\n<li>Ihre IP-Adresse (beispielsweise beim Erstellen oder Beitreten zu Onlinesitzungen).<\/li>\n\n\n\n<li>Land (beispielsweise zur Anzeige von Angeboten in Ihrer spezifischen W\u00e4hrung und Region).<\/li>\n<\/ul>\n\n\n\n<h3 class=\"wp-block-heading\">3.3. <strong>Wie geben wir diese Informationen weiter?<\/strong><\/h3>\n\n\n\n<p>Einige Informationen k\u00f6nnen mit anderen Benutzern oder Unternehmen geteilt werden. Dies geschieht alles \u00fcber die Dienste und Plattformen, auf denen wir das Spiel vertreiben. Dies dient lediglich der Erleichterung von In-Game-Vorg\u00e4ngen, f\u00fcr die wir unten Beispiele aufgef\u00fchrt haben. Diese Informationen werden zu keinem Zeitpunkt \u00fcber unsere eigenen Server \u00fcbertragen, noch speichern oder sammeln wir sie selbst irgendwo.<\/p>\n\n\n\n<ul class=\"wp-block-list\">\n<li>Mit anderen Benutzern (zum Beispiel, um das Gameplay zu erleichtern, etwa das Erstellen und Beitreten zu Multiplayer-Sitzungen).<\/li>\n\n\n\n<li>Mit Konsolen- und Plattformpartnern (zum Beispiel, um das Gameplay zu erleichtern, wenn Sie \u00fcber eine plattformspezifische Anmeldung auf Dienste zugreifen).<\/li>\n\n\n\n<li>\u00d6ffentlich (zum Beispiel sind Ihr Anzeigename, grundlegende Spielstatistiken wie Bestenlistenergebnisse und andere \u00e4hnliche Informationen im Allgemeinen f\u00fcr andere zug\u00e4nglich).<\/li>\n<\/ul>\n\n\n\n<h3 class=\"wp-block-heading\">3.4. Was ist mit Marketing?<\/h3>\n\n\n\n<p>Wir bieten keine direkte Kommunikation mit Benutzern an, zum Beispiel \u00fcber einen Newsletter, daher werden wir Sie zu keinem Zeitpunkt nach Ihrer E-Mail-Adresse oder anderen Kontaktm\u00f6glichkeiten fragen. Alle Neuigkeiten oder Marketingaktivit\u00e4ten in Bezug auf unsere Spiele werden \u00fcber Social-Media-Plattformen und die Spiele-Stores selbst ver\u00f6ffentlicht.<\/p>\n\n\n\n<p>Wie oben beschrieben, erfassen oder speichern wir keine personenbezogenen Daten. Das bedeutet, dass wir Ihre Daten nicht an Dritte verkaufen oder im Rahmen von Marketingaktivit\u00e4ten verwenden.<\/p>\n\n\n\n<p>Um den \u00dcberblick dar\u00fcber zu behalten, wie gut unser Spiel l\u00e4uft, verlassen wir uns auf aggregierte Daten, je nachdem, was jeder Store zul\u00e4sst, wie zum Beispiel, wie viel Prozent der Spieler einen bestimmten Erfolg freigeschaltet haben. Dies sind keine personenbezogenen Daten und enthalten nur Gesamtzahlen aus der gesamten Spielerbasis.<\/p>\n\n\n\n<h3 class=\"wp-block-heading\">3.5. Wie gehen wir mit der Privatsph\u00e4re von Kindern um?<\/h3>\n\n\n\n<p>Auf den Plattformen, auf denen wir unsere Spiele vertreiben, ist die Erstellung von Konten durch Personen unter 13 Jahren nicht gestattet. Wir speichern keine Informationen von Personen jeglicher Altersgruppe, und dies gilt auch f\u00fcr Kinder.<\/p>\n\n\n\n<p>Obwohl unsere Spiele m\u00f6glicherweise Altersfreigaben f\u00fcr Personen unter 13 Jahren aufweisen, richten sie sich nicht an Kinder und werden auch nicht f\u00fcr sie vermarktet.<\/p>\n\n\n\n<h3 class=\"wp-block-heading\">3.6. Zus\u00e4tzliche Hinweise und Aktualisierungen<\/h3>\n\n\n\n<p>Unsere Spiele und die zugeh\u00f6rigen Websites, auf denen sie verkauft werden, k\u00f6nnen Links zu anderen Websites enthalten. Wir sind nicht f\u00fcr die Datenschutzpraktiken oder den Inhalt solcher Websites verantwortlich.<\/p>\n\n\n\n<p>Vetron wird diese Datenschutzrichtlinie gelegentlich aktualisieren. Wenn wir dies tun, \u00e4ndern wir das oben in der Richtlinie angegebene Datum. Bitte lesen Sie diese Richtlinie regelm\u00e4\u00dfig durch, um sicherzustellen, dass Sie Ihre Beziehung zu Vetron und die Art und Weise verstehen, wie wir mit Ihren Informationen umgehen.<\/p>\n\n\n\n<h2 class=\"wp-block-heading\"><strong>4. Geltendes Recht<\/strong><\/h2>\n\n\n\n<p>Diese Gesch\u00e4ftsbedingungen unterliegen den Gesetzen Englands und von Wales und werden entsprechend ausgelegt. Alle Streitigkeiten, die im Rahmen dieser Gesch\u00e4ftsbedingungen entstehen, unterliegen der ausschlie\u00dflichen Zust\u00e4ndigkeit der Gerichte Englands und von Wales.<\/p>\n\n\n\n<h2 class=\"wp-block-heading\">Kontaktieren Sie uns<\/h2>\n\n\n\n<p>Bei Fragen k\u00f6nnen Sie uns direkt unter <a href=\"mailto:support@vetron.net\">support@vetron.net<\/a> kontaktieren.<\/p>\n\n\n\n<p><\/p>\n","protected":false},"excerpt":{"rendered":"<p>Diese Servicebedingungen (\u201eBedingungen\u201c) regeln Ihre Nutzung von \u201eGolfing in Aether\u201c durch das Einzelunternehmen \u201eVetron\u201c. Indem Sie auf Golfing in Aether zugreifen oder es verwenden, erkl\u00e4ren Sie sich mit diesen Bedingungen einverstanden. Wenn Sie mit irgendeinem<span class=\"more-button\"><a href=\"https:\/\/www.vetron.net\/de\/golfinginaether-tos\/\" class=\"more-link\">Continue reading<span class=\"screen-reader-text\">Servicebedingungen<\/span><i class=\"fa fa-angle-right\" aria-hidden=\"true\"><\/i><\/a><\/span><\/p>\n","protected":false},"author":1,"featured_media":0,"parent":0,"menu_order":0,"comment_status":"closed","ping_status":"closed","template":"","meta":{"footnotes":""},"class_list":["post-8077","page","type-page","status-publish","hentry"],"_links":{"self":[{"href":"https:\/\/www.vetron.net\/de\/wp-json\/wp\/v2\/pages\/8077","targetHints":{"allow":["GET"]}}],"collection":[{"href":"https:\/\/www.vetron.net\/de\/wp-json\/wp\/v2\/pages"}],"about":[{"href":"https:\/\/www.vetron.net\/de\/wp-json\/wp\/v2\/types\/page"}],"author":[{"embeddable":true,"href":"https:\/\/www.vetron.net\/de\/wp-json\/wp\/v2\/users\/1"}],"replies":[{"embeddable":true,"href":"https:\/\/www.vetron.net\/de\/wp-json\/wp\/v2\/comments?post=8077"}],"version-history":[{"count":44,"href":"https:\/\/www.vetron.net\/de\/wp-json\/wp\/v2\/pages\/8077\/revisions"}],"predecessor-version":[{"id":8567,"href":"https:\/\/www.vetron.net\/de\/wp-json\/wp\/v2\/pages\/8077\/revisions\/8567"}],"wp:attachment":[{"href":"https:\/\/www.vetron.net\/de\/wp-json\/wp\/v2\/media?parent=8077"}],"curies":[{"name":"wp","href":"https:\/\/api.w.org\/{rel}","templated":true}]}}