{"id":7682,"date":"2023-08-24T00:11:31","date_gmt":"2023-08-23T23:11:31","guid":{"rendered":"https:\/\/www.vetron.net\/?page_id=7682"},"modified":"2025-11-04T15:03:35","modified_gmt":"2025-11-04T15:03:35","slug":"privacy","status":"publish","type":"page","link":"https:\/\/www.vetron.net\/de\/privacy\/","title":{"rendered":"Privatsph\u00e4re"},"content":{"rendered":"\n<p>Vetron hat seinen Sitz im Vereinigten K\u00f6nigreich. Wir haben Vertriebs- und Servicepartner in verschiedenen L\u00e4ndern auf der ganzen Welt. Diese Datenschutzrichtlinie beschreibt die verschiedenen M\u00f6glichkeiten, wie wir (nicht) Informationen \u00fcber, durch oder in Verbindung mit Anbietern sammeln, verwenden und weitergeben, \u00fcber die wir unsere Spiele vertreiben und betreiben.<\/p>\n\n\n\n<p>Zuletzt aktualisiert am 24. August 2023.<\/p>\n\n\n\n<h2 class=\"wp-block-heading\">Welche Informationen sammeln wir?<\/h2>\n\n\n\n<p>Wir sammeln und speichern selbst keine Informationen und verarbeiten diese auch nicht auf andere Weise als f\u00fcr Vorg\u00e4nge, die speziell f\u00fcr die Spielumgebung gelten. Alle von uns verarbeiteten Informationen werden nur verwendet, um Spielvorg\u00e4nge und Verbindungen zu verschiedenen Spieldiensten der jeweiligen Plattform zu erm\u00f6glichen. Einige der Informationen, die wir f\u00fcr diesen Vorgang verwenden, sind unten aufgef\u00fchrt:<\/p>\n\n\n\n<ul class=\"wp-block-list\">\n<li>Ihre eindeutige Konto- oder Plattformkennung (zum Beispiel zur Abwicklung grundlegender Plattform- oder Servicevorg\u00e4nge).<\/li>\n\n\n\n<li>Ihr aktueller \u00f6ffentlicher Anzeigename (zum Beispiel zur Anzeige im Spiel als Teil Ihres Profils und zur Weitergabe an andere Benutzer im Rahmen einer Multiplayer-Sitzung).<\/li>\n\n\n\n<li>Spracheinstellungen (zum Beispiel, damit wir wissen, welche Lokalisierung im Spiel eingestellt werden soll).<\/li>\n\n\n\n<li>Freundesliste (zum Beispiel zur Abwicklung von Einladungen zu einer Online-Sitzung).<\/li>\n\n\n\n<li>Ihre IP-Adresse (zum Beispiel, wenn es um das Erstellen oder Beitreten zu Online-Sitzungen geht).<\/li>\n\n\n\n<li>Land (zum Beispiel zur Anzeige von Angeboten in Ihrer spezifischen W\u00e4hrung und Region).<\/li>\n<\/ul>\n\n\n\n<h2 class=\"wp-block-heading\">Wie geben wir diese Informationen weiter?<\/h2>\n\n\n\n<p>Einige Informationen k\u00f6nnen mit anderen Benutzern oder Unternehmen geteilt werden. Dies geschieht alles \u00fcber die Dienste und Plattformen, auf denen wir das Spiel vertreiben. Dies dient lediglich der Erleichterung von In-Game-Vorg\u00e4ngen, f\u00fcr die wir unten Beispiele aufgef\u00fchrt haben. Diese Informationen werden zu keinem Zeitpunkt \u00fcber unsere eigenen Server \u00fcbertragen, noch speichern oder sammeln wir sie selbst irgendwo.<\/p>\n\n\n\n<ul class=\"wp-block-list\">\n<li>Mit anderen Benutzern (zum Beispiel, um das Gameplay zu erleichtern, etwa das Erstellen und Beitreten zu Multiplayer-Sitzungen).<\/li>\n\n\n\n<li>Mit Konsolen- und Plattformpartnern (zum Beispiel, um das Gameplay zu erleichtern, wenn Sie \u00fcber eine plattformspezifische Anmeldung auf Dienste zugreifen).<\/li>\n\n\n\n<li>\u00d6ffentlich (zum Beispiel sind Ihr Anzeigename, grundlegende Spielstatistiken wie Bestenlistenergebnisse und andere \u00e4hnliche Informationen im Allgemeinen f\u00fcr andere zug\u00e4nglich).<\/li>\n<\/ul>\n\n\n\n<h2 class=\"wp-block-heading\">Was ist mit Marketing?<\/h2>\n\n\n\n<p>Wir bieten keine direkte Kommunikation mit Benutzern an, zum Beispiel \u00fcber einen Newsletter, daher werden wir Sie zu keinem Zeitpunkt nach Ihrer E-Mail-Adresse oder anderen Kontaktm\u00f6glichkeiten fragen. Alle Neuigkeiten oder Marketingaktivit\u00e4ten in Bezug auf unsere Spiele werden \u00fcber Social-Media-Plattformen und die Spiele-Stores selbst ver\u00f6ffentlicht.<\/p>\n\n\n\n<p>Wie oben beschrieben, erfassen oder speichern wir keine personenbezogenen Daten. Das bedeutet, dass wir Ihre Daten nicht an Dritte verkaufen oder im Rahmen von Marketingaktivit\u00e4ten verwenden.<\/p>\n\n\n\n<p>Um den \u00dcberblick dar\u00fcber zu behalten, wie gut unser Spiel l\u00e4uft, verlassen wir uns auf aggregierte Daten, je nachdem, was jeder Store zul\u00e4sst, wie zum Beispiel, wie viel Prozent der Spieler einen bestimmten Erfolg freigeschaltet haben. Dies sind keine personenbezogenen Daten und enthalten nur Gesamtzahlen aus der gesamten Spielerbasis.<\/p>\n\n\n\n<h2 class=\"wp-block-heading\">Wie gehen wir mit der Privatsph\u00e4re von Kindern um?<\/h2>\n\n\n\n<p>Auf den Plattformen, auf denen wir unsere Spiele vertreiben, ist die Erstellung von Konten durch Personen unter 13 Jahren nicht gestattet. Wir speichern keine Informationen von Personen jeglicher Altersgruppe, und dies gilt auch f\u00fcr Kinder.<\/p>\n\n\n\n<p>Obwohl unsere Spiele m\u00f6glicherweise Altersfreigaben f\u00fcr Personen unter 13 Jahren aufweisen, richten sie sich nicht an Kinder und werden auch nicht f\u00fcr sie vermarktet.<\/p>\n\n\n\n<h2 class=\"wp-block-heading\">Zus\u00e4tzliche Hinweise und Aktualisierungen<\/h2>\n\n\n\n<p>Unsere Spiele und die zugeh\u00f6rigen Websites, auf denen sie verkauft werden, k\u00f6nnen Links zu anderen Websites enthalten. Wir sind nicht f\u00fcr die Datenschutzpraktiken oder den Inhalt solcher Websites verantwortlich.<\/p>\n\n\n\n<p>Vetron wird diese Datenschutzrichtlinie gelegentlich aktualisieren. Wenn wir dies tun, \u00e4ndern wir das oben in der Richtlinie angegebene Datum. Bitte lesen Sie diese Richtlinie regelm\u00e4\u00dfig durch, um sicherzustellen, dass Sie Ihre Beziehung zu Vetron und die Art und Weise verstehen, wie wir mit Ihren Informationen umgehen.<\/p>\n\n\n\n<h2 class=\"wp-block-heading\">Kontaktieren Sie uns<\/h2>\n\n\n\n<p>Bei Fragen k\u00f6nnen Sie uns direkt unter <a href=\"mailto:support@vetron.net\">support@vetron.net<\/a> kontaktieren.<\/p>\n\n\n\n<div class=\"wp-block-group alignfull\" style=\"padding-top:var(--wp--preset--spacing--40);padding-right:var(--wp--preset--spacing--30);padding-bottom:var(--wp--preset--spacing--40);padding-left:var(--wp--preset--spacing--30)\"><div class=\"wp-block-group__inner-container is-layout-constrained wp-container-core-group-is-layout-a93d0d1d wp-block-group-is-layout-constrained\"><\/div><\/div>\n","protected":false},"excerpt":{"rendered":"<p>Vetron hat seinen Sitz im Vereinigten K\u00f6nigreich. Wir haben Vertriebs- und Servicepartner in verschiedenen L\u00e4ndern auf der ganzen Welt. Diese Datenschutzrichtlinie beschreibt die verschiedenen M\u00f6glichkeiten, wie wir (nicht) Informationen \u00fcber, durch oder in Verbindung mit<span class=\"more-button\"><a href=\"https:\/\/www.vetron.net\/de\/privacy\/\" class=\"more-link\">Continue reading<span class=\"screen-reader-text\">Privatsph\u00e4re<\/span><i class=\"fa fa-angle-right\" aria-hidden=\"true\"><\/i><\/a><\/span><\/p>\n","protected":false},"author":1,"featured_media":0,"parent":0,"menu_order":0,"comment_status":"closed","ping_status":"closed","template":"","meta":{"footnotes":""},"class_list":["post-7682","page","type-page","status-publish","hentry"],"_links":{"self":[{"href":"https:\/\/www.vetron.net\/de\/wp-json\/wp\/v2\/pages\/7682","targetHints":{"allow":["GET"]}}],"collection":[{"href":"https:\/\/www.vetron.net\/de\/wp-json\/wp\/v2\/pages"}],"about":[{"href":"https:\/\/www.vetron.net\/de\/wp-json\/wp\/v2\/types\/page"}],"author":[{"embeddable":true,"href":"https:\/\/www.vetron.net\/de\/wp-json\/wp\/v2\/users\/1"}],"replies":[{"embeddable":true,"href":"https:\/\/www.vetron.net\/de\/wp-json\/wp\/v2\/comments?post=7682"}],"version-history":[{"count":10,"href":"https:\/\/www.vetron.net\/de\/wp-json\/wp\/v2\/pages\/7682\/revisions"}],"predecessor-version":[{"id":8574,"href":"https:\/\/www.vetron.net\/de\/wp-json\/wp\/v2\/pages\/7682\/revisions\/8574"}],"wp:attachment":[{"href":"https:\/\/www.vetron.net\/de\/wp-json\/wp\/v2\/media?parent=7682"}],"curies":[{"name":"wp","href":"https:\/\/api.w.org\/{rel}","templated":true}]}}