{"id":7198,"date":"2022-12-28T18:54:55","date_gmt":"2022-12-28T18:54:55","guid":{"rendered":"https:\/\/www.vetron.net\/?page_id=7198"},"modified":"2025-11-03T22:19:50","modified_gmt":"2025-11-03T22:19:50","slug":"golfinginaether","status":"publish","type":"page","link":"https:\/\/www.vetron.net\/de\/golfinginaether\/","title":{"rendered":"Golfing in Aether (2022)"},"content":{"rendered":"\n<figure class=\"wp-block-image size-full\"><img loading=\"lazy\" decoding=\"async\" width=\"2560\" height=\"1440\" src=\"https:\/\/www.vetron.net\/wp-content\/uploads\/2023\/09\/HighresScreenshot00102-scaled-1.jpg\" alt=\"\" class=\"wp-image-7716\" style=\"object-fit:cover\"\/><\/figure>\n\n\n\n<div class=\"wp-block-group is-vertical is-layout-flex wp-container-core-group-is-layout-8cad6afd wp-block-group-is-layout-flex\">\n<p>Golfing in Aether ist ein Multiplayer-Minigolfspiel, das bis zu 16 Spieler online oder 4 Spieler \u00fcber geteilten Bildschirm unterst\u00fctzt. Eines seiner bemerkenswerten Gameplay-Features ist sein zuf\u00e4lliges Kurslayout, das Ihnen bei jedem Spiel etwas anderes bietet.<\/p>\n<\/div>\n\n\n\n<p><\/p>\n\n\n\n<ul class=\"wp-block-list\">\n<li><strong>Entwickler<\/strong>: Vetron<\/li>\n\n\n\n<li><strong>Ver\u00f6ffentlichungsdatum<\/strong>: 23. September 2022<\/li>\n\n\n\n<li><strong>Plattformen<\/strong>: Steam (Windows, Linux, macOS), Xbox (Windows Store, Xbox One, Xbox Series), PlayStation 5, Nintendo Switch.<\/li>\n\n\n\n<li><strong>Preis<\/strong>: 9,99 USD<\/li>\n\n\n\n<li><strong>Verf\u00fcgbarkeit<\/strong>: Digitaler Download<\/li>\n\n\n\n<li><strong>Sprachen<\/strong>: Englisch, Japanisch, Franz\u00f6sisch, Deutsch, Spanisch, Portugiesisch, Italienisch, T\u00fcrkisch<\/li>\n\n\n\n<li><strong>Pressekontakt<\/strong>: press@vetron.net<\/li>\n\n\n\n<li><strong>Website<\/strong>: www.vetron.net\/golfinginaether<\/li>\n\n\n\n<li><strong>Zug\u00e4nglichkeit<\/strong>: www.vetron.net\/golfinginaether\/accessibility<\/li>\n<\/ul>\n\n\n\n<h2 class=\"wp-block-heading\">Wie kam es zur Entstehung von Golfing in Aether?<\/h2>\n\n\n\n<div class=\"wp-block-group is-vertical is-layout-flex wp-container-core-group-is-layout-8cf370e7 wp-block-group-is-layout-flex\">\n<div class=\"wp-block-jetpack-layout-grid column1-desktop-grid__span-6 column1-desktop-grid__row-1 column2-desktop-grid__span-6 column2-desktop-grid__start-7 column2-desktop-grid__row-1 column1-tablet-grid__span-4 column1-tablet-grid__row-1 column2-tablet-grid__span-4 column2-tablet-grid__start-5 column2-tablet-grid__row-1 column1-mobile-grid__span-4 column1-mobile-grid__row-1 column2-mobile-grid__span-4 column2-mobile-grid__row-2 wp-block-jetpack-layout-gutter__nowrap\">\n<div class=\"wp-block-jetpack-layout-grid-column wp-block-jetpack-layout-grid__padding-none\">\n<p>Urspr\u00fcnglich wurde das Spiel entwickelt, um eine L\u00fccke in der Zug\u00e4nglichkeit bei PC-orientierten Minigolftiteln zu schlie\u00dfen. Insbesondere, wenn es um lokales Spielen und die M\u00f6glichkeit geht, Optionen f\u00fcr jeden einzelnen Spieler festzulegen.<\/p>\n\n\n\n<p>Das ist ein echtes Problem, wenn man bedenkt, dass es in den meisten Familien- oder Freundeskreisen immer jemanden geben wird, der zumindest seine Kamerasteuerung umkehren m\u00f6chte.<\/p>\n<\/div>\n\n\n\n<div class=\"wp-block-jetpack-layout-grid-column wp-block-jetpack-layout-grid__padding-none\">\n<figure class=\"wp-block-image size-full\"><img loading=\"lazy\" decoding=\"async\" width=\"1920\" height=\"1080\" src=\"https:\/\/www.vetron.net\/wp-content\/uploads\/2023\/09\/Screenshot05.jpg\" alt=\"\" class=\"wp-image-7700\"\/><\/figure>\n<\/div>\n<\/div>\n\n\n\n<p>Golfing in Aether l\u00f6st dieses Problem, indem es jedem lokalen Spieler ein individuelles Profil zur Verf\u00fcgung stellt. Damit k\u00f6nnen Sie alles speichern, vom Namen und der Anpassung des Spielers bis hin zu Controller-Neuzuordnungen oder allgemeinen Zug\u00e4nglichkeitsoptionen. Dank der vollst\u00e4ndigen Gamepad-Unterst\u00fctzung und der integrierten Bildschirmtastaturfunktion ist dies auch ein schneller und einfacher Vorgang.<\/p>\n\n\n\n<figure class=\"wp-block-image size-full\"><img loading=\"lazy\" decoding=\"async\" width=\"2560\" height=\"1440\" src=\"https:\/\/www.vetron.net\/wp-content\/uploads\/2023\/09\/HighresScreenshot00099-scaled-1.jpg\" alt=\"\" class=\"wp-image-7719\"\/><figcaption class=\"wp-element-caption\">Randomized floating islands<\/figcaption><\/figure>\n\n\n\n<p>Das Thema der schwebenden Inseln im Spiel war eine Reaktion auf die Tatsache, dass einige Spieler durch die dichte Anordnung der Standardkurse verwirrt waren. Wir dachten auch, dass die w\u00e4hrend jeder Spielsitzung vorhandenen Inseln zuf\u00e4llig ausgew\u00e4hlt werden k\u00f6nnten, um so einen h\u00f6heren Wiederspielwert zu erzielen.<\/p>\n\n\n\n<p>Ein zweiter funktionaler Vorteil dieser schwebenden Inseln besteht darin, dass Spieler, die das Spiel auf Hardware der unteren Preisklasse ausf\u00fchren, die Darstellung anderer Inseln vollst\u00e4ndig deaktivieren k\u00f6nnen. Dies tr\u00e4gt dazu bei, dass die Mindestanforderungen des Spiels sehr niedrig sind.<\/p>\n<\/div>\n\n\n\n<h2 class=\"wp-block-heading\">Wo kann ich Golfing in Aether spielen?<\/h2>\n\n\n\n<div class=\"wp-block-group is-vertical is-layout-flex wp-container-core-group-is-layout-8cad6afd wp-block-group-is-layout-flex\">\n<p>The game is currently available via the following stores:<\/p>\n<\/div>\n\n\n\n<div class=\"wp-block-buttons is-layout-flex wp-block-buttons-is-layout-flex\">\n<div class=\"wp-block-button\"><a class=\"wp-block-button__link wp-element-button\" href=\"https:\/\/store.steampowered.com\/curator\/42220835\" target=\"_blank\" rel=\"noreferrer noopener\">Steam Store<\/a><\/div>\n\n\n\n<div class=\"wp-block-button\"><a class=\"wp-block-button__link wp-element-button\" href=\"https:\/\/www.nintendo.com\/us\/store\/products\/golfing-in-aether-switch\/\">Nintendo Store<\/a><\/div>\n<\/div>\n\n\n\n<h2 class=\"wp-block-heading\">Spieltrailer<\/h2>\n\n\n\n<figure class=\"wp-block-embed is-type-video is-provider-youtube wp-block-embed-youtube wp-embed-aspect-16-9 wp-has-aspect-ratio\"><div class=\"wp-block-embed__wrapper\">\n<iframe loading=\"lazy\" title=\"Golfing in Aether - Release Trailer\" width=\"940\" height=\"529\" src=\"https:\/\/www.youtube.com\/embed\/dwKrk7c2TVQ?feature=oembed\" frameborder=\"0\" allow=\"accelerometer; autoplay; clipboard-write; encrypted-media; gyroscope; picture-in-picture; web-share\" referrerpolicy=\"strict-origin-when-cross-origin\" allowfullscreen><\/iframe>\n<\/div><\/figure>\n\n\n\n<div class=\"wp-block-group is-vertical is-layout-flex wp-container-core-group-is-layout-8cad6afd wp-block-group-is-layout-flex\">\n<p>Oben sehen Sie unseren Release-Trailer, der das Gameplay aus vier verschiedenen Spielerperspektiven zeigt. Sie k\u00f6nnen diesen Trailer zusammen mit allen Screenshots \u00fcber den untenstehenden Button herunterladen.<\/p>\n<\/div>\n\n\n\n<p><\/p>\n\n\n\n<div class=\"wp-block-group is-vertical is-layout-flex wp-container-core-group-is-layout-8cad6afd wp-block-group-is-layout-flex\">\n<div class=\"wp-block-buttons is-layout-flex wp-block-buttons-is-layout-flex\">\n<div class=\"wp-block-button\"><a class=\"wp-block-button__link wp-element-button\" href=\"https:\/\/www.dropbox.com\/scl\/fi\/mcx02buesm3lpg7t0hey6\/GolfingInAetherMedia.zip?rlkey=ybzl8itf2xnv6byl7pk82tudc&#038;st=qd0jnc0z&#038;dl=0\" target=\"_blank\" rel=\"noreferrer noopener\">Medien herunterladen<\/a><\/div>\n<\/div>\n<\/div>\n\n\n\n<h2 class=\"wp-block-heading\">Wer sind wir?<\/h2>\n\n\n\n<div class=\"wp-block-group is-vertical is-layout-flex wp-container-core-group-is-layout-8cf370e7 wp-block-group-is-layout-flex\">\n<div class=\"wp-block-jetpack-layout-grid column1-desktop-grid__span-6 column1-desktop-grid__row-1 column2-desktop-grid__span-6 column2-desktop-grid__start-7 column2-desktop-grid__row-1 column1-tablet-grid__span-4 column1-tablet-grid__row-1 column2-tablet-grid__span-4 column2-tablet-grid__start-5 column2-tablet-grid__row-1 column1-mobile-grid__span-4 column1-mobile-grid__row-1 column2-mobile-grid__span-4 column2-mobile-grid__row-2 wp-block-jetpack-layout-gutter__nowrap\">\n<div class=\"wp-block-jetpack-layout-grid-column wp-block-jetpack-layout-grid__padding-none\">\n<p>Vetron begann 2013 als in Gro\u00dfbritannien ans\u00e4ssiger Asset-Entwickler und wurde auf der Grundlage mehrerer erfolgreicher Community-Mod-Projekte gegr\u00fcndet.<\/p>\n\n\n\n<p>In diesen fr\u00fchen Jahren konnten wir wertvolle F\u00e4higkeiten und Erfahrungen sammeln, die uns den \u00dcbergang zur Entwicklung von Videospielen erm\u00f6glichten.<\/p>\n<\/div>\n\n\n\n<div class=\"wp-block-jetpack-layout-grid-column wp-block-jetpack-layout-grid__padding-none\"><div class=\"wp-block-image\">\n<figure class=\"aligncenter size-full is-resized\"><img loading=\"lazy\" decoding=\"async\" width=\"300\" height=\"300\" src=\"https:\/\/www.vetron.net\/wp-content\/uploads\/2023\/09\/VetronLogoXLbackground-e1672326575398-300x300-1.png\" alt=\"\" class=\"wp-image-7709\" style=\"width:300px;height:300px\"\/><figcaption class=\"wp-element-caption\">Vetron Logo<\/figcaption><\/figure>\n<\/div><\/div>\n<\/div>\n\n\n\n<p>Unser erstes Spiel, Capsa, entstand in Zusammenarbeit mit dem kanadischen Entwickler db.works und wurde 2017 ver\u00f6ffentlicht. Capsa ist ein Open-World-Erkundungsspiel mit einer starken sozialen Komponente. Aufgrund der Art des Titels, der client-\/serverbasiert war, konnten wir viel Erfahrung mit der Arbeit mit Multiplayer-Funktionen und der Integration von Online-Diensten sammeln.<\/p>\n\n\n\n<p>Wir setzten den Trend fort, uns auf Multiplayer-Titel zu konzentrieren, und ver\u00f6ffentlichten 2022 als unabh\u00e4ngiges Studio unser zweites Spiel, Golfing in Aether.<\/p>\n\n\n\n<p>Wir \u2764\ufe0f sind kreativ und haben eine Leidenschaft f\u00fcr die Entwicklung von Spielen, die durch umfassende Multiplayer-Integration zusammen mit Familie und Freunden gespielt werden k\u00f6nnen.<\/p>\n<\/div>\n","protected":false},"excerpt":{"rendered":"<p>Golfing in Aether ist ein Multiplayer-Minigolfspiel, das bis zu 16 Spieler online oder 4 Spieler \u00fcber geteilten Bildschirm unterst\u00fctzt. Eines seiner bemerkenswerten Gameplay-Features ist sein zuf\u00e4lliges Kurslayout, das Ihnen bei jedem Spiel etwas anderes bietet.<span class=\"more-button\"><a href=\"https:\/\/www.vetron.net\/de\/golfinginaether\/\" class=\"more-link\">Continue reading<span class=\"screen-reader-text\">Golfing in Aether (2022)<\/span><i class=\"fa fa-angle-right\" aria-hidden=\"true\"><\/i><\/a><\/span><\/p>\n","protected":false},"author":1,"featured_media":0,"parent":0,"menu_order":0,"comment_status":"closed","ping_status":"closed","template":"","meta":{"footnotes":""},"class_list":["post-7198","page","type-page","status-publish","hentry"],"_links":{"self":[{"href":"https:\/\/www.vetron.net\/de\/wp-json\/wp\/v2\/pages\/7198","targetHints":{"allow":["GET"]}}],"collection":[{"href":"https:\/\/www.vetron.net\/de\/wp-json\/wp\/v2\/pages"}],"about":[{"href":"https:\/\/www.vetron.net\/de\/wp-json\/wp\/v2\/types\/page"}],"author":[{"embeddable":true,"href":"https:\/\/www.vetron.net\/de\/wp-json\/wp\/v2\/users\/1"}],"replies":[{"embeddable":true,"href":"https:\/\/www.vetron.net\/de\/wp-json\/wp\/v2\/comments?post=7198"}],"version-history":[{"count":52,"href":"https:\/\/www.vetron.net\/de\/wp-json\/wp\/v2\/pages\/7198\/revisions"}],"predecessor-version":[{"id":8541,"href":"https:\/\/www.vetron.net\/de\/wp-json\/wp\/v2\/pages\/7198\/revisions\/8541"}],"wp:attachment":[{"href":"https:\/\/www.vetron.net\/de\/wp-json\/wp\/v2\/media?parent=7198"}],"curies":[{"name":"wp","href":"https:\/\/api.w.org\/{rel}","templated":true}]}}