{"id":7176,"date":"2022-12-28T17:19:04","date_gmt":"2022-12-28T17:19:04","guid":{"rendered":"https:\/\/www.vetron.net\/?page_id=7176"},"modified":"2025-11-04T12:07:13","modified_gmt":"2025-11-04T12:07:13","slug":"contact","status":"publish","type":"page","link":"https:\/\/www.vetron.net\/de\/contact\/","title":{"rendered":"Kontakt"},"content":{"rendered":"\n<h2 class=\"wp-block-heading\">Allgemeines \/ Support<\/h2>\n\n\n\n<p>Wenn Sie Support zu einem unserer Spiele ben\u00f6tigen, pr\u00fcfen Sie bitte zun\u00e4chst die entsprechenden Methoden, die in dem Store bereitgestellt werden, in dem Sie das Spiel gekauft haben. Wenn Sie dennoch Hilfe ben\u00f6tigen, k\u00f6nnen Sie uns direkt unter <a href=\"mailto:support@vetron.net\">support@vetron.net<\/a> kontaktieren.<\/p>\n\n\n\n<h2 class=\"wp-block-heading\">Presse<\/h2>\n\n\n\n<p>F\u00fcr Presseanfragen wenden Sie sich bitte an <a href=\"mailto:press@vetron.net\">press@vetron.net<\/a>.<\/p>\n\n\n\n<h2 class=\"wp-block-heading\">Wer sind wir?<\/h2>\n\n\n\n<div class=\"wp-block-group is-vertical is-layout-flex wp-container-core-group-is-layout-8cf370e7 wp-block-group-is-layout-flex\">\n<div class=\"wp-block-jetpack-layout-grid column1-desktop-grid__span-6 column1-desktop-grid__row-1 column2-desktop-grid__span-6 column2-desktop-grid__start-7 column2-desktop-grid__row-1 column1-tablet-grid__span-4 column1-tablet-grid__row-1 column2-tablet-grid__span-4 column2-tablet-grid__start-5 column2-tablet-grid__row-1 column1-mobile-grid__span-4 column1-mobile-grid__row-1 column2-mobile-grid__span-4 column2-mobile-grid__row-2 wp-block-jetpack-layout-gutter__nowrap\">\n<div class=\"wp-block-jetpack-layout-grid-column wp-block-jetpack-layout-grid__padding-none\">\n<p>Vetron begann 2013 als in Gro\u00dfbritannien ans\u00e4ssiger Asset-Entwickler und wurde auf der Grundlage mehrerer erfolgreicher Community-Mod-Projekte gegr\u00fcndet.<\/p>\n\n\n\n<p>In diesen fr\u00fchen Jahren konnten wir wertvolle F\u00e4higkeiten und Erfahrungen sammeln, die uns den \u00dcbergang zur Entwicklung von Videospielen erm\u00f6glichten.<\/p>\n<\/div>\n\n\n\n<div class=\"wp-block-jetpack-layout-grid-column wp-block-jetpack-layout-grid__padding-none\"><div class=\"wp-block-image\">\n<figure class=\"aligncenter size-full is-resized\"><img loading=\"lazy\" decoding=\"async\" width=\"300\" height=\"300\" src=\"https:\/\/www.vetron.net\/wp-content\/uploads\/2023\/09\/VetronLogoXLbackground-e1672326575398-300x300-1.png\" alt=\"\" class=\"wp-image-7709\" style=\"width:300px;height:300px\"\/><figcaption class=\"wp-element-caption\">Vetron Logo<\/figcaption><\/figure>\n<\/div><\/div>\n<\/div>\n\n\n\n<p>Unser erstes Spiel, Capsa, entstand in Zusammenarbeit mit dem kanadischen Entwickler db.works und wurde 2017 ver\u00f6ffentlicht. Capsa ist ein Open-World-Erkundungsspiel mit einer starken sozialen Komponente. Aufgrund der Art des Titels, der client-\/serverbasiert war, konnten wir viel Erfahrung mit der Arbeit mit Multiplayer-Funktionen und der Integration von Online-Diensten sammeln.<\/p>\n\n\n\n<p>Wir setzten den Trend fort, uns auf Multiplayer-Titel zu konzentrieren, und ver\u00f6ffentlichten 2022 als unabh\u00e4ngiges Studio unser zweites Spiel, Golfing in Aether.<\/p>\n\n\n\n<p>Wir \u2764\ufe0f sind kreativ und haben eine Leidenschaft f\u00fcr die Entwicklung von Spielen, die durch umfassende Multiplayer-Integration zusammen mit Familie und Freunden gespielt werden k\u00f6nnen.<\/p>\n<\/div>\n","protected":false},"excerpt":{"rendered":"<p>Allgemeines \/ Support Wenn Sie Support zu einem unserer Spiele ben\u00f6tigen, pr\u00fcfen Sie bitte zun\u00e4chst die entsprechenden Methoden, die in dem Store bereitgestellt werden, in dem Sie das Spiel gekauft haben. Wenn Sie dennoch Hilfe<span class=\"more-button\"><a href=\"https:\/\/www.vetron.net\/de\/contact\/\" class=\"more-link\">Continue reading<span class=\"screen-reader-text\">Kontakt<\/span><i class=\"fa fa-angle-right\" aria-hidden=\"true\"><\/i><\/a><\/span><\/p>\n","protected":false},"author":1,"featured_media":0,"parent":0,"menu_order":0,"comment_status":"closed","ping_status":"closed","template":"","meta":{"footnotes":""},"class_list":["post-7176","page","type-page","status-publish","hentry"],"_links":{"self":[{"href":"https:\/\/www.vetron.net\/de\/wp-json\/wp\/v2\/pages\/7176","targetHints":{"allow":["GET"]}}],"collection":[{"href":"https:\/\/www.vetron.net\/de\/wp-json\/wp\/v2\/pages"}],"about":[{"href":"https:\/\/www.vetron.net\/de\/wp-json\/wp\/v2\/types\/page"}],"author":[{"embeddable":true,"href":"https:\/\/www.vetron.net\/de\/wp-json\/wp\/v2\/users\/1"}],"replies":[{"embeddable":true,"href":"https:\/\/www.vetron.net\/de\/wp-json\/wp\/v2\/comments?post=7176"}],"version-history":[{"count":14,"href":"https:\/\/www.vetron.net\/de\/wp-json\/wp\/v2\/pages\/7176\/revisions"}],"predecessor-version":[{"id":8545,"href":"https:\/\/www.vetron.net\/de\/wp-json\/wp\/v2\/pages\/7176\/revisions\/8545"}],"wp:attachment":[{"href":"https:\/\/www.vetron.net\/de\/wp-json\/wp\/v2\/media?parent=7176"}],"curies":[{"name":"wp","href":"https:\/\/api.w.org\/{rel}","templated":true}]}}